{"id":1836,"date":"2022-05-13T20:27:04","date_gmt":"2022-05-13T18:27:04","guid":{"rendered":"https:\/\/kwintesencja.art\/?post_type=product&#038;p=1836"},"modified":"2023-05-23T15:26:15","modified_gmt":"2023-05-23T13:26:15","slug":"bezwladnie","status":"publish","type":"product","link":"https:\/\/kwintesencja.art\/pl\/product\/bezwladnie\/","title":{"rendered":"Bezw\u0142adnie"},"content":{"rendered":"<div class=\"woocommerce-product-details__short-description\">\n<div class=\"woocommerce-product-details__short-description\">\n<div class=\"woocommerce-product-details__short-description\">\n<div class=\"woocommerce-product-details__short-description\">\n<div class=\"woocommerce-product-details__short-description\">\n<div class=\"woocommerce-product-details__short-description\">\n<p><span style=\"color: #000000;\"><span style=\"font-family: Inconsolata, serif;\"><span style=\"font-size: medium;\">Jolanta Wi\u0119c\u0142aw (ur. 1976) <\/span><\/span><\/span><span style=\"color: #000000;\"><span style=\"font-family: Inconsolata, serif;\"><span style=\"font-size: medium;\">Absolwentka Uniwersytetu Pedagogicznego w Krakowie \/ Wydzia\u0142 Sztuki, kierunek: edukacja artystyczna w zakresie sztuk plastycznych.<br \/>\n<\/span><\/span><\/span><span style=\"color: #000000;\"><span style=\"font-family: Inconsolata, serif;\"><span style=\"font-size: medium;\">Dyplom z wyr\u00f3\u017cnieniem w pracowni malarstwa Romualda Oramusa (2015 r.). Zajmuje si\u0119 tworzeniem kola\u017cy analogowych oraz fotografi\u0105.<\/span><\/span><\/span><\/p>\n<\/div>\n<\/div>\n<\/div>\n<\/div>\n<\/div>\n<\/div>\n","protected":false},"excerpt":{"rendered":"<p>Tytu\u0142: Bezw\u0142adnie<br \/>\nAutor: Jolanta Wi\u0119c\u0142aw<br \/>\nRok: 2021<br \/>\nTechnika: kola\u017c analogowy<br \/>\nOprawa: tak<br \/>\nPodpis: odr\u0119czny na odwrocie + piecz\u0119\u0107<br \/>\nWymiary: 9 x 15 cm, z ram\u0105: 22 x 30,5 cm<br \/>\nStan zachowania: bardzo dobry<br \/>\nCertyfikat autentyczno\u015bci<\/p>\n","protected":false},"featured_media":1837,"template":"","meta":{"_monsterinsights_skip_tracking":false,"_monsterinsights_sitenote_active":false,"_monsterinsights_sitenote_note":"","_monsterinsights_sitenote_category":0,"_themeisle_gutenberg_block_has_review":false},"product_cat":[15],"product_tag":[129],"class_list":["post-1836","product","type-product","status-publish","has-post-thumbnail","hentry","product_cat-pozostale","product_tag-wieclaw-jolanta","product_shipping_class-rodzaj-wysylki-2"],"aioseo_notices":[],"_links":{"self":[{"href":"https:\/\/kwintesencja.art\/pl\/wp-json\/wp\/v2\/product\/1836","targetHints":{"allow":["GET"]}}],"collection":[{"href":"https:\/\/kwintesencja.art\/pl\/wp-json\/wp\/v2\/product"}],"about":[{"href":"https:\/\/kwintesencja.art\/pl\/wp-json\/wp\/v2\/types\/product"}],"wp:featuredmedia":[{"embeddable":true,"href":"https:\/\/kwintesencja.art\/pl\/wp-json\/wp\/v2\/media\/1837"}],"wp:attachment":[{"href":"https:\/\/kwintesencja.art\/pl\/wp-json\/wp\/v2\/media?parent=1836"}],"wp:term":[{"taxonomy":"product_cat","embeddable":true,"href":"https:\/\/kwintesencja.art\/pl\/wp-json\/wp\/v2\/product_cat?post=1836"},{"taxonomy":"product_tag","embeddable":true,"href":"https:\/\/kwintesencja.art\/pl\/wp-json\/wp\/v2\/product_tag?post=1836"}],"curies":[{"name":"wp","href":"https:\/\/api.w.org\/{rel}","templated":true}]}}