{"id":1802,"date":"2022-05-05T22:06:18","date_gmt":"2022-05-05T20:06:18","guid":{"rendered":"https:\/\/kwintesencja.art\/?post_type=product&#038;p=1802"},"modified":"2023-05-23T23:39:11","modified_gmt":"2023-05-23T21:39:11","slug":"the-swing","status":"publish","type":"product","link":"https:\/\/kwintesencja.art\/pl\/product\/the-swing\/","title":{"rendered":"The swing"},"content":{"rendered":"<p>S\u00e1ra Saudkov\u00e1 (1967) Modelka, mened\u017cerka i by\u0142a partnerka s\u0142ynnego fotografa &#8211; Jana Saudka. Na jej pocz\u0105tkow\u0105 prac\u0119 wp\u0142yn\u0119\u0142a tw\u00f3rczo\u015b\u0107 Jana Saudka, kt\u00f3rego \u2013 jak m\u00f3wi \u2013 nauczy\u0142a si\u0119, bo lepszej szko\u0142y nie ma. Stopniowo odnalaz\u0142a sw\u00f3j w\u0142asny, bardzo charakterystyczny styl. Fotografuje g\u0142\u00f3wnie akty. Po\u015bwi\u0119ca si\u0119 wy\u0142\u0105cznie swobodnej kreacji &#8211; inscenizowanymi fotografiami dokumentuj\u0105c relacje mi\u0119dzy m\u0119\u017cczyzn\u0105 i kobiet\u0105.<\/p>\n","protected":false},"excerpt":{"rendered":"<p>Tytu\u0142: The swing (Houpacka)<br \/>\nAutor: Sara Saudkova<br \/>\nRok: nieznany<br \/>\nTechnika: fotografia, odbitka \u017celatynowo-srebrowa<br \/>\nOprawa: nie<br \/>\nWymiary: 30 x 40 cm<br \/>\nPodpis: Sygn. p.d.: Sara Saudkowa, l.d. 10\/15. Edycja limitowana: 10\/15 Dziesi\u0105ta odbitka z pi\u0119tnastu.<br \/>\nStan zachowania: bardzo dobry<br \/>\nCertyfikat autentyczno\u015bci<\/p>\n","protected":false},"featured_media":3460,"template":"","meta":{"_monsterinsights_skip_tracking":false,"_monsterinsights_sitenote_active":false,"_monsterinsights_sitenote_note":"","_monsterinsights_sitenote_category":0,"_themeisle_gutenberg_block_has_review":false},"product_cat":[15],"product_tag":[125],"class_list":["post-1802","product","type-product","status-publish","has-post-thumbnail","hentry","product_cat-pozostale","product_tag-saudkova-sara","product_shipping_class-rodzaj-wysylki-1"],"aioseo_notices":[],"_links":{"self":[{"href":"https:\/\/kwintesencja.art\/pl\/wp-json\/wp\/v2\/product\/1802","targetHints":{"allow":["GET"]}}],"collection":[{"href":"https:\/\/kwintesencja.art\/pl\/wp-json\/wp\/v2\/product"}],"about":[{"href":"https:\/\/kwintesencja.art\/pl\/wp-json\/wp\/v2\/types\/product"}],"wp:featuredmedia":[{"embeddable":true,"href":"https:\/\/kwintesencja.art\/pl\/wp-json\/wp\/v2\/media\/3460"}],"wp:attachment":[{"href":"https:\/\/kwintesencja.art\/pl\/wp-json\/wp\/v2\/media?parent=1802"}],"wp:term":[{"taxonomy":"product_cat","embeddable":true,"href":"https:\/\/kwintesencja.art\/pl\/wp-json\/wp\/v2\/product_cat?post=1802"},{"taxonomy":"product_tag","embeddable":true,"href":"https:\/\/kwintesencja.art\/pl\/wp-json\/wp\/v2\/product_tag?post=1802"}],"curies":[{"name":"wp","href":"https:\/\/api.w.org\/{rel}","templated":true}]}}