{"id":1771,"date":"2022-05-05T21:23:21","date_gmt":"2022-05-05T19:23:21","guid":{"rendered":"https:\/\/kwintesencja.art\/?post_type=product&#038;p=1771"},"modified":"2022-06-09T11:51:31","modified_gmt":"2022-06-09T09:51:31","slug":"the-gurl","status":"publish","type":"product","link":"https:\/\/kwintesencja.art\/pl\/product\/the-gurl\/","title":{"rendered":"The Gurl"},"content":{"rendered":"<p>Jan Saudek (1935) &#8211; jeden z najbardziej rozpoznawalnych czeskich fotograf\u00f3w, prezentowa\u0142 swoje prace m. in. w paryskim Centre Georges Pompidou i Metropolitan Museum of Art w Nowym Jorku. Fotografie jego autorstwa s\u0105 cz\u0119\u015bci\u0105 najwa\u017cniejszych kolekcji w Europie, Azji czy Stanach Zjednoczonych.<\/p>\n<p><a href=\"https:\/\/youtu.be\/eMcqoiUBLVI\" target=\"_blank\" rel=\"noopener\">Jan Saudek &#8211; re\u017c Jerome de Missolz (polskie napisy) &#8211; film z 1990 roku prezentuj\u0105cy warsztat artysty i miejsce w kt\u00f3rym tworzy\u0142 swoje fotografie<\/a><\/p>\n","protected":false},"excerpt":{"rendered":"<p>Tytu\u0142: The Gurl<br \/>\nAutor: Jan Saudek<br \/>\nRok: 1991<br \/>\nTechnika: fotografia, odbitka \u017celatynowo-srebrowa<br \/>\nOprawa: nie<br \/>\nWymiary: 30x40cm<br \/>\nPodpis: sygn. p.d.: JAN SAUDEK; u do\u0142u r\u0119cznie: #10\/2 (VINTAGE), Print Finished Last Day of July, 1891 (Saudek antydatowa\u0142 swoje prace o 100 lat)<br \/>\nStan zachowania: bardzo dobry<br \/>\nCertyfikat autentyczno\u015bci<\/p>\n","protected":false},"featured_media":1776,"template":"","meta":{"_monsterinsights_skip_tracking":false,"_monsterinsights_sitenote_active":false,"_monsterinsights_sitenote_note":"","_monsterinsights_sitenote_category":0,"_themeisle_gutenberg_block_has_review":false},"product_cat":[15],"product_tag":[124],"class_list":["post-1771","product","type-product","status-publish","has-post-thumbnail","hentry","product_cat-pozostale","product_tag-saudek-jan","product_shipping_class-rodzaj-wysylki-1"],"aioseo_notices":[],"_links":{"self":[{"href":"https:\/\/kwintesencja.art\/pl\/wp-json\/wp\/v2\/product\/1771","targetHints":{"allow":["GET"]}}],"collection":[{"href":"https:\/\/kwintesencja.art\/pl\/wp-json\/wp\/v2\/product"}],"about":[{"href":"https:\/\/kwintesencja.art\/pl\/wp-json\/wp\/v2\/types\/product"}],"wp:featuredmedia":[{"embeddable":true,"href":"https:\/\/kwintesencja.art\/pl\/wp-json\/wp\/v2\/media\/1776"}],"wp:attachment":[{"href":"https:\/\/kwintesencja.art\/pl\/wp-json\/wp\/v2\/media?parent=1771"}],"wp:term":[{"taxonomy":"product_cat","embeddable":true,"href":"https:\/\/kwintesencja.art\/pl\/wp-json\/wp\/v2\/product_cat?post=1771"},{"taxonomy":"product_tag","embeddable":true,"href":"https:\/\/kwintesencja.art\/pl\/wp-json\/wp\/v2\/product_tag?post=1771"}],"curies":[{"name":"wp","href":"https:\/\/api.w.org\/{rel}","templated":true}]}}