{"id":1746,"date":"2022-05-04T22:21:03","date_gmt":"2022-05-04T20:21:03","guid":{"rendered":"https:\/\/kwintesencja.art\/?post_type=product&#038;p=1746"},"modified":"2023-10-04T22:26:31","modified_gmt":"2023-10-04T20:26:31","slug":"jeden","status":"publish","type":"product","link":"https:\/\/kwintesencja.art\/pl\/product\/jeden\/","title":{"rendered":"Jeden"},"content":{"rendered":"<p><b>Mieczys\u0142aw Wejman<\/b> &#8211; Studiowa\u0142 w ASP w Krakowie i Warszawie. Uprawia\u0142 grafik\u0119 warsztatow\u0105 i malarstwo. Cz\u0142onek grupy &#8220;9 Grafik\u00f3w&#8221;. Bra\u0142 udzia\u0142 w licznych wystawach, ma na swoim koncie 25 wystaw w r\u00f3\u017cnych miastach Europy. Przez wiele lat by\u0142 rektorem w ASP w Krakowie. Zdoby\u0142 wiele nagr\u00f3d m.in.: na IV Mi\u0119dzynarodowym Biennale Grafiki w Lublanie; Nagrod\u0119 Krytyki na wystawie &#8220;Wsp\u00f3\u0142czesna grafika polska&#8221; w Essen; nagrod\u0119 na I Mi\u0119dzynarodowym Biennale Grafiki w Krakowie; nagrod\u0119 na Mi\u0119dzynarodowym Biennale &#8220;Sport w sztuce&#8221; zorganizowanym w Madrycie. Jest laureatem Nagrody Ministra Kultury i Sztuki oraz Nagrody Pa\u0144stwowej.<\/p>\n","protected":false},"excerpt":{"rendered":"<p>Tytu\u0142: Jeden<br \/>\nAutor: Mieczys\u0142aw Wejman<br \/>\nRok: 1958<br \/>\nTechnika: Akwaforta, akwatinta<br \/>\nPodpis: odr\u0119czny, l.d. \u201eJeden&#8221;, p. d.: &#8216;Mieczys\u0142\u0105w Wejman, 1958.<br \/>\nNa odwrocie o\u0142\u00f3wkiem odr\u0119cznie (39) \u201eJEDEN&#8221; &#8211; akwaforta + akwatinta &#8211; 1958<br \/>\nMIECZYS\u0141AW WEJMAN &#8211; KRAK\u00d3W<br \/>\nOprawa: nie<br \/>\nWymiary: wym. arkusza: 38,2 x 27,3 cm, wym. odbitki 29,1 x 18,2 cm<br \/>\nStan zachowania: dobry, zaplamienie na g\u00f3rnym marginesie.<br \/>\nCertyfikat autentyczno\u015bci<\/p>\n","protected":false},"featured_media":1749,"template":"","meta":{"_monsterinsights_skip_tracking":false,"_monsterinsights_sitenote_active":false,"_monsterinsights_sitenote_note":"","_monsterinsights_sitenote_category":0,"_themeisle_gutenberg_block_has_review":false},"product_cat":[41],"product_tag":[123],"class_list":["post-1746","product","type-product","status-publish","has-post-thumbnail","hentry","product_cat-grafiki","product_tag-wejman-mieczyslaw","product_shipping_class-rodzaj-wysylki-1"],"aioseo_notices":[],"_links":{"self":[{"href":"https:\/\/kwintesencja.art\/pl\/wp-json\/wp\/v2\/product\/1746","targetHints":{"allow":["GET"]}}],"collection":[{"href":"https:\/\/kwintesencja.art\/pl\/wp-json\/wp\/v2\/product"}],"about":[{"href":"https:\/\/kwintesencja.art\/pl\/wp-json\/wp\/v2\/types\/product"}],"wp:featuredmedia":[{"embeddable":true,"href":"https:\/\/kwintesencja.art\/pl\/wp-json\/wp\/v2\/media\/1749"}],"wp:attachment":[{"href":"https:\/\/kwintesencja.art\/pl\/wp-json\/wp\/v2\/media?parent=1746"}],"wp:term":[{"taxonomy":"product_cat","embeddable":true,"href":"https:\/\/kwintesencja.art\/pl\/wp-json\/wp\/v2\/product_cat?post=1746"},{"taxonomy":"product_tag","embeddable":true,"href":"https:\/\/kwintesencja.art\/pl\/wp-json\/wp\/v2\/product_tag?post=1746"}],"curies":[{"name":"wp","href":"https:\/\/api.w.org\/{rel}","templated":true}]}}