{"id":1642,"date":"2022-04-08T12:11:15","date_gmt":"2022-04-08T10:11:15","guid":{"rendered":"https:\/\/kwintesencja.art\/?post_type=product&#038;p=1642"},"modified":"2022-10-02T23:34:33","modified_gmt":"2022-10-02T21:34:33","slug":"gejsza-i-maiko-w-ogrodzie-piwonii","status":"publish","type":"product","link":"https:\/\/kwintesencja.art\/pl\/product\/gejsza-i-maiko-w-ogrodzie-piwonii\/","title":{"rendered":"Gejsza i maiko w ogrodzie piwonii"},"content":{"rendered":"<p>Kunisada Utagawa (jap. <span lang=\"ja-JP\">\u6b4c\u5ddd\u56fd\u8c9e<\/span> Utagawa Kunisada; ur. 1786 w Edo, zm. 13 stycznia 1865 tam\u017ce) \u2013 japo\u0144ski malarz tworz\u0105cy w stylu ukiyo-e.<\/p>\n<p>Ucze\u0144 Toyokuniego Utagawy. Tworzy\u0142 najcz\u0119\u015bciej r\u00f3\u017cnorodne portrety kobiece (bijinga), niekiedy o charakterze erotycznym (shunga), a tak\u017ce cechuj\u0105ce si\u0119 ekspresyjno\u015bci\u0105 uj\u0119cia wizerunki aktor\u00f3w teatru kabuki. Zajmowa\u0142 si\u0119 tak\u017ce ilustratorstwem ksi\u0105\u017ckowym, jego najwa\u017cniejszym dokonaniem na tym polu s\u0105 ilustracje do satyrycznej powie\u015bci Tanehiko Ry\u016bteia Nise murasaki inaka genji.<\/p>\n","protected":false},"excerpt":{"rendered":"<div class=\"woocommerce-product-details__short-description\">\n<p>Tytu\u0142: Gejsza i maiko w ogrodzie piwonii<br \/>\nRok: ok.1847<br \/>\nTechnika: Drzeworyt<br \/>\nOprawa: nie<br \/>\nPodpis: <span style=\"font-family: Lucida Sans Unicode;\">\u9999\u8776\u697c\u8c4a\u56fd\u753b <\/span>&#8216;K\u014dch\u014dr\u014d Toyokuni ga. Drzeworyt opatrzony jest piecz\u0119ci\u0105 kiwame (cenzury), po\u015bwiadczaj\u0105c\u0105 czas druku.<br \/>\nWydawc\u0105 jest <span style=\"font-family: Lucida Sans Unicode;\">\u8526\u5c4b\u91cd\u4e09\u90ce <\/span>Sutaya J\u016bzabur\u014d<br \/>\nWymiary: 24 cm x 36 cm<br \/>\nStan zachowania: bardzo dobry<br \/>\nKolory s\u0105\u00a0bardzo dobrze zachowane, nie\u00a0ma\u00a0prawie \u017cadnych wad.<br \/>\n\u015alady tarcia i\u00a0r\u0119cznego nacisku s\u0105\u00a0wyra\u017anie widoczne na\u00a0rewersie, tak\u00a0jak przy oryginalnym drzeworycie przysta\u0142o.<br \/>\nCertyfikat autentyczno\u015bci<\/p>\n<\/div>\n","protected":false},"featured_media":1646,"template":"","meta":{"_monsterinsights_skip_tracking":false,"_monsterinsights_sitenote_active":false,"_monsterinsights_sitenote_note":"","_monsterinsights_sitenote_category":0,"_themeisle_gutenberg_block_has_review":false},"product_cat":[41],"product_tag":[58],"class_list":["post-1642","product","type-product","status-publish","has-post-thumbnail","hentry","product_cat-grafiki","product_tag-utagawa-kunisada","product_shipping_class-rodzaj-wysylki-1"],"aioseo_notices":[],"_links":{"self":[{"href":"https:\/\/kwintesencja.art\/pl\/wp-json\/wp\/v2\/product\/1642","targetHints":{"allow":["GET"]}}],"collection":[{"href":"https:\/\/kwintesencja.art\/pl\/wp-json\/wp\/v2\/product"}],"about":[{"href":"https:\/\/kwintesencja.art\/pl\/wp-json\/wp\/v2\/types\/product"}],"wp:featuredmedia":[{"embeddable":true,"href":"https:\/\/kwintesencja.art\/pl\/wp-json\/wp\/v2\/media\/1646"}],"wp:attachment":[{"href":"https:\/\/kwintesencja.art\/pl\/wp-json\/wp\/v2\/media?parent=1642"}],"wp:term":[{"taxonomy":"product_cat","embeddable":true,"href":"https:\/\/kwintesencja.art\/pl\/wp-json\/wp\/v2\/product_cat?post=1642"},{"taxonomy":"product_tag","embeddable":true,"href":"https:\/\/kwintesencja.art\/pl\/wp-json\/wp\/v2\/product_tag?post=1642"}],"curies":[{"name":"wp","href":"https:\/\/api.w.org\/{rel}","templated":true}]}}