{"id":1638,"date":"2022-04-08T11:14:10","date_gmt":"2022-04-08T09:14:10","guid":{"rendered":"https:\/\/kwintesencja.art\/?post_type=product&#038;p=1638"},"modified":"2023-12-11T19:55:18","modified_gmt":"2023-12-11T18:55:18","slug":"synergia","status":"publish","type":"product","link":"https:\/\/kwintesencja.art\/pl\/product\/synergia\/","title":{"rendered":"Synergia"},"content":{"rendered":"<p>Anna \u015aliwi\u0144ska (ur.1967) uko\u0144czy\u0142a studia w Akademii Sztuk Pi\u0119knych w Krakowie. Dyplom w 1994 roku na Wydziale Malarstwa w Pracowni prof. Jerzego Nowosielskiego, r\u00f3wnorz\u0119dny dyplom w zakresie Tkaniny Artystycznej w Pracowni prof. Lilli Kulki i prof. Ryszarda Kwietnia, aneks dyplomowy w Pracowni Projektowania Ksi\u0105\u017cki i Typografii u prof. Romana Banaszewskiego. W 2012 roku doktorat w zakresie sztuk pi\u0119knych. Stypendium Ministra Kultury i Dziedzictwa Narodowego na rok 2000 i 2003. Stypendystka Miasta Tarnowa na rok 2015 i 2018. Nagroda Miasta Tarnowa za osi\u0105gni\u0119cia w dziedzinie tw\u00f3rczo\u015bci artystycznej w 2020. Obszary dzia\u0142alno\u015bci artystycznej: malarstwo, rysunek, tkanina unikatowa \u2013 sztuka w\u0142\u00f3kna i obiekt, sztuka ksi\u0105\u017cki (ksi\u0105\u017cka artystyczna, grafika ilustracyjna).<\/p>\n","protected":false},"excerpt":{"rendered":"<div class=\"woocommerce-product-details__short-description\">\n<p>Tytu\u0142: Synergia<\/p>\n<p>Autor: Anna \u015aliwi\u0144ska<\/p>\n<p>Rok: 2022<\/p>\n<p>Technika: suminagashi, papier preparowany, rysunek tuszem, szew maszynowy<\/p>\n<p>Oprawa: Nie<\/p>\n<p>Podpis: r\u0119czna sygnatura p.d. A\u015a\u201922<\/p>\n<p>Wymiary: 40\u00d734cm, w \u015bw p-p 22&#215;18,5cm<\/p>\n<p>Stan zachowania: bardzo dobry<\/p>\n<p>Certyfikat autentyczno\u015bci<\/p>\n<\/div>\n","protected":false},"featured_media":1678,"template":"","meta":{"_monsterinsights_skip_tracking":false,"_monsterinsights_sitenote_active":false,"_monsterinsights_sitenote_note":"","_monsterinsights_sitenote_category":0,"_themeisle_gutenberg_block_has_review":false},"product_cat":[39],"product_tag":[113],"class_list":["post-1638","product","type-product","status-publish","has-post-thumbnail","hentry","product_cat-obrazy","product_tag-sliwinska-anna","product_shipping_class-rodzaj-wysylki-1"],"aioseo_notices":[],"_links":{"self":[{"href":"https:\/\/kwintesencja.art\/pl\/wp-json\/wp\/v2\/product\/1638","targetHints":{"allow":["GET"]}}],"collection":[{"href":"https:\/\/kwintesencja.art\/pl\/wp-json\/wp\/v2\/product"}],"about":[{"href":"https:\/\/kwintesencja.art\/pl\/wp-json\/wp\/v2\/types\/product"}],"wp:featuredmedia":[{"embeddable":true,"href":"https:\/\/kwintesencja.art\/pl\/wp-json\/wp\/v2\/media\/1678"}],"wp:attachment":[{"href":"https:\/\/kwintesencja.art\/pl\/wp-json\/wp\/v2\/media?parent=1638"}],"wp:term":[{"taxonomy":"product_cat","embeddable":true,"href":"https:\/\/kwintesencja.art\/pl\/wp-json\/wp\/v2\/product_cat?post=1638"},{"taxonomy":"product_tag","embeddable":true,"href":"https:\/\/kwintesencja.art\/pl\/wp-json\/wp\/v2\/product_tag?post=1638"}],"curies":[{"name":"wp","href":"https:\/\/api.w.org\/{rel}","templated":true}]}}