{"id":1429,"date":"2022-03-19T17:30:51","date_gmt":"2022-03-19T16:30:51","guid":{"rendered":"https:\/\/kwintesencja.art\/?post_type=product&#038;p=1429"},"modified":"2023-03-20T09:29:04","modified_gmt":"2023-03-20T08:29:04","slug":"swieta-teresa-z-avila","status":"publish","type":"product","link":"https:\/\/kwintesencja.art\/pl\/product\/swieta-teresa-z-avila\/","title":{"rendered":"\u015awi\u0119ta Teresa z Avila"},"content":{"rendered":"<p>O artystce:<br \/>\nSylwia Wenska absolwentka Wydzia\u0142u Architektury Wn\u0119trz ASP w Krakowie. Zajmuje si\u0119 projektowaniem i wykonywaniem unikatowej odzie\u017cy, element\u00f3w scenografii oraz wn\u0119trz. Maluje w technice akrylowej, wykonuje rysunki kredkami, w obrazach te techniki przenikaj\u0105 si\u0119. S\u0105 to najcz\u0119\u015bciej alegoryczne portrety i wizerunki zwierz\u0105t. Uczestniczy w plenerach malarskich i wystawia regularnie swoje prace na wystawach indywidualnych i zbiorowych.<\/p>\n<div>Ciekawostki:<br \/>\n\u015awi\u0119ta Teresa z Avila przysz\u0142a na \u015bwiat 28 marca 1515 roku w hiszpa\u0144skiej miejscowo\u015bci Avila. Teres\u0119 z Avili ukierunkowa\u0142a przedwczesna \u015bmier\u0107 jej matki, odesz\u0142a bowiem gdy Teresa mia\u0142a zaledwie 12 lat. Tego samego roku odda\u0142a si\u0119 kultowi Dziewicy Maryi. W\u00f3wczas jej ojciec zdecydowa\u0142 si\u0119 odda\u0107 c\u00f3rk\u0119 pod opiek\u0119 augustianek. Teresa upatrywa\u0142a swych szans w pos\u0142udze misjonarskiej, przez co cztery lata p\u00f3\u017aniej zosta\u0142a karmelitank\u0105. Religijne ekstazy przeplata\u0142y si\u0119 Teresie z atakami choroby. Koncentrowa\u0142a si\u0119 wtedy jak umia\u0142a na dzie\u0142ach mistyk\u00f3w, czytuj\u0105c je i uwa\u017cnie studiuj\u0105c \u2013 r\u00f3wnie\u017c \u0142\u0105cz\u0105c lektury z odpowiednimi praktykami duchowymi, takimi jak kontemplacja w wewn\u0119trznym skupieniu. Poci\u0105ga\u0142y j\u0105 zw\u0142aszcza dzie\u0142a i \u017cyciorysy ascet\u00f3w, takich jak Piotr z Alkantary oraz prace instrukta\u017cowe w tym kierunku poczynione przez Ignacego Loyol\u0119. Teresa z Avila twierdzi\u0142a, \u017ce osi\u0105ga doskona\u0142e zjednoczenie z Bogiem. Powiedzia\u0142a, \u017ce otrzymuje tak zwany \u201edar b\u0142ogos\u0142awionych \u0142ez\u201d. Otrzyma\u0142a si\u0142\u0119 rozr\u00f3\u017cniania grzech\u00f3w ci\u0119\u017ckich od lekkich, zdaj\u0105c sobie spraw\u0119 z okropno\u015bci grzechu w og\u00f3le, czy te\u017c \u015bci\u015blej \u2013 z dziedzicznej natury grzechu pierworodnego. Tymczasem oko\u0142o roku 1556 przyjaciele Teresy z Avili zasugerowali, \u017ce jej sukcesy s\u0105 dzie\u0142em diab\u0142a. Zacz\u0119\u0142a wi\u0119c umartwia\u0107 si\u0119 na wielk\u0105 skal\u0119. By\u0142a sk\u0142onna odej\u015b\u0107 od zmys\u0142\u00f3w by zazna\u0107 spokoju pochwa\u0142 niebieskich. Wreszcie ukaza\u0142 jej si\u0119 Jezus Chrystus, jednocze\u015bnie \u2013 jak twierdzi\u0142a \u2013 widzialny i niewidzialny, ale cielesny. Widzenia te mia\u0142y trwa\u0107 przesz\u0142o dwa lata, w kt\u00f3rych doznawa\u0142a b\u00f3lu duchowo-fizycznego za spraw\u0105 tajemnych dzia\u0142a\u0144 serafina rani\u0105cego jej serce z\u0142ota lanc\u0105. Ta wizja zosta\u0142a natchnieniem dla dzie\u0142a s\u0142awnego Berniniego, pt. \u201eEkstaza \u015bwi\u0119tej Teresy\u201d, znajduj\u0105cego si\u0119 w Rzymie, w Ko\u015bciele Matki Bo\u017cej Zwyci\u0119skiej. Teresa do ko\u0144ca powtarza\u0142a \u201ePanie, pozw\u00f3l mi cierpie\u0107 z tob\u0105 albo umrze\u0107\u201d. Dzie\u0142em Teresy by\u0142o tak\u017ce zreformowanie regu\u0142y zakonnej \u2013 wnios\u0142a bowiem postulat skrajnego ub\u00f3stwa i zrzeczenia si\u0119 d\u00f3br materialnych, co urzeczywistni\u0142o si\u0119 w jej dzia\u0142aniach (za\u0142o\u017cy\u0142a 17 zakon\u00f3w w swej zreformowanej regule). Zmar\u0142a w hiszpa\u0144skim Alba de Tormes 4 pa\u017adziernika 1582 roku, zostawiaj\u0105c po sobie pi\u0119kn\u0105 sched\u0119.\u0179r\u00f3d\u0142o: <a href=\"https:\/\/zyciorysy.info\/sw-teresa-z-avila\/\">https:\/\/zyciorysy.info\/sw-teresa-z-avila\/<\/a> | <a href=\"https:\/\/zyciorysy.info\">Zyciorysy.info<\/a><\/p>\n<\/div>\n","protected":false},"excerpt":{"rendered":"<div class=\"woocommerce-product-details__short-description\">\n<div class=\"woocommerce-product-details__short-description\">\n<div class=\"woocommerce-product-details__short-description\">\n<div class=\"woocommerce-product-details__short-description\">\n<p>Tytu\u0142: \u015awi\u0119ta Teresa z Avila<\/p>\n<p>Autor: Sylwia Wenska<\/p>\n<p>Rok: 2021<\/p>\n<p>Technika: akryl na\u00a0p\u0142\u00f3tnie<\/p>\n<p>Oprawa: nie<\/p>\n<p>Podpis: odr\u0119czny + piecz\u0119\u0107 na odwrocie<\/p>\n<p>Wymiary: 60\u00d7110 cm.<\/p>\n<p>Stan zachowania: bardzo dobry<\/p>\n<p>Certyfikat autentyczno\u015bci<\/p>\n<\/div>\n<\/div>\n<\/div>\n<\/div>\n","protected":false},"featured_media":1436,"template":"","meta":{"_monsterinsights_skip_tracking":false,"_monsterinsights_sitenote_active":false,"_monsterinsights_sitenote_note":"","_monsterinsights_sitenote_category":0,"_themeisle_gutenberg_block_has_review":false},"product_cat":[39],"product_tag":[100],"class_list":["post-1429","product","type-product","status-publish","has-post-thumbnail","hentry","product_cat-obrazy","product_tag-wenska-sylwia","product_shipping_class-rodzaj-wysylki-2"],"aioseo_notices":[],"_links":{"self":[{"href":"https:\/\/kwintesencja.art\/pl\/wp-json\/wp\/v2\/product\/1429","targetHints":{"allow":["GET"]}}],"collection":[{"href":"https:\/\/kwintesencja.art\/pl\/wp-json\/wp\/v2\/product"}],"about":[{"href":"https:\/\/kwintesencja.art\/pl\/wp-json\/wp\/v2\/types\/product"}],"wp:featuredmedia":[{"embeddable":true,"href":"https:\/\/kwintesencja.art\/pl\/wp-json\/wp\/v2\/media\/1436"}],"wp:attachment":[{"href":"https:\/\/kwintesencja.art\/pl\/wp-json\/wp\/v2\/media?parent=1429"}],"wp:term":[{"taxonomy":"product_cat","embeddable":true,"href":"https:\/\/kwintesencja.art\/pl\/wp-json\/wp\/v2\/product_cat?post=1429"},{"taxonomy":"product_tag","embeddable":true,"href":"https:\/\/kwintesencja.art\/pl\/wp-json\/wp\/v2\/product_tag?post=1429"}],"curies":[{"name":"wp","href":"https:\/\/api.w.org\/{rel}","templated":true}]}}