{"id":1196,"date":"2022-03-07T11:11:29","date_gmt":"2022-03-07T10:11:29","guid":{"rendered":"https:\/\/kwintesencja.dkonto.pl\/?post_type=product&#038;p=1196"},"modified":"2023-03-26T22:30:57","modified_gmt":"2023-03-26T20:30:57","slug":"nagietki-w-dzbanie","status":"publish","type":"product","link":"https:\/\/kwintesencja.art\/pl\/product\/nagietki-w-dzbanie\/","title":{"rendered":"Nagietki w dzbanie"},"content":{"rendered":"<p>Stanis\u0142aw Westwalewicz (1906-1997). Artysta wykszta\u0142cony w krakowskiej Akademii Sztuk Pi\u0119knych pod kierunkiem W\u0142adys\u0142awa Jarockiego, Ignacego Pie\u0144kowskiego, Karola Frycza i Fryderyka Pautscha. Cz\u0142onek Towarzystwa Przyjaci\u00f3\u0142 Sztuk Pi\u0119knych w Krakowie, debiutuj\u0105cy wystaw\u0105 indywidualn\u0105 w Pa\u0142acu Sztuki w Krakowie \u2013 ju\u017c w roku 1937. Jego wojenne losy wiod\u0142y go przez sowieckie obozy jenieckie i szlak armii W\u0142adys\u0142awa Andersa do W\u0142och, sk\u0105d powraca do Polski w 1947 roku i na sta\u0142e osiada w Tarnowie. Zwi\u0105zany z tamtejszym \u015brodowiskiem artystycznym pe\u0142ni szereg funkcji w ZPAP, czynnie uprawiaj\u0105c malarstwo sztalugowe, akwarel\u0119 oraz malarstwo \u015bcienne w licznych ko\u015bcio\u0142ach Podkarpacia.<\/p>\n","protected":false},"excerpt":{"rendered":"<p>Tytu\u0142: Nagietki w dzbanie<\/p>\n<p>Autor: Stanis\u0142aw Westwalewicz<\/p>\n<p>Rok: 1986<\/p>\n<p>Technika: Olej na p\u0142\u00f3tnie<\/p>\n<p>Oprawa: (na zdj\u0119ciu przyk\u0142adowa rama)<\/p>\n<p>Podpis: odr\u0119czny<\/p>\n<p>Wymiary: 47x37cm<\/p>\n<p>Stan zachowania: bardzo dobry<\/p>\n<p>Na odwrocie nalepka autorska z opisem pracy<\/p>\n<p>Certyfikat autentyczno\u015bci<\/p>\n","protected":false},"featured_media":1404,"template":"","meta":{"_monsterinsights_skip_tracking":false,"_monsterinsights_sitenote_active":false,"_monsterinsights_sitenote_note":"","_monsterinsights_sitenote_category":0,"_themeisle_gutenberg_block_has_review":false},"product_cat":[39],"product_tag":[76],"class_list":["post-1196","product","type-product","status-publish","has-post-thumbnail","hentry","product_cat-obrazy","product_tag-westwalewicz-stanislaw","product_shipping_class-rodzaj-wysylki-2"],"aioseo_notices":[],"_links":{"self":[{"href":"https:\/\/kwintesencja.art\/pl\/wp-json\/wp\/v2\/product\/1196","targetHints":{"allow":["GET"]}}],"collection":[{"href":"https:\/\/kwintesencja.art\/pl\/wp-json\/wp\/v2\/product"}],"about":[{"href":"https:\/\/kwintesencja.art\/pl\/wp-json\/wp\/v2\/types\/product"}],"wp:featuredmedia":[{"embeddable":true,"href":"https:\/\/kwintesencja.art\/pl\/wp-json\/wp\/v2\/media\/1404"}],"wp:attachment":[{"href":"https:\/\/kwintesencja.art\/pl\/wp-json\/wp\/v2\/media?parent=1196"}],"wp:term":[{"taxonomy":"product_cat","embeddable":true,"href":"https:\/\/kwintesencja.art\/pl\/wp-json\/wp\/v2\/product_cat?post=1196"},{"taxonomy":"product_tag","embeddable":true,"href":"https:\/\/kwintesencja.art\/pl\/wp-json\/wp\/v2\/product_tag?post=1196"}],"curies":[{"name":"wp","href":"https:\/\/api.w.org\/{rel}","templated":true}]}}