{"id":1145,"date":"2022-03-06T13:39:00","date_gmt":"2022-03-06T12:39:00","guid":{"rendered":"https:\/\/kwintesencja.dkonto.pl\/?post_type=product&#038;p=1145"},"modified":"2022-03-25T14:08:16","modified_gmt":"2022-03-25T13:08:16","slug":"abstrakcja-2","status":"publish","type":"product","link":"https:\/\/kwintesencja.art\/pl\/product\/abstrakcja-2\/","title":{"rendered":"Abstrakcja"},"content":{"rendered":"<p>Jan Tarasin (Kalisz 11 IX 1926 &#8211; Warszawa 8 VIII 2009) studiowa\u0142 malarstwo w ASP w Krakowie pod kierunkiem prof. Zbigniewa Pronaszki (1946-1951). Jeszcze jako student zadebiutowa\u0142 na I Wystawie Sztuki Nowoczesnej w Krakowie w 1948\/49. W po\u0142owie lat 50. stworzy\u0142 cykle litografii: \u201eNowa Huta i jej mieszka\u0144cy\u201c, 1954, \u201eDom\u201c, 1955). W pierwszym przeciwstawi\u0142 si\u0119 oficjalnemu optymizmowi, w drugim, operuj\u0105c symbolik\u0105 martwej natury, zawar\u0142 tre\u015bci egzystencjalne i odnosz\u0105ce do niedawnego dramatu wojny. Po 1956 zacz\u0105\u0142 malowa\u0107 obrazy niefiguratywne. Uk\u0142ady wyodr\u0119bnionych element\u00f3w (okre\u015blanych jako \u201eprzedmioty\u201c) umieszczane by\u0142y przez artyst\u0119 na p\u0142aszczy\u017anie (cykl \u201eWn\u0119trze\u201c, 1957) ), lub w aluzyjnej przestrzeni (cykle \u201eUczta\u201c, 1957, \u201eBrzeg\u201c, 1962-1964, \u201ePrzedmioty policzone\u201c, od 1968, \u201eAntykwariat\u201c, 1968). Zasada ta utrzymuje si\u0119 w jego malarstwie w nast\u0119pnych latach, r\u00f3\u017cnice mi\u0119dzy okresami tw\u00f3rczo\u015bci dotycz\u0105 sposobu opracowania \u201eprzedmiot\u00f3w\u201c i ich usytuowania w przestrzeni obrazu lub wobec t\u0142a. Od lat 70. \u201eprzedmioty\u201c zmieniaj\u0105 si\u0119 w graficzne, zwykle czarne znaki na jasnych t\u0142ach (cykl \u201eKolekcja\u201c, od 1971). T\u0142a z kolei bywaj\u0105 iluzyjnie przestrzenne, zr\u00f3\u017cnicowane walorowo, mi\u0119kkie. W latach 90. artysta wr\u00f3ci\u0142 do kolorystycznego, bardziej malarskiego rozwi\u0105zywania zar\u00f3wno znak\u00f3w, jak i te\u0142, cz\u0119sto ciemnych lub przenikaj\u0105cych si\u0119 z \u201eprzedmiotami\u201c (cykl \u201eWyl\u0119garnia przedmiot\u00f3w\u201c, 1992). Tarasin od 1962 jest cz\u0142onkiem \u201eGrupy Krakowskiej\u201c. W 1963-67 uczy\u0142 na Wydziale Architektury Wn\u0119trz krakowskiej ASP. W 1967 przeni\u00f3s\u0142 si\u0119 do Warszawy, w 1974 podj\u0105\u0142 prac\u0119 pedagogiczn\u0105 na Wydziale Malarstwa ASP w Warszawie. W 1987-90 by\u0142 rektorem tej uczelni. W 1976 otrzyma\u0142 Nagrod\u0119 Krytyki Artystycznej im. Cypriana Kamila Norwida, w 1984 Nagrod\u0119 im. Jana Cybisa.; Nagroda na MB Sztuki w San Marino 1965. R\u00f3wnolegle z malarstwem zajmuje si\u0119 rysunkiem i grafik\u0105 &#8211; do lat 60. litografi\u0105, od 1974 serigrafi\u0105. W 1974-1981 wyda\u0142 8 autorskich \u201eZeszyt\u00f3w\u201c z serigrafiami i w\u0142asnymi tekstami. W 1995 w Galerii Zach\u0119ta odby\u0142a si\u0119 wystawa artysty, kt\u00f3rej towarzyszy\u0142 monograficzny katalog.<\/p>\n","protected":false},"excerpt":{"rendered":"<p><strong>PRODUKT NIEDOST\u0118PNY<\/strong><\/p>\n<p>Tytu\u0142: Abstrakcja<\/p>\n<p>Autor: Jan Tarasin<\/p>\n<p>Rok: 1976\/1991<\/p>\n<p>Technika: Serigrafia<\/p>\n<p>Oprawa: Tak, srebrna ramka i szk\u0142o antyrefleksyjne<\/p>\n<p>Podpis: odr\u0119czny<\/p>\n<p>Wymiary: 30\u00d740cm, z ramk\u0105: 43,5x56cm<\/p>\n<p>Stan zachowania: bardzo dobry<\/p>\n<p>Certyfikat autentyczno\u015bci<\/p>\n","protected":false},"featured_media":1148,"template":"","meta":{"_monsterinsights_skip_tracking":false,"_monsterinsights_sitenote_active":false,"_monsterinsights_sitenote_note":"","_monsterinsights_sitenote_category":0,"_themeisle_gutenberg_block_has_review":false},"product_cat":[41],"product_tag":[72],"class_list":["post-1145","product","type-product","status-publish","has-post-thumbnail","hentry","product_cat-grafiki","product_tag-tarasin-jan","product_shipping_class-rodzaj-wysylki-2"],"aioseo_notices":[],"_links":{"self":[{"href":"https:\/\/kwintesencja.art\/pl\/wp-json\/wp\/v2\/product\/1145","targetHints":{"allow":["GET"]}}],"collection":[{"href":"https:\/\/kwintesencja.art\/pl\/wp-json\/wp\/v2\/product"}],"about":[{"href":"https:\/\/kwintesencja.art\/pl\/wp-json\/wp\/v2\/types\/product"}],"wp:featuredmedia":[{"embeddable":true,"href":"https:\/\/kwintesencja.art\/pl\/wp-json\/wp\/v2\/media\/1148"}],"wp:attachment":[{"href":"https:\/\/kwintesencja.art\/pl\/wp-json\/wp\/v2\/media?parent=1145"}],"wp:term":[{"taxonomy":"product_cat","embeddable":true,"href":"https:\/\/kwintesencja.art\/pl\/wp-json\/wp\/v2\/product_cat?post=1145"},{"taxonomy":"product_tag","embeddable":true,"href":"https:\/\/kwintesencja.art\/pl\/wp-json\/wp\/v2\/product_tag?post=1145"}],"curies":[{"name":"wp","href":"https:\/\/api.w.org\/{rel}","templated":true}]}}