{"id":1127,"date":"2022-03-06T00:10:13","date_gmt":"2022-03-05T23:10:13","guid":{"rendered":"https:\/\/kwintesencja.dkonto.pl\/?post_type=product&#038;p=1127"},"modified":"2025-12-31T14:57:30","modified_gmt":"2025-12-31T13:57:30","slug":"smutek-5","status":"publish","type":"product","link":"https:\/\/kwintesencja.art\/pl\/product\/smutek-5\/","title":{"rendered":"Pejza\u017c miejski, scenka rodzajowa 5"},"content":{"rendered":"<p>O arty\u015bcie:<br \/>\nJoanna Srebro (1932-2006) \u2013 jedna z najbardziej znanych i wyrazistych postaci tarnowskiego \u015brodowiska artystycznego. Studia artystyczne uko\u0144czy\u0142a na Akademii Sztuk Pi\u0119knych w Krakowie, gdzie w 1962 r. uzyska\u0142a dyplom pod kierunkiem prof. Wac\u0142awa Taranczewskiego. Po studiach powr\u00f3ci\u0142a do rodzinnego Tarnowa<br \/>\ni tam zamieszka\u0142a wraz z m\u0119\u017cem Piotrem Drobieckim (zm. 2003), r\u00f3wnie\u017c malarzem. Od pocz\u0105tku by\u0142a artystk\u0105 niezale\u017cn\u0105, tworz\u0105c\u0105 w\u0142asne wizje. W \u017cadnym okresie swego malarstwa nie podda\u0142a si\u0119 trendom dominuj\u0105cym w sztuce ani komercjalizacji, ale pozosta\u0142a wierna swojemu sposobowi patrzenia na \u015bwiat. By\u0142a artystk\u0105 oryginaln\u0105, znakomit\u0105, chocia\u017c ma\u0142o docenian\u0105.<\/p>\n","protected":false},"excerpt":{"rendered":"<p>Autor: Joanna Srebro<br \/>\nLata 90. XXw<br \/>\nTechnika: Rysunek tuszem na kartonie<br \/>\nOprawa: passepartout<br \/>\nPodpis: odr\u0119czny, inicja\u0142y<br \/>\nWymiary: 15\u00d721 cm, 31,5 x 25,5 cm (zewn. p-p.)<br \/>\nStan zachowania: bardzo dobry<br \/>\nCertyfikat autentyczno\u015bci<\/p>\n","protected":false},"featured_media":9248,"template":"","meta":{"_monsterinsights_skip_tracking":false,"_monsterinsights_sitenote_active":false,"_monsterinsights_sitenote_note":"","_monsterinsights_sitenote_category":0,"_themeisle_gutenberg_block_has_review":false},"product_cat":[39],"product_tag":[70],"class_list":["post-1127","product","type-product","status-publish","has-post-thumbnail","hentry","product_cat-obrazy","product_tag-srebro-joanna","product_shipping_class-rodzaj-wysylki-1"],"aioseo_notices":[],"_links":{"self":[{"href":"https:\/\/kwintesencja.art\/pl\/wp-json\/wp\/v2\/product\/1127","targetHints":{"allow":["GET"]}}],"collection":[{"href":"https:\/\/kwintesencja.art\/pl\/wp-json\/wp\/v2\/product"}],"about":[{"href":"https:\/\/kwintesencja.art\/pl\/wp-json\/wp\/v2\/types\/product"}],"wp:featuredmedia":[{"embeddable":true,"href":"https:\/\/kwintesencja.art\/pl\/wp-json\/wp\/v2\/media\/9248"}],"wp:attachment":[{"href":"https:\/\/kwintesencja.art\/pl\/wp-json\/wp\/v2\/media?parent=1127"}],"wp:term":[{"taxonomy":"product_cat","embeddable":true,"href":"https:\/\/kwintesencja.art\/pl\/wp-json\/wp\/v2\/product_cat?post=1127"},{"taxonomy":"product_tag","embeddable":true,"href":"https:\/\/kwintesencja.art\/pl\/wp-json\/wp\/v2\/product_tag?post=1127"}],"curies":[{"name":"wp","href":"https:\/\/api.w.org\/{rel}","templated":true}]}}