{"id":1108,"date":"2022-03-05T23:38:35","date_gmt":"2022-03-05T22:38:35","guid":{"rendered":"https:\/\/kwintesencja.dkonto.pl\/?post_type=product&#038;p=1108"},"modified":"2025-04-23T20:44:59","modified_gmt":"2025-04-23T18:44:59","slug":"komnata-rozkoszy-ziemskich","status":"publish","type":"product","link":"https:\/\/kwintesencja.art\/pl\/product\/komnata-rozkoszy-ziemskich\/","title":{"rendered":"Komnata rozkoszy ziemskich"},"content":{"rendered":"<p>Tomasz S\u0119towski urodzony w 1961 roku w Cz\u0119stochowie, malarz, kojarzony g\u0142\u00f3wnie z nurtem surrealizmu i realizmu magicznego. Studiowa\u0142 na kierunku artystycznym w cz\u0119stochowskiej Wy\u017cszej Szkole Pedagogicznej. Od 1991 roku jest cz\u0142onkiem ZPAP. Twierdzi, \u017ce jest malarskim samoukiem, kt\u00f3remu edukacja<br \/>\nprogramowa da\u0142a tylko podstawy techniczne, a do w\u0142asnego, niezmiernie charakterystycznego stylu doszed\u0142 jednak na drodze w\u0142asnych poszukiwa\u0144. Jego prace zaprezentowano na wielu wystawach indywidualnych, a tak\u017ce zbiorowych, jak cho\u0107by ciesz\u0105ca si\u0119 wielkim zainteresowaniem widz\u00f3w ekspozycja objazdowa \u201eSurreali\u015bci polscy\u201d. Artysta tworzy g\u0142\u00f3wnie prace malarskie w technice olejnej, akrylowej i gwaszu. Opr\u00f3cz tego wykonuje grafiki artystyczne w tradycyjnych technikach \u2013 akwaforty i mi\u0119kkiego werniksu. Tomasz S\u0119towski \u2013 malarstwo fantastyczne Malarz nale\u017cy do nurtu tak zwanego realizmu magicznego, kt\u00f3ry swoje korzenie ma w surrealizmie ubieg\u0142ego wieku. W tw\u00f3rczo\u015bci S\u0119towskiego jest on jednak mocno przetworzony i buduje rozwi\u0105zanie indywidualne, o mocno zarysowanych cechach stylistycznych. W centrum kompozycji zazwyczaj znajduje si\u0119 posta\u0107, najcz\u0119\u015bciej kobieca. Artysta poddaje j\u0105 jednak wielu modyfikacjom i metamorfozom. Wpisuje w ni\u0105 elementy krajobraz\u00f3w lub wr\u0119cz ca\u0142e wielopoziomowe miasta, kt\u00f3re rozrastaj\u0105 si\u0119, tworz\u0105c niesamowite, iluzjonistyczne konstrukcje. S\u0119towski \u0142\u0105czy rozmaite elementy znane z codziennego \u017cycia i przy ich pomocy tworzy ba\u015bniowe miasta, przywodz\u0105ce na my\u015bl niesamowite \u015bwiaty fantasy, pe\u0142ne nadprzyrodzonych stworze\u0144 si\u0142 i magii. Tomasz S\u0119towski &#8211; oferta obraz\u00f3w Dzie\u0142a Tomasza S\u0119towskiego ciesz\u0105 si\u0119 wielk\u0105 popularno\u015bci\u0105 w\u015br\u00f3d kolekcjoner\u00f3w na ca\u0142ym \u015bwiecie. Szczeg\u00f3lnie mocno przyci\u0105ga ich oryginalna forma i ciekawy styl. Za wzmo\u017conym zainteresowaniem obrazami idzie tak\u017ce cena \u2013 dzie\u0142a zyskuj\u0105<br \/>\nbowiem na warto\u015bci z ka\u017cdym kolejnym rokiem.<\/p>\n","protected":false},"excerpt":{"rendered":"<p>Tytu\u0142: Komnata rozkoszy ziemskich<br \/>\nAutor: Tomasz S\u0119towski<br \/>\nTechnika: Inkografia<br \/>\nOprawa: tak \u2013 z\u0142ota<br \/>\nPodpis: odr\u0119czny, piecz\u0119\u0107 autorska, certyfikat<br \/>\nWymiary: 75 x 38 cm,\u00a0 z ram\u0105: 110 x 77 cm<br \/>\nCertyfikat autentyczno\u015bci<\/p>\n","protected":false},"featured_media":6478,"template":"","meta":{"_monsterinsights_skip_tracking":false,"_monsterinsights_sitenote_active":false,"_monsterinsights_sitenote_note":"","_monsterinsights_sitenote_category":0,"_themeisle_gutenberg_block_has_review":false},"product_cat":[39,41],"product_tag":[69],"class_list":["post-1108","product","type-product","status-publish","has-post-thumbnail","hentry","product_cat-obrazy","product_cat-grafiki","product_tag-setowski-tomasz","product_shipping_class-rodzaj-wysylki-3"],"aioseo_notices":[],"_links":{"self":[{"href":"https:\/\/kwintesencja.art\/pl\/wp-json\/wp\/v2\/product\/1108","targetHints":{"allow":["GET"]}}],"collection":[{"href":"https:\/\/kwintesencja.art\/pl\/wp-json\/wp\/v2\/product"}],"about":[{"href":"https:\/\/kwintesencja.art\/pl\/wp-json\/wp\/v2\/types\/product"}],"wp:featuredmedia":[{"embeddable":true,"href":"https:\/\/kwintesencja.art\/pl\/wp-json\/wp\/v2\/media\/6478"}],"wp:attachment":[{"href":"https:\/\/kwintesencja.art\/pl\/wp-json\/wp\/v2\/media?parent=1108"}],"wp:term":[{"taxonomy":"product_cat","embeddable":true,"href":"https:\/\/kwintesencja.art\/pl\/wp-json\/wp\/v2\/product_cat?post=1108"},{"taxonomy":"product_tag","embeddable":true,"href":"https:\/\/kwintesencja.art\/pl\/wp-json\/wp\/v2\/product_tag?post=1108"}],"curies":[{"name":"wp","href":"https:\/\/api.w.org\/{rel}","templated":true}]}}