{"id":1096,"date":"2022-03-05T22:58:07","date_gmt":"2022-03-05T21:58:07","guid":{"rendered":"https:\/\/kwintesencja.dkonto.pl\/?post_type=product&#038;p=1096"},"modified":"2024-06-18T18:31:54","modified_gmt":"2024-06-18T16:31:54","slug":"powrot-syna-marnotrawnego","status":"publish","type":"product","link":"https:\/\/kwintesencja.art\/pl\/product\/powrot-syna-marnotrawnego\/","title":{"rendered":"Powr\u00f3t syna marnotrawnego"},"content":{"rendered":"<p>O arty\u015bcie:<\/p>\n<p>Rembrandt van Rijn, holenderski malarz, rysownik i grafik, uwa\u017cany jest za jednego z najwybitniejszych artyst\u00f3w w dziejach sztuki. Do perfekcji opanowa\u0142 technik\u0119 \u015bwiat\u0142ocienia, wykorzystuj\u0105c j\u0105 dla pog\u0142\u0119bienia dramatyzmu i nastrojowo\u015bci swych kompozycji. Nazywany jest tak\u017ce \u201emalarzem duszy\u201d. Inspirowa\u0142 si\u0119 motywami biblijnymi i mitologicznymi, tworzy\u0142 tak\u017ce sceny rodzajowe, pejza\u017ce oraz liczne portrety i autoportrety.<\/p>\n<p>Ciekawostki:<\/p>\n<p>Inspiracj\u0105 do tej grafiki dla Rembrandta by\u0142 drzeworyt o tej samej tematyce autorstwa Maartena van Heemskercka. Wed\u0142ug inwentarza z 1656 r. Rembrandt posiada\u0142 kopie licznych druk\u00f3w Van Heemskercka.<\/p>\n","protected":false},"excerpt":{"rendered":"<p>Tytu\u0142: Powr\u00f3t syna marnotrawnego<\/p>\n<p>Autor: Rembrandt (1606-1669)<\/p>\n<p>Rok: 1636\/1978<\/p>\n<p>Technika: Grafika <\/p>\n<p>Oprawa: tak \u2013 czarna ramka<\/p>\n<p>Podpis: z druku<\/p>\n<p>Wymiary: 14,5&#215;17 cm \/ rama 30x40cm<\/p>\n<p>Stan zachowania: bardzo dobry<\/p>\n<p>Certyfikat autentyczno\u015bci<\/p>\n","protected":false},"featured_media":1099,"template":"","meta":{"_monsterinsights_skip_tracking":false,"_monsterinsights_sitenote_active":false,"_monsterinsights_sitenote_note":"","_monsterinsights_sitenote_category":0,"_themeisle_gutenberg_block_has_review":false},"product_cat":[41],"product_tag":[68],"class_list":["post-1096","product","type-product","status-publish","has-post-thumbnail","hentry","product_cat-grafiki","product_tag-rembrandt","product_shipping_class-rodzaj-wysylki-1"],"aioseo_notices":[],"_links":{"self":[{"href":"https:\/\/kwintesencja.art\/pl\/wp-json\/wp\/v2\/product\/1096","targetHints":{"allow":["GET"]}}],"collection":[{"href":"https:\/\/kwintesencja.art\/pl\/wp-json\/wp\/v2\/product"}],"about":[{"href":"https:\/\/kwintesencja.art\/pl\/wp-json\/wp\/v2\/types\/product"}],"wp:featuredmedia":[{"embeddable":true,"href":"https:\/\/kwintesencja.art\/pl\/wp-json\/wp\/v2\/media\/1099"}],"wp:attachment":[{"href":"https:\/\/kwintesencja.art\/pl\/wp-json\/wp\/v2\/media?parent=1096"}],"wp:term":[{"taxonomy":"product_cat","embeddable":true,"href":"https:\/\/kwintesencja.art\/pl\/wp-json\/wp\/v2\/product_cat?post=1096"},{"taxonomy":"product_tag","embeddable":true,"href":"https:\/\/kwintesencja.art\/pl\/wp-json\/wp\/v2\/product_tag?post=1096"}],"curies":[{"name":"wp","href":"https:\/\/api.w.org\/{rel}","templated":true}]}}