{"id":1032,"date":"2022-03-05T11:47:12","date_gmt":"2022-03-05T10:47:12","guid":{"rendered":"https:\/\/kwintesencja.dkonto.pl\/?post_type=product&#038;p=1032"},"modified":"2022-04-22T11:31:18","modified_gmt":"2022-04-22T09:31:18","slug":"smerek","status":"publish","type":"product","link":"https:\/\/kwintesencja.art\/pl\/product\/smerek\/","title":{"rendered":"Smerek"},"content":{"rendered":"<p>O arty\u015bcie:<\/p>\n<p>Joanna Niedba\u0142owska uko\u0144czy\u0142a z wyr\u00f3\u017cnieniem malarstwo na krakowskiej Akademii Sztuk Pi\u0119knych. Studiowa\u0142a w pracowni prof. A. Brincken i prof. S. Rodzi\u0144skiego, a tak\u017ce w pracowni liternictwa u prof. B. Oleszki.<\/p>\n","protected":false},"excerpt":{"rendered":"<p>Tytu\u0142: Smerek<\/p>\n<p>Autor: Joanna Niedba\u0142owska<\/p>\n<p>Rok: 1999<\/p>\n<p>Technika: Tempera na kartonie<\/p>\n<p>Oprawa: nie (na zdj\u0119ciu przyk\u0142adowa)<\/p>\n<p>Wymiary: 63&#215;50 cm<\/p>\n<p>Stan zachowania: dobry, jeden r\u00f3g podklejony<\/p>\n<p>Certyfikat autentyczno\u015bci<\/p>\n","protected":false},"featured_media":1019,"template":"","meta":{"_monsterinsights_skip_tracking":false,"_monsterinsights_sitenote_active":false,"_monsterinsights_sitenote_note":"","_monsterinsights_sitenote_category":0,"_themeisle_gutenberg_block_has_review":false},"product_cat":[39],"product_tag":[62],"class_list":["post-1032","product","type-product","status-publish","has-post-thumbnail","hentry","product_cat-obrazy","product_tag-niedbalowska-joanna","product_shipping_class-rodzaj-wysylki-1"],"aioseo_notices":[],"_links":{"self":[{"href":"https:\/\/kwintesencja.art\/pl\/wp-json\/wp\/v2\/product\/1032","targetHints":{"allow":["GET"]}}],"collection":[{"href":"https:\/\/kwintesencja.art\/pl\/wp-json\/wp\/v2\/product"}],"about":[{"href":"https:\/\/kwintesencja.art\/pl\/wp-json\/wp\/v2\/types\/product"}],"wp:featuredmedia":[{"embeddable":true,"href":"https:\/\/kwintesencja.art\/pl\/wp-json\/wp\/v2\/media\/1019"}],"wp:attachment":[{"href":"https:\/\/kwintesencja.art\/pl\/wp-json\/wp\/v2\/media?parent=1032"}],"wp:term":[{"taxonomy":"product_cat","embeddable":true,"href":"https:\/\/kwintesencja.art\/pl\/wp-json\/wp\/v2\/product_cat?post=1032"},{"taxonomy":"product_tag","embeddable":true,"href":"https:\/\/kwintesencja.art\/pl\/wp-json\/wp\/v2\/product_tag?post=1032"}],"curies":[{"name":"wp","href":"https:\/\/api.w.org\/{rel}","templated":true}]}}