{"id":1027,"date":"2022-03-05T11:34:27","date_gmt":"2022-03-05T10:34:27","guid":{"rendered":"https:\/\/kwintesencja.dkonto.pl\/?post_type=product&#038;p=1027"},"modified":"2022-11-27T23:28:36","modified_gmt":"2022-11-27T22:28:36","slug":"penuel","status":"publish","type":"product","link":"https:\/\/kwintesencja.art\/pl\/product\/penuel\/","title":{"rendered":"Penuel"},"content":{"rendered":"<p>O arty\u015bcie:<\/p>\n<p>Joanna Niedba\u0142owska uko\u0144czy\u0142a z wyr\u00f3\u017cnieniem malarstwo na krakowskiej Akademii Sztuk Pi\u0119knych. Studiowa\u0142a w pracowni prof. A. Brincken i prof. S. Rodzi\u0144skiego, a tak\u017ce w pracowni liternictwa u prof. B. Oleszki.<\/p>\n","protected":false},"excerpt":{"rendered":"<p>Tytu\u0142: Penuel<\/p>\n<p>Autor: Joanna Niedba\u0142owska<\/p>\n<p>Rok: 2001<\/p>\n<p>Technika: Olej na p\u0142\u00f3tnie.<\/p>\n<p>Oprawa: nie (drewniane listwy)<\/p>\n<p>Wymiary: 155&#215;150 cm<\/p>\n<p>Stan zachowania: dobry<\/p>\n<p>Certyfikat autentyczno\u015bci<\/p>\n","protected":false},"featured_media":1028,"template":"","meta":{"_monsterinsights_skip_tracking":false,"_monsterinsights_sitenote_active":false,"_monsterinsights_sitenote_note":"","_monsterinsights_sitenote_category":0,"_themeisle_gutenberg_block_has_review":false},"product_cat":[39],"product_tag":[62],"class_list":["post-1027","product","type-product","status-publish","has-post-thumbnail","hentry","product_cat-obrazy","product_tag-niedbalowska-joanna","product_shipping_class-rodzaj-wysylki-3"],"aioseo_notices":[],"_links":{"self":[{"href":"https:\/\/kwintesencja.art\/pl\/wp-json\/wp\/v2\/product\/1027","targetHints":{"allow":["GET"]}}],"collection":[{"href":"https:\/\/kwintesencja.art\/pl\/wp-json\/wp\/v2\/product"}],"about":[{"href":"https:\/\/kwintesencja.art\/pl\/wp-json\/wp\/v2\/types\/product"}],"wp:featuredmedia":[{"embeddable":true,"href":"https:\/\/kwintesencja.art\/pl\/wp-json\/wp\/v2\/media\/1028"}],"wp:attachment":[{"href":"https:\/\/kwintesencja.art\/pl\/wp-json\/wp\/v2\/media?parent=1027"}],"wp:term":[{"taxonomy":"product_cat","embeddable":true,"href":"https:\/\/kwintesencja.art\/pl\/wp-json\/wp\/v2\/product_cat?post=1027"},{"taxonomy":"product_tag","embeddable":true,"href":"https:\/\/kwintesencja.art\/pl\/wp-json\/wp\/v2\/product_tag?post=1027"}],"curies":[{"name":"wp","href":"https:\/\/api.w.org\/{rel}","templated":true}]}}