{"id":566,"date":"2016-07-26T10:44:05","date_gmt":"2016-07-26T10:44:05","guid":{"rendered":"http:\/\/artday-wp.wossthemes.com\/artday-xml\/?page_id=566"},"modified":"2025-07-22T19:13:20","modified_gmt":"2025-07-22T17:13:20","slug":"kontakt","status":"publish","type":"page","link":"https:\/\/kwintesencja.art\/pl\/kontakt\/","title":{"rendered":"Kontakt"},"content":{"rendered":"<div class=\"vc_row wpb_row vc_row-fluid\"><div class=\"wpb_column vc_column_container vc_col-sm-6\"><div class=\"vc_column-inner\"><div class=\"wpb_wrapper\">\n\t<div class=\"wpb_text_column wpb_content_element \" >\n\t\t<div class=\"wpb_wrapper\">\n\t\t\t<div class=\"ws-contact-info\">\n<h2>E-mail:<\/h2>\n<p><a href=\"mailto:kontakt@kwintesencja.art\">kontakt@kwintesencja.art<\/a><\/p>\n<h2>Telefon:<\/h2>\n<p><a href=\"tel:+48535075737\">535075737<\/a><\/p>\n<h2>Adres:<\/h2>\n<p><a href=\"#\">Tarn\u00f3w, ul. Mo\u015bcickiego 51\/4<\/a><\/p>\n<p>W celu ogl\u0105dni\u0119cia obrazu prosimy o wcze\u015bniejszy kontakt telefoniczny.<\/p>\n<\/div>\n\n\t\t<\/div>\n\t<\/div>\n<\/div><\/div><\/div><\/div>\n","protected":false},"excerpt":{"rendered":"E-mail: kontakt@kwintesencja.art Telefon: 535075737 Adres: Tarn\u00f3w, ul. Mo\u015bcickiego 51\/4 W celu ogl\u0105dni\u0119cia obrazu prosimy o wcze\u015bniejszy kontakt telefoniczny.","protected":false},"author":1,"featured_media":0,"parent":0,"menu_order":0,"comment_status":"closed","ping_status":"closed","template":"template-page.php","meta":{"_monsterinsights_skip_tracking":false,"_monsterinsights_sitenote_active":false,"_monsterinsights_sitenote_note":"","_monsterinsights_sitenote_category":0,"_themeisle_gutenberg_block_has_review":false,"footnotes":""},"class_list":["post-566","page","type-page","status-publish","hentry"],"aioseo_notices":[],"_links":{"self":[{"href":"https:\/\/kwintesencja.art\/pl\/wp-json\/wp\/v2\/pages\/566","targetHints":{"allow":["GET"]}}],"collection":[{"href":"https:\/\/kwintesencja.art\/pl\/wp-json\/wp\/v2\/pages"}],"about":[{"href":"https:\/\/kwintesencja.art\/pl\/wp-json\/wp\/v2\/types\/page"}],"author":[{"embeddable":true,"href":"https:\/\/kwintesencja.art\/pl\/wp-json\/wp\/v2\/users\/1"}],"replies":[{"embeddable":true,"href":"https:\/\/kwintesencja.art\/pl\/wp-json\/wp\/v2\/comments?post=566"}],"version-history":[{"count":19,"href":"https:\/\/kwintesencja.art\/pl\/wp-json\/wp\/v2\/pages\/566\/revisions"}],"predecessor-version":[{"id":8208,"href":"https:\/\/kwintesencja.art\/pl\/wp-json\/wp\/v2\/pages\/566\/revisions\/8208"}],"wp:attachment":[{"href":"https:\/\/kwintesencja.art\/pl\/wp-json\/wp\/v2\/media?parent=566"}],"curies":[{"name":"wp","href":"https:\/\/api.w.org\/{rel}","templated":true}]}}