{"id":32,"date":"2016-01-04T10:15:28","date_gmt":"2016-01-04T10:15:28","guid":{"rendered":"http:\/\/artday-wp.wossthemes.com\/?page_id=32"},"modified":"2025-10-30T14:09:52","modified_gmt":"2025-10-30T13:09:52","slug":"o-galerii","status":"publish","type":"page","link":"https:\/\/kwintesencja.art\/pl\/o-galerii\/","title":{"rendered":"O Galerii"},"content":{"rendered":"<div class=\"vc_row wpb_row vc_row-fluid\"><div class=\"wpb_column vc_column_container vc_col-sm-6\"><div class=\"vc_column-inner\"><div class=\"wpb_wrapper\">\n\t<div  class=\"wpb_single_image wpb_content_element vc_align_left\">\n\t\t\n\t\t<figure class=\"wpb_wrapper vc_figure\">\n\t\t\t<div class=\"vc_single_image-wrapper   vc_box_border_grey\"><img loading=\"lazy\" decoding=\"async\" width=\"640\" height=\"444\" src=\"https:\/\/kwintesencja.art\/wp-content\/uploads\/2025\/10\/IMG_20251013_174555-1024x710.jpg\" class=\"vc_single_image-img attachment-large\" alt=\"\" srcset=\"https:\/\/kwintesencja.art\/wp-content\/uploads\/2025\/10\/IMG_20251013_174555-1024x710.jpg 1024w, https:\/\/kwintesencja.art\/wp-content\/uploads\/2025\/10\/IMG_20251013_174555-300x208.jpg 300w, https:\/\/kwintesencja.art\/wp-content\/uploads\/2025\/10\/IMG_20251013_174555-768x533.jpg 768w, https:\/\/kwintesencja.art\/wp-content\/uploads\/2025\/10\/IMG_20251013_174555-1536x1065.jpg 1536w, https:\/\/kwintesencja.art\/wp-content\/uploads\/2025\/10\/IMG_20251013_174555-2048x1420.jpg 2048w, https:\/\/kwintesencja.art\/wp-content\/uploads\/2025\/10\/IMG_20251013_174555-18x12.jpg 18w, https:\/\/kwintesencja.art\/wp-content\/uploads\/2025\/10\/IMG_20251013_174555-600x416.jpg 600w\" sizes=\"auto, (max-width: 640px) 100vw, 640px\" \/><\/div>\n\t\t<\/figure>\n\t<\/div>\n\n\t<div  class=\"wpb_single_image wpb_content_element vc_align_left\">\n\t\t\n\t\t<figure class=\"wpb_wrapper vc_figure\">\n\t\t\t<div class=\"vc_single_image-wrapper   vc_box_border_grey\"><img loading=\"lazy\" decoding=\"async\" width=\"640\" height=\"640\" src=\"https:\/\/kwintesencja.art\/wp-content\/uploads\/2022\/02\/02_O-galerii.jpg\" class=\"vc_single_image-img attachment-large\" alt=\"\" srcset=\"https:\/\/kwintesencja.art\/wp-content\/uploads\/2022\/02\/02_O-galerii.jpg 800w, https:\/\/kwintesencja.art\/wp-content\/uploads\/2022\/02\/02_O-galerii-300x300.jpg 300w, https:\/\/kwintesencja.art\/wp-content\/uploads\/2022\/02\/02_O-galerii-100x100.jpg 100w, https:\/\/kwintesencja.art\/wp-content\/uploads\/2022\/02\/02_O-galerii-600x600.jpg 600w, https:\/\/kwintesencja.art\/wp-content\/uploads\/2022\/02\/02_O-galerii-150x150.jpg 150w, https:\/\/kwintesencja.art\/wp-content\/uploads\/2022\/02\/02_O-galerii-768x768.jpg 768w\" sizes=\"auto, (max-width: 640px) 100vw, 640px\" \/><\/div>\n\t\t<\/figure>\n\t<\/div>\n<\/div><\/div><\/div><div class=\"wpb_column vc_column_container vc_col-sm-6\"><div class=\"vc_column-inner\"><div class=\"wpb_wrapper\">\n\t<div  class=\"wpb_single_image wpb_content_element vc_align_left\">\n\t\t\n\t\t<figure class=\"wpb_wrapper vc_figure\">\n\t\t\t<div class=\"vc_single_image-wrapper   vc_box_border_grey\"><img loading=\"lazy\" decoding=\"async\" width=\"640\" height=\"448\" src=\"https:\/\/kwintesencja.art\/wp-content\/uploads\/2025\/10\/IMG_20251011_164800_2-1024x717.jpg\" class=\"vc_single_image-img attachment-large\" alt=\"\" srcset=\"https:\/\/kwintesencja.art\/wp-content\/uploads\/2025\/10\/IMG_20251011_164800_2-1024x717.jpg 1024w, https:\/\/kwintesencja.art\/wp-content\/uploads\/2025\/10\/IMG_20251011_164800_2-300x210.jpg 300w, https:\/\/kwintesencja.art\/wp-content\/uploads\/2025\/10\/IMG_20251011_164800_2-768x537.jpg 768w, https:\/\/kwintesencja.art\/wp-content\/uploads\/2025\/10\/IMG_20251011_164800_2-1536x1075.jpg 1536w, https:\/\/kwintesencja.art\/wp-content\/uploads\/2025\/10\/IMG_20251011_164800_2-18x12.jpg 18w, https:\/\/kwintesencja.art\/wp-content\/uploads\/2025\/10\/IMG_20251011_164800_2-600x420.jpg 600w, https:\/\/kwintesencja.art\/wp-content\/uploads\/2025\/10\/IMG_20251011_164800_2.jpg 1969w\" sizes=\"auto, (max-width: 640px) 100vw, 640px\" \/><\/div>\n\t\t<\/figure>\n\t<\/div>\n\n\t<div  class=\"wpb_single_image wpb_content_element vc_align_left\">\n\t\t\n\t\t<figure class=\"wpb_wrapper vc_figure\">\n\t\t\t<div class=\"vc_single_image-wrapper   vc_box_border_grey\"><img loading=\"lazy\" decoding=\"async\" width=\"640\" height=\"640\" src=\"https:\/\/kwintesencja.art\/wp-content\/uploads\/2022\/02\/03_O-galerii.jpg\" class=\"vc_single_image-img attachment-large\" alt=\"\" srcset=\"https:\/\/kwintesencja.art\/wp-content\/uploads\/2022\/02\/03_O-galerii.jpg 800w, https:\/\/kwintesencja.art\/wp-content\/uploads\/2022\/02\/03_O-galerii-300x300.jpg 300w, https:\/\/kwintesencja.art\/wp-content\/uploads\/2022\/02\/03_O-galerii-100x100.jpg 100w, https:\/\/kwintesencja.art\/wp-content\/uploads\/2022\/02\/03_O-galerii-600x600.jpg 600w, https:\/\/kwintesencja.art\/wp-content\/uploads\/2022\/02\/03_O-galerii-150x150.jpg 150w, https:\/\/kwintesencja.art\/wp-content\/uploads\/2022\/02\/03_O-galerii-768x768.jpg 768w\" sizes=\"auto, (max-width: 640px) 100vw, 640px\" \/><\/div>\n\t\t<\/figure>\n\t<\/div>\n<\/div><\/div><\/div><div class=\"wpb_column vc_column_container vc_col-sm-12\"><div class=\"vc_column-inner\"><div class=\"wpb_wrapper\"><\/div><\/div><\/div><\/div><div class=\"vc_row wpb_row vc_row-fluid\"><div class=\"wpb_column vc_column_container vc_col-sm-12\"><div class=\"vc_column-inner\"><div class=\"wpb_wrapper\"><\/div><\/div><\/div><\/div><div class=\"vc_row wpb_row vc_row-fluid\"><div class=\"wpb_column vc_column_container vc_col-sm-12\"><div class=\"vc_column-inner\"><div class=\"wpb_wrapper\">\n\t<div class=\"wpb_text_column wpb_content_element \" >\n\t\t<div class=\"wpb_wrapper\">\n\t\t\t<div class=\"xdj266r x11i5rnm xat24cr x1mh8g0r x1vvkbs x126k92a\">\n<div dir=\"auto\">\n<p><strong>Pi\u0119kno czy podpis?<\/strong><\/p>\n<p>Inwestowanie w sztuk\u0119 od lat przyci\u0105ga uwag\u0119 wielu kolekcjoner\u00f3w oraz inwestor\u00f3w szukaj\u0105cych alternatywnych sposob\u00f3w na pomno\u017cenie swojego kapita\u0142u. Jednak\u017ce, zanim zdecydujemy si\u0119 na zakup pierwszego dzie\u0142a, warto zastanowi\u0107 si\u0119, co tak naprawd\u0119 kieruje naszym wyborem. Czy jest to renoma artysty, kt\u00f3rego prace zazwyczaj okre\u015blane s\u0105 mianem &#8220;bezpiecznych inwestycji&#8221;, czy te\u017c mo\u017ce rzeczywiste pi\u0119kno sztuki, kt\u00f3re potrafi przyci\u0105gn\u0105\u0107 nasz wzrok i serce?<\/p>\n<p><strong>Za nazwiskami id\u0105 emocje, ale nie zawsze warto\u015b\u0107<\/strong><\/p>\n<p>Kupno obraz\u00f3w znanych artyst\u00f3w cz\u0119sto jest postrzegane jako inwestycja wolna od ryzyka. Nazwiska takie jak Picasso czy Warhol s\u0105 synonimami pewno\u015bci zwrotu z inwestycji. Jednak takie podej\u015bcie mo\u017ce sprawi\u0107, \u017ce przegapimy okazje do odkrycia prawdziwych pere\u0142ek sztuki, kt\u00f3re jeszcze nie zd\u0105\u017cy\u0142y zyska\u0107 na warto\u015bci, a maj\u0105 ogromny potencja\u0142. Inwestowanie w sztuk\u0119 powinno by\u0107 przemy\u015blane nie tylko w kontek\u015bcie finansowym, ale i estetycznym.<br \/>\n<b>Kwintesencja sztuki<\/b> le\u017cy w jej zdolno\u015bci do wywo\u0142ywania emocji, wzbudzania refleksji i tworzenia niepowtarzalnej atmosfery. To w\u0142a\u015bnie te aspekty powinny by\u0107 kluczowe przy wyborze obiektu inwestycji, poniewa\u017c to one decyduj\u0105 o prawdziwej warto\u015bci dzie\u0142a.<br \/>\nPrace mniej znanych artyst\u00f3w mog\u0105 okaza\u0107 si\u0119 nie tylko cennymi inwestycjami, ale r\u00f3wnie\u017c \u017ar\u00f3d\u0142em osobistego zadowolenia i inspiracji.<\/p>\n<p><strong>&#8220;Czeki&#8221; na \u015bcianie czy obrazy, kt\u00f3re m\u00f3wi\u0105 do serca?<\/strong><\/p>\n<p>Metaforyczne &#8220;wieszanie czek\u00f3w na \u015bcianie&#8221; to spos\u00f3b my\u015blenia, kt\u00f3ry redukuje sztuk\u0119 do roli inwestycji finansowej. Oczywi\u015bcie, nikt nie neguje, \u017ce sztuka mo\u017ce by\u0107 doskona\u0142ym sposobem na lokowanie kapita\u0142u. Jednak traktowanie jej wy\u0142\u0105cznie przez pryzmat potencjalnych zysk\u00f3w ogranicza jej wielowymiarowy charakter. Sztuka ma moc wywo\u0142ywania emocji, inspirowania do refleksji, a nawet inicjowania dialogu. Dlatego przy zakupie warto kierowa\u0107 si\u0119 tak\u017ce i przede wszystkim pi\u0119knem, kt\u00f3re mo\u017ce dostarczy\u0107 nam i innym nie tylko estetycznych, ale i duchowych do\u015bwiadcze\u0144.<\/p>\n<p><strong>WARTO WIEDZIE\u0106 &#8211; 6 potencjalnych problem\u00f3w, na kt\u00f3re warto zwr\u00f3ci\u0107 uwag\u0119 przy zakupie dzie\u0142a sztuki.<\/strong><\/p>\n<\/div>\n<\/div>\n<div class=\"x11i5rnm xat24cr x1mh8g0r x1vvkbs xtlvy1s x126k92a\">\n<div dir=\"auto\">1) <strong>Autentyczno\u015b\u0107 dzie\u0142 sztuki<\/strong><br \/>\nKlienci mog\u0105 by\u0107 zaniepokojeni autentyczno\u015bci\u0105 i pochodzeniem obraz\u00f3w, co jest kluczowe w bran\u017cy sztuki.<\/div>\n<\/div>\n<div class=\"x11i5rnm xat24cr x1mh8g0r x1vvkbs xtlvy1s x126k92a\">\n<div dir=\"auto\"><span class=\"x3nfvp2 x1j61x8r x1fcty0u xdj266r xhhsvwb xat24cr xgzva0m xxymvpz xlup9mm x1kky2od\"><img loading=\"lazy\" decoding=\"async\" class=\"xz74otr\" src=\"https:\/\/static.xx.fbcdn.net\/images\/emoji.php\/v9\/t51\/1\/16\/1f449.png\" alt=\"?\" width=\"16\" height=\"16\" \/><\/span> W naszej galerii przyk\u0142adamy du\u017c\u0105 wag\u0119 do pochodzenia dzie\u0142 sztuki. Do ka\u017cdego zakupu do\u0142\u0105czamy Certyfikat potwierdzaj\u0105cy autentyczno\u015b\u0107.<\/div>\n<\/div>\n<div class=\"x11i5rnm xat24cr x1mh8g0r x1vvkbs xtlvy1s x126k92a\">\n<div dir=\"auto\">2) <strong>Wizualizacja obrazu w przestrzeni<\/strong><br \/>\nKlienci cz\u0119sto maj\u0105 trudno\u015bci z wyobra\u017ceniem sobie, jak obraz b\u0119dzie wygl\u0105da\u0142 w ich domu czy biurze.<\/div>\n<\/div>\n<div class=\"x11i5rnm xat24cr x1mh8g0r x1vvkbs xtlvy1s x126k92a\">\n<div dir=\"auto\"><span class=\"x3nfvp2 x1j61x8r x1fcty0u xdj266r xhhsvwb xat24cr xgzva0m xxymvpz xlup9mm x1kky2od\"><img loading=\"lazy\" decoding=\"async\" class=\"xz74otr\" src=\"https:\/\/static.xx.fbcdn.net\/images\/emoji.php\/v9\/t51\/1\/16\/1f449.png\" alt=\"?\" width=\"16\" height=\"16\" \/><\/span> Mo\u017cesz nam przes\u0142a\u0107 fotografie swojej \u015bciany, przestrzeni, a my bezp\u0142atnie zrobimy fotomonta\u017c i zaproponujemy dzie\u0142o, kt\u00f3re wzbogaci Twoje wn\u0119trze: kontakt@kwintesencja.art<\/div>\n<\/div>\n<div class=\"x11i5rnm xat24cr x1mh8g0r x1vvkbs xtlvy1s x126k92a\">\n<div dir=\"auto\">3) <strong>Dostawa i transport<\/strong><br \/>\nZagadnienia zwi\u0105zane z bezpiecznym, ubezpieczonym i terminowym dostarczeniem drogich i delikatnych dzie\u0142 sztuki.<\/div>\n<\/div>\n<div class=\"x11i5rnm xat24cr x1mh8g0r x1vvkbs xtlvy1s x126k92a\">\n<div dir=\"auto\"><span class=\"x3nfvp2 x1j61x8r x1fcty0u xdj266r xhhsvwb xat24cr xgzva0m xxymvpz xlup9mm x1kky2od\"><img loading=\"lazy\" decoding=\"async\" class=\"xz74otr\" src=\"https:\/\/static.xx.fbcdn.net\/images\/emoji.php\/v9\/t51\/1\/16\/1f449.png\" alt=\"?\" width=\"16\" height=\"16\" \/><\/span> Przyk\u0142adamy du\u017c\u0105 wag\u0119 do perfekcyjnego i \u201epancernego\u201d zapakowania przesy\u0142anych dzie\u0142 sztuki. \u015awiadcz\u0105 o tym liczne pozytywne opinie naszych klient\u00f3w. Ka\u017cda przesy\u0142ka jest ubezpieczona od pe\u0142nej warto\u015bci zakupionego dzie\u0142a i dostarczona do klienta w 2-3 dni (na terenie kraju).<\/div>\n<\/div>\n<div class=\"x11i5rnm xat24cr x1mh8g0r x1vvkbs xtlvy1s x126k92a\">\n<div dir=\"auto\">4) <strong>Doradztwo i obs\u0142uga klienta<\/strong><br \/>\nBrak spersonalizowanej pomocy i doradztwa w wyborze odpowiedniego dzie\u0142a sztuki.<\/div>\n<\/div>\n<div class=\"x11i5rnm xat24cr x1mh8g0r x1vvkbs xtlvy1s x126k92a\">\n<div dir=\"auto\"><span class=\"x3nfvp2 x1j61x8r x1fcty0u xdj266r xhhsvwb xat24cr xgzva0m xxymvpz xlup9mm x1kky2od\"><img loading=\"lazy\" decoding=\"async\" class=\"xz74otr\" src=\"https:\/\/static.xx.fbcdn.net\/images\/emoji.php\/v9\/t51\/1\/16\/1f449.png\" alt=\"?\" width=\"16\" height=\"16\" \/><\/span> Wa\u017cne jest dla nas poczucie satysfakcji klienta. Zapewniamy dost\u0119p do wykwalifikowanego personelu, w tym kurator\u00f3w i doradc\u00f3w artystycznych, poprzez e-mail lub telefon dla indywidualnej obs\u0142ugi.<\/div>\n<\/div>\n<div class=\"x11i5rnm xat24cr x1mh8g0r x1vvkbs xtlvy1s x126k92a\">\n<div dir=\"auto\">5) <strong>Polityka zwrot\u00f3w i wymiany<\/strong><br \/>\nNiejasne lub restrykcyjne zasady zwrot\u00f3w i wymiany zakupionych dzie\u0142 sztuki.<\/div>\n<\/div>\n<div class=\"x11i5rnm xat24cr x1mh8g0r x1vvkbs xtlvy1s x126k92a\">\n<div dir=\"auto\"><span class=\"x3nfvp2 x1j61x8r x1fcty0u xdj266r xhhsvwb xat24cr xgzva0m xxymvpz xlup9mm x1kky2od\"><img loading=\"lazy\" decoding=\"async\" class=\"xz74otr\" src=\"https:\/\/static.xx.fbcdn.net\/images\/emoji.php\/v9\/t51\/1\/16\/1f449.png\" alt=\"?\" width=\"16\" height=\"16\" \/><\/span> Klienci kupuj\u0105cy dzie\u0142a sztuki w naszej galerii na terenie UE mog\u0105 zwr\u00f3ci\u0107 zakupiony obraz bez podania przyczyny w ci\u0105gu 14 dni od jego otrzymania.<\/div>\n<\/div>\n<div class=\"x11i5rnm xat24cr x1mh8g0r x1vvkbs xtlvy1s x126k92a\">\n<div dir=\"auto\">6) <strong>Do\u015bwiadczenie u\u017cytkownika na stronie internetowej<\/strong><br \/>\nTrudno\u015bci z nawigacj\u0105 po stronie, s\u0142aba jako\u015b\u0107 zdj\u0119\u0107 obraz\u00f3w lub brak funkcji interaktywnych.<\/div>\n<\/div>\n<div class=\"x11i5rnm xat24cr x1mh8g0r x1vvkbs xtlvy1s x126k92a\">\n<div dir=\"auto\"><span class=\"x3nfvp2 x1j61x8r x1fcty0u xdj266r xhhsvwb xat24cr xgzva0m xxymvpz xlup9mm x1kky2od\"><img loading=\"lazy\" decoding=\"async\" class=\"xz74otr\" src=\"https:\/\/static.xx.fbcdn.net\/images\/emoji.php\/v9\/t51\/1\/16\/1f449.png\" alt=\"?\" width=\"16\" height=\"16\" \/><\/span> Nasza galeria ma \u0142atw\u0105 i przejrzyst\u0105 nawigacj\u0119. Mo\u017cesz wybra\u0107 OFERT\u0118 (z podzia\u0142em na OBRAZY, GRAFIKI, INNE), mo\u017cesz u\u017cy\u0107 zak\u0142adki ARTY\u015aCI, mo\u017cesz skorzysta\u0107 z wyszukiwarki oraz ustawi\u0107 zakres cen. Zdj\u0119cia s\u0105 dobrej jako\u015bci z opcj\u0105 powi\u0119kszenia. Strona jest responsywna i zoptymalizowana dla urz\u0105dze\u0144 mobilnych.<\/div>\n<\/div>\n<div class=\"x11i5rnm xat24cr x1mh8g0r x1vvkbs xtlvy1s x126k92a\">\n<div dir=\"auto\"><strong>Wzboga\u0107 swoje wn\u0119trze &#8211; ZAPRASZAMY<\/strong><\/div>\n<\/div>\n\n\t\t<\/div>\n\t<\/div>\n<\/div><\/div><\/div><\/div>\n","protected":false},"excerpt":{"rendered":"Pi\u0119kno czy podpis? Inwestowanie w sztuk\u0119 od lat przyci\u0105ga uwag\u0119 wielu kolekcjoner\u00f3w oraz inwestor\u00f3w szukaj\u0105cych alternatywnych sposob\u00f3w na pomno\u017cenie swojego kapita\u0142u. Jednak\u017ce, zanim zdecydujemy si\u0119 na zakup pierwszego dzie\u0142a, warto zastanowi\u0107 si\u0119, co tak naprawd\u0119 kieruje naszym wyborem. Czy jest to renoma artysty, kt\u00f3rego prace zazwyczaj okre\u015blane s\u0105 mianem \"bezpiecznych inwestycji\", czy te\u017c mo\u017ce rzeczywiste [...]","protected":false},"author":1,"featured_media":0,"parent":0,"menu_order":0,"comment_status":"closed","ping_status":"closed","template":"template-page.php","meta":{"_monsterinsights_skip_tracking":false,"_monsterinsights_sitenote_active":false,"_monsterinsights_sitenote_note":"","_monsterinsights_sitenote_category":0,"_themeisle_gutenberg_block_has_review":false,"footnotes":""},"class_list":["post-32","page","type-page","status-publish","hentry"],"aioseo_notices":[],"_links":{"self":[{"href":"https:\/\/kwintesencja.art\/pl\/wp-json\/wp\/v2\/pages\/32","targetHints":{"allow":["GET"]}}],"collection":[{"href":"https:\/\/kwintesencja.art\/pl\/wp-json\/wp\/v2\/pages"}],"about":[{"href":"https:\/\/kwintesencja.art\/pl\/wp-json\/wp\/v2\/types\/page"}],"author":[{"embeddable":true,"href":"https:\/\/kwintesencja.art\/pl\/wp-json\/wp\/v2\/users\/1"}],"replies":[{"embeddable":true,"href":"https:\/\/kwintesencja.art\/pl\/wp-json\/wp\/v2\/comments?post=32"}],"version-history":[{"count":28,"href":"https:\/\/kwintesencja.art\/pl\/wp-json\/wp\/v2\/pages\/32\/revisions"}],"predecessor-version":[{"id":8875,"href":"https:\/\/kwintesencja.art\/pl\/wp-json\/wp\/v2\/pages\/32\/revisions\/8875"}],"wp:attachment":[{"href":"https:\/\/kwintesencja.art\/pl\/wp-json\/wp\/v2\/media?parent=32"}],"curies":[{"name":"wp","href":"https:\/\/api.w.org\/{rel}","templated":true}]}}