{"id":1320,"date":"2022-03-10T07:59:03","date_gmt":"2022-03-10T06:59:03","guid":{"rendered":"https:\/\/kwintesencja.art\/?page_id=1320"},"modified":"2026-04-04T19:19:53","modified_gmt":"2026-04-04T17:19:53","slug":"artysci","status":"publish","type":"page","link":"https:\/\/kwintesencja.art\/pl\/artysci\/","title":{"rendered":"Arty\u015bci"},"content":{"rendered":"<div class=\"vc_row wpb_row vc_row-fluid\"><div class=\"wpb_column vc_column_container vc_col-sm-4\"><div class=\"vc_column-inner\"><div class=\"wpb_wrapper\">\n\t<div class=\"wpb_text_column wpb_content_element \" >\n\t\t<div class=\"wpb_wrapper\">\n\t\t\t<h2>A<\/h2>\n<p><a title=\"BABULA Joanna\" href=\"\/product-tag\/wyprzedaz\">WYPRZEDA\u017b<\/a><br \/>\n<a title=\"BABULA Joanna\" href=\"\/product-tag\/artysta-nierozpoznany\">ARTYSTA NIEROZPOZNANY<\/a><br \/>\n<a title=\"BABULA Joanna\" href=\"\/product-tag\/artysta-mniej-znany\">ARTYSTA MNIEJ ZNANY<\/a><br \/>\n<a title=\"BABULA Joanna\" href=\"\/product-tag\/abakanowicz-magdalena\">ABAKANOWICZ Magdalena<\/a><br \/>\n<a title=\"BABULA Joanna\" href=\"\/product-tag\/aberdam-alfred\">ABERDAM Alfred<\/a><br \/>\n<a title=\"BABULA Joanna\" href=\"\/product-tag\/adlen-michel\">ADLEN Michel<\/a><br \/>\n<a title=\"BABULA Joanna\" href=\"\/product-tag\/adler-jankiel\">ADLER Jankiel<\/a><br \/>\n<a title=\"BABULA Joanna\" href=\"\/product-tag\/ajdukiewicz-tadeusz\">AJDUKIEWICZ Tadeusz<\/a><br \/>\n<a title=\"BABULA Joanna\" href=\"\/product-tag\/ajwazowski-iwan-konstantynowicz\">AJWAZOWSKI Iwan Konstantynowicz<\/a><br \/>\n<a title=\"BABULA Joanna\" href=\"\/product-tag\/andrychowski-andrzej\">ANDRYCHOWSKI Andrzej<\/a><\/p>\n<h2>B<\/h2>\n<p><a title=\"BABULA Joanna\" href=\"\/product-tag\/bajek-zbigniew\">BAJEK Zbigniew<\/a><br \/>\n<a title=\"BABULA Joanna\" href=\"\/product-tag\/bakalowicz-wladyslaw\">BAKA\u0141OWICZ W\u0142adys\u0142aw<\/a><br \/>\n<a title=\"BABULA Joanna\" href=\"\/product-tag\/balthus\">BALTHUS<\/a><br \/>\n<a title=\"BABULA Joanna\" href=\"\/product-tag\/balka-miroslaw\">BA\u0141KA Miros\u0142aw<\/a><br \/>\n<a title=\"CZAPSKI J\u00f3zef\" href=\"\/product-tag\/banksy\">BANKSY<\/a><br \/>\n<a title=\"CZAPSKI J\u00f3zef\" href=\"\/product-tag\/basquiat-jean-michel\">BASQUIAT Jean-Michel<\/a><br \/>\n<a title=\"BEKSI\u0143SKI Zdzis\u0142aw\" href=\"\/product-tag\/beksinski-zdzislaw\">BEKSI\u0143SKI Zdzis\u0142aw<\/a><br \/>\n<a title=\"BILSKA Ewa\" href=\"\/product-tag\/berlewi-henryk\">BERLEWI Henryk<\/a><br \/>\n<a title=\"BILSKA Ewa\" href=\"\/product-tag\/bienias-grzegorz\">BIENIAS Grzegorz<\/a><br \/>\n<a title=\"BILSKA Ewa\" href=\"\/product-tag\/bilska-ewa\">BILSKA Ewa<\/a><br \/>\n<a title=\"BO\u017bEK Kacper\" href=\"\/product-tag\/bonnefoit-alain\">BONNEFOIT Alain<\/a><br \/>\n<a title=\"BO\u017bEK Kacper\" href=\"\/product-tag\/botero-fernando\">BOTERO Fernando<\/a><br \/>\n<a title=\"BO\u017bEK Kacper\" href=\"\/product-tag\/botticelli-sandro\">BOTTICELLI Sandro<\/a><br \/>\n<a title=\"BO\u017bEK Kacper\" href=\"\/product-tag\/bozek-kacper\">BO\u017bEK Kacper<\/a><br \/>\n<a href=\"\/product-tag\/brach-stanislaw\">BRACH Stanis\u0142aw<\/a><br \/>\n<a href=\"\/product-tag\/brewka-wojciech\">BREWKA Wojciech<\/a><br \/>\n<a href=\"\/product-tag\/buffet-bernard\">BUFFET Bernard<\/a><\/p>\n<h2>C<\/h2>\n<p><a title=\"CZAPSKI J\u00f3zef\" href=\"\/product-tag\/chagall-marc\">CHAGALL Marc<\/a><br \/>\n<a title=\"CZAPSKI J\u00f3zef\" href=\"\/product-tag\/chapiro-jacques\">CHAPIRO Jacques<\/a><br \/>\n<a title=\"CZAPSKI J\u00f3zef\" href=\"\/product-tag\/chirico-giorgio\">CHIROCO Giorgio<\/a><br \/>\n<a title=\"CZAPSKI J\u00f3zef\" href=\"\/product-tag\/chrystow-slawomir\">CHRYSTOW S\u0142awomir<\/a><br \/>\n<a title=\"CZAPSKI J\u00f3zef\" href=\"\/product-tag\/chmielinski-wladyslaw\">CHMIELI\u0143SKI W\u0142adys\u0142aw<\/a><br \/>\n<a title=\"CZAPSKI J\u00f3zef\" href=\"\/product-tag\/cocteau-jean\">COCTEAU Jean<\/a><br \/>\n<a title=\"CZAPSKI J\u00f3zef\" href=\"\/product-tag\/czapski-jozef\">CZAPSKI J\u00f3zef<\/a><br \/>\n<a title=\"CZAPSKI J\u00f3zef\" href=\"\/product-tag\/czedekowski-boleslaw-jan\">CZEDEKOWSKI Boles\u0142aw Jan<\/a><br \/>\n<a title=\"CZAPSKI J\u00f3zef\" href=\"\/product-tag\/czop-zbigniew\">CZOP Zbigniew<\/a><\/p>\n<h2>D<\/h2>\n<p><a title=\"CZAPSKI J\u00f3zef\" href=\"\/product-tag\/dali-salvador\">DALI Salvador<\/a><br \/>\n<a title=\"DUDA-GRACZ Jerzy\" href=\"\/product-tag\/dubrowin-jan\">DUBROWIN Jan<\/a><br \/>\n<a title=\"DUDA-GRACZ Jerzy\" href=\"\/product-tag\/duda-gracz-jerzy\">DUDA-GRACZ Jerzy<\/a><br \/>\n<a title=\"DWURNIK Edward\" href=\"\/product-tag\/dwurnik-edward\">DWURNIK Edward<\/a><\/p>\n<h2>E<\/h2>\n<p><a title=\"DUDA-GRACZ Jerzy\" href=\"\/product-tag\/elwertowski-jakub\">ELWERTOWSKI Jakub<\/a><br \/>\n<a title=\"DUDA-GRACZ Jerzy\" href=\"\/product-tag\/epstein-henryk\">EPSTEIN Henryk<\/a><br \/>\n<a title=\"DUDA-GRACZ Jerzy\" href=\"\/product-tag\/ernst-max\">ERNST Max<\/a><\/p>\n<h2>F<\/h2>\n<p><a title=\"FIJA\u0141KOWSKI Stanis\u0142aw\" href=\"\/product-tag\/fijalkowski-stanislaw\">FIJA\u0141KOWSKI Stanis\u0142aw<\/a><br \/>\n<a title=\"FINI Leonor\" href=\"\/product-tag\/fini-leonor\">FINI Leonor<\/a><br \/>\n<a title=\"FINI Leonor\" href=\"\/product-tag\/foujita-tsuguharu\">FOUJITA Tsuguharu<\/a><\/p>\n<h2>G<\/h2>\n<p><a title=\"GOTTLIEB Leopold\" href=\"\/product-tag\/gaj-jacek\">GAJ Jacek<\/a><br \/>\n<a title=\"GOTTLIEB Leopold\" href=\"\/product-tag\/gieraga-andrzej\">GIERAGA Andrzej<\/a><br \/>\n<a title=\"GOTTLIEB Leopold\" href=\"\/product-tag\/goldberg-chaim\">GOLDBERG Chaim<\/a><br \/>\n<a title=\"GOTTLIEB Leopold\" href=\"\/product-tag\/gottlieb-leopold\">GOTTLIEB Leopold<\/a><br \/>\n<a href=\"\/product-tag\/gorecka-dorota\">G\u00d3RECKA Dorota<\/a><br \/>\n<a title=\"GREENE Milton\" href=\"\/product-tag\/grabowski-stanislaw\">GRABOWSKI Stanis\u0142aw<\/a><br \/>\n<a title=\"GREENE Milton\" href=\"\/product-tag\/greene-milton\">GREENE Milton<\/a><br \/>\n<a href=\"\/product-tag\/gromaire-marcel\">GROMAIRE Marcel<\/a><br \/>\n<a href=\"\/product-tag\/grosz-george\">GROSZ George<\/a><br \/>\n<a href=\"\/product-tag\/grunsweigh-nathan\">GRUNSWEIGH Nathan<\/a><\/p>\n<h2>H<\/h2>\n<p><a title=\"HAYDEN Henryk\" href=\"\/product-tag\/haring-keith\">HARING Keith<\/a><br \/>\n<a title=\"HAYDEN Henryk\" href=\"\/product-tag\/hasior-wladyslaw\">HASIOR W\u0142adys\u0142aw<\/a><br \/>\n<a title=\"HAYDEN Henryk\" href=\"\/product-tag\/hassenberg-irena-reno\">HASSENBERG Irena (Reno)<\/a><br \/>\n<a title=\"HAYDEN Henryk\" href=\"\/product-tag\/hayden-henryk\">HAYDEN Henryk<\/a><br \/>\n<a title=\"HAYDEN Henryk\" href=\"\/product-tag\/henner-jean-jacques\">HENNER Jean Jacques<\/a><br \/>\n<a title=\"HAYDEN Henryk\" href=\"\/product-tag\/hofman-wlastimil\">HOFMAN Wlastimil<\/a><br \/>\n<a title=\"HAYDEN Henryk\" href=\"\/product-tag\/hopper-edward\">HOPPER Edward<\/a><\/p>\n\n\t\t<\/div>\n\t<\/div>\n<\/div><\/div><\/div><div class=\"wpb_column vc_column_container vc_col-sm-4\"><div class=\"vc_column-inner\"><div class=\"wpb_wrapper\">\n\t<div class=\"wpb_text_column wpb_content_element \" >\n\t\t<div class=\"wpb_wrapper\">\n\t\t\t<h2>J<\/h2>\n<p><a title=\"KANTOR Tadeusz\" href=\"\/product-tag\/jahl-wladyslaw-alojzy\">JAHL W\u0142adys\u0142aw Alojzy<\/a><\/p>\n<h2>K<\/h2>\n<p><a title=\"KANTOR Tadeusz\" href=\"\/product-tag\/kahlo-frida\">KAHLO Frida<\/a><br \/>\n<a title=\"KANTOR Tadeusz\" href=\"\/product-tag\/kamocki-stanislaw\">KAMOCKI Stanis\u0142aw<\/a><br \/>\n<a title=\"KANTOR Tadeusz\" href=\"\/product-tag\/kandinsky-wassily\">KANDINSKY Wassily<\/a><br \/>\n<a title=\"KANTOR Tadeusz\" href=\"\/product-tag\/kanelba-rajmund\">KANELBA Rajmund<\/a><br \/>\n<a title=\"KANTOR Tadeusz\" href=\"\/product-tag\/kantor-tadeusz\">KANTOR Tadeusz<\/a><br \/>\n<a href=\"\/product-tag\/karpinski-alfons\">KARPI\u0143SKI Alfons<\/a><br \/>\n<a title=\"KARWACKI Janusz\" href=\"\/product-tag\/karwacki-janusz\">KARWACKI Janusz<\/a><br \/>\n<a title=\"KARWACKI Janusz\" href=\"\/product-tag\/kasprowicz-jan-maksymilian\">KASPROWICZ Jan Maksymilian<\/a><br \/>\n<a title=\"KARWACKI Janusz\" href=\"\/product-tag\/kikoine-michel\">KIKOINE Michel<\/a><br \/>\n<a title=\"KARWACKI Janusz\" href=\"\/product-tag\/kisling-mojzesz\">KISLING Moj\u017cesz<\/a><br \/>\n<a title=\"KANTOR Tadeusz\" href=\"\/product-tag\/klee-paul\">KLEE Paul<\/a><br \/>\n<a title=\"KANTOR Tadeusz\" href=\"\/product-tag\/klimek-ludwik\">KLIMEK Ludwik<\/a><br \/>\n<a title=\"KANTOR Tadeusz\" href=\"\/product-tag\/klimt-gustav\">KLIMT Gustav<\/a><br \/>\n<a title=\"KANTOR Tadeusz\" href=\"\/product-tag\/kochanowski-roman\">KOCHANOWSKI Roman<\/a><br \/>\n<a title=\"KANTOR Tadeusz\" href=\"\/product-tag\/kokoschka-oskar\">KOKOSCHKA Oskar<\/a><br \/>\n<a title=\"KANTOR Tadeusz\" href=\"\/product-tag\/korecki-wiktor\">KORECKI Wiktor<\/a><br \/>\n<a title=\"KANTOR Tadeusz\" href=\"\/product-tag\/korzeniowska-wanda\">KORZENIOWSKA Wanda<\/a><br \/>\n<a title=\"KANTOR Tadeusz\" href=\"\/product-tag\/kossak\">KOSSAK<\/a><br \/>\n<a title=\"KANTOR Tadeusz\" href=\"\/product-tag\/krasnals\">KRASNALS<\/a><br \/>\n<a title=\"KANTOR Tadeusz\" href=\"\/product-tag\/kraszewska-otolia\">KRASZEWSKA Otolia<\/a><br \/>\n<a title=\"KANTOR Tadeusz\" href=\"\/product-tag\/kremegne-pinchus\">KREMEGNE Pinchus<\/a><br \/>\n<a href=\"\/product-tag\/kukla-qkla-piotr\">KUKLA Qkla Piotr<\/a><br \/>\n<a href=\"\/product-tag\/kuryluk-ewa\">KURYLUK Ewa<\/a><\/p>\n<h2>L<\/h2>\n<p><a title=\"MALCZEWSKI \u0141ukasz\" href=\"\/product-tag\/lambert-rucki-jean\">LAMBERT-RUCKI Jean<\/a><br \/>\n<a title=\"MALCZEWSKI \u0141ukasz\" href=\"\/product-tag\/landau-zygmunt\">LANDAU Zygmunt<\/a><br \/>\n<a title=\"MALCZEWSKI \u0141ukasz\" href=\"\/product-tag\/laurencin-marie\">LAURENCIN Marie<\/a><br \/>\n<a title=\"MALCZEWSKI \u0141ukasz\" href=\"\/product-tag\/lautrec-henri-toulouse\">LAUTREC Henri Toulouse<\/a><br \/>\n<a title=\"MALCZEWSKI \u0141ukasz\" href=\"\/product-tag\/leger-fernand\">LEGER Fernand<\/a><br \/>\n<a title=\"MALCZEWSKI \u0141ukasz\" href=\"\/product-tag\/lebenstein-jan\">LEBENSTEIN Jan<\/a><br \/>\n<a title=\"MALCZEWSKI \u0141ukasz\" href=\"\/product-tag\/lichtenstein-roy\">LICHTENSTEIN Roy<\/a><\/p>\n<h2>\u0141<\/h2>\n<p><a title=\"MALCZEWSKI \u0141ukasz\" href=\"\/product-tag\/lempicka-tamara\">\u0141EMPICKA Tamara<\/a><\/p>\n<h2>M<\/h2>\n<p><a title=\"MALCZEWSKI \u0141ukasz\" href=\"\/product-tag\/magritte-rene\">MAGRITTE Rene<\/a><br \/>\n<a title=\"MALCZEWSKI \u0141ukasz\" href=\"\/product-tag\/makabresku-laura\">MAKABRESKU Laura<\/a><br \/>\n<a title=\"MALCZEWSKI \u0141ukasz\" href=\"\/product-tag\/makowski-tadeusz\">MAKOWSKI Tadeusz<\/a><br \/>\n<a title=\"MALCZEWSKI \u0141ukasz\" href=\"\/product-tag\/malczewski-lukasz\">MALCZEWSKI \u0141ukasz<\/a><br \/>\n<a title=\"MALCZEWSKI \u0141ukasz\" href=\"\/product-tag\/markiel-jakub\">MARKIEL Jakub<\/a><br \/>\n<a title=\"MALCZEWSKI \u0141ukasz\" href=\"\/product-tag\/masson-andre\">MASSON Andre<\/a><br \/>\n<a title=\"MALCZEWSKI \u0141ukasz\" href=\"\/product-tag\/masluszczak-franciszek\">MA\u015aLUSZCZAK Franciszek<\/a><br \/>\n<a title=\"MALCZEWSKI \u0141ukasz\" href=\"\/product-tag\/menkes-zygmunt\">MENKES Zygmunt<\/a><br \/>\n<a title=\"MICHALSKA Paulina\" href=\"\/product-tag\/mianowski-lucjan\">MIANOWSKI Lucjan<\/a><br \/>\n<a title=\"MICHALSKA Paulina\" href=\"\/product-tag\/michalowski-herman\">MICHA\u0141OWSKI Herman<\/a><br \/>\n<a title=\"MIERNIK Magdalena\" href=\"\/product-tag\/miernik-magdalena\">MIERNIK Magdalena<\/a><br \/>\n<a title=\"MIERNIK Magdalena\" href=\"\/product-tag\/milich-adolf\">MILICH Adolf<\/a><br \/>\n<a title=\"MIERNIK Magdalena\" href=\"\/product-tag\/miro-joan\">MIRO Joan<\/a><br \/>\n<a title=\"MIERNIK Magdalena\" href=\"\/product-tag\/mitoraj-igor\">MITORAJ Igor<\/a><br \/>\n<a title=\"MIERNIK Magdalena\" href=\"\/product-tag\/modigliani-amadeo\">MODIGLIANI Amadeo<\/a><br \/>\n<a title=\"MIERNIK Magdalena\" href=\"\/product-tag\/mondzain-simon\">MONDZAIN Simon<\/a><br \/>\n<a title=\"MIERNIK Magdalena\" href=\"\/product-tag\/mucha-alfons\">MUCHA Alfons<\/a><br \/>\n<a title=\"MIERNIK Magdalena\" href=\"\/product-tag\/munch-edvard\">MUNCH Edvard<\/a><br \/>\n<a title=\"MIERNIK Magdalena\" href=\"\/product-tag\/murakami-takashi\">MURAKAMI Takashi<\/a><br \/>\n<a title=\"MIERNIK Magdalena\" href=\"\/product-tag\/murawska-beata\">MURAWSKA Beata<\/a><br \/>\n<a title=\"MIERNIK Magdalena\" href=\"\/product-tag\/muter-mela\">MUTER Mela<\/a><\/p>\n<h2>N<\/h2>\n<p><a title=\"NIEDBA\u0141OWSKA Joanna\" href=\"\/product-tag\/niedbalowska-joanna\">NIEDBA\u0141OWSKA Joanna<\/a><br \/>\n<a title=\"NIEDBA\u0141OWSKA Joanna\" href=\"\/product-tag\/nikifor\">NIKIFOR<\/a><br \/>\n<a title=\"NOWOSIELSKI Jerzy\" href=\"\/product-tag\/nowosielski-jerzy\">NOWOSIELSKI Jerzy<\/a><\/p>\n<h2>O<\/h2>\n<p><a title=\"OLBI\u0143SKI Rafa\u0142\" href=\"\/product-tag\/olbinski-rafal\">OLBI\u0143SKI Rafa\u0142<\/a><br \/>\n<a title=\"OPA\u0141KA Henryk\" href=\"\/product-tag\/opalka-henryk\">OPA\u0141KA Henryk<\/a><\/p>\n<h2>P<\/h2>\n<p><a title=\"PICASSO Pablo\" href=\"\/product-tag\/palucha-jacek\">PA\u0141UCHA Jacek<\/a><br \/>\n<a title=\"PICASSO Pablo\" href=\"\/product-tag\/panek-jerzy\">PANEK Jerzy<\/a><br \/>\n<a title=\"PICASSO Pablo\" href=\"\/product-tag\/peske-jean\">PESKE Jean<\/a><br \/>\n<a title=\"PICASSO Pablo\" href=\"\/product-tag\/picasso-pablo\">PICASSO Pablo<\/a><br \/>\n<a title=\"PICASSO Pablo\" href=\"\/product-tag\/pietsch-andrzej\">PIETSCH Andrzej<\/a><br \/>\n<a title=\"P\u0141UCIENNIK Henryk\" href=\"\/product-tag\/plociennik-henryk\">P\u0141\u00d3CIENNIK Henryk<\/a><br \/>\n<a title=\"P\u0141UCIENNIK Henryk\" href=\"\/product-tag\/potworowski-piotr\">POTWOROWSKI Piotr<\/a><br \/>\n<a title=\"P\u0141UCIENNIK Henryk\" href=\"\/product-tag\/pressmane-joseph\">PRESSMANE Joseph<\/a><\/p>\n\n\t\t<\/div>\n\t<\/div>\n<\/div><\/div><\/div><div class=\"wpb_column vc_column_container vc_col-sm-4\"><div class=\"vc_column-inner\"><div class=\"wpb_wrapper\">\n\t<div class=\"wpb_text_column wpb_content_element \" >\n\t\t<div class=\"wpb_wrapper\">\n\t\t\t<h2>R<\/h2>\n<p><a title=\"REMBRANDT\" href=\"\/product-tag\/renoir-pierre-auguste\">RENOIR Pierre-Auguste<\/a><br \/>\n<a title=\"REMBRANDT\" href=\"\/product-tag\/rembrandt\">REMBRANDT<\/a><br \/>\n<a title=\"REMBRANDT\" href=\"\/product-tag\/rieper-august\">RIEPER August<\/a><\/p>\n<h2>S<\/h2>\n<p><a title=\"S\u0118TOWSK Tomasz\" href=\"\/product-tag\/saudek-jan\">SAUDEK Jan<\/a><a title=\"S\u0118TOWSK Tomasz\" href=\"\/product-tag\/setowski-tomasz\"><br \/>\n<\/a><a title=\"SREBRO Joanna\" href=\"\/product-tag\/saudkova-sara\">SAUDKOVA Sara<\/a><br \/>\n<a title=\"SREBRO Joanna\" href=\"\/product-tag\/schiele-egon\">SCHIELE Egon<\/a><br \/>\n<a title=\"SREBRO Joanna\" href=\"\/product-tag\/setkowicz-adam\">SETKOWICZ Adam<\/a><br \/>\n<a title=\"S\u0118TOWSK Tomasz\" href=\"\/product-tag\/setowski-tomasz\">S\u0118TOWSKI Tomasz<\/a><br \/>\n<a title=\"S\u0118TOWSK Tomasz\" href=\"\/product-tag\/skorczewski-krzysztof\">SK\u00d3RCZEWSKI Krzysztof<\/a><br \/>\n<a title=\"S\u0118TOWSK Tomasz\" href=\"\/product-tag\/smola-artur\">SMO\u0141A Artur<\/a><br \/>\n<a title=\"S\u0118TOWSK Tomasz\" href=\"\/product-tag\/sobel-judyta\">SOBEL Judyta<\/a><br \/>\n<a title=\"SREBRO Joanna\" href=\"\/product-tag\/srebro-joanna\">SREBRO Joanna<\/a><br \/>\n<a title=\"SROKA Jacek\" href=\"\/product-tag\/sroka-jacek\">SROKA Jacek<\/a><br \/>\n<a title=\"SROKA Jacek\" href=\"\/product-tag\/stanislawski-jan\">STANIS\u0141AWSKI Jan<\/a><br \/>\n<a title=\"SROKA Jacek\" href=\"\/product-tag\/starowieyski-franciszek\">STAROWIEYSKI Franciszek<\/a><br \/>\n<a title=\"S\u0118TOWSK Tomasz\" href=\"\/product-tag\/stern-jonasz\">STERN Jonasz<\/a><br \/>\n<a title=\"S\u0118TOWSK Tomasz\" href=\"\/product-tag\/stryjenska-zofia\">STRYJE\u0143SKA Zofia<\/a><br \/>\n<a title=\"S\u0118TOWSK Tomasz\" href=\"\/product-tag\/szankowski-boleslaw\">SZA\u0143KOWSKI Boles\u0142aw<\/a><br \/>\n<a title=\"S\u0118TOWSK Tomasz\" href=\"\/product-tag\/szydlowska-katarzyna\">SZYD\u0141OWSKA Katarzyna<\/a><\/p>\n<h2>\u015a<\/h2>\n<p><a href=\"\/product-tag\/sliwinska-anna\">\u015aLIWI\u0143SKA Anna<\/a><\/p>\n<h2>T<\/h2>\n<p><a title=\"TARASIN Jan\" href=\"\/product-tag\/talwinski-igor\">TALWI\u0143SKI Igor<\/a><br \/>\n<a title=\"TARASIN Jan\" href=\"\/product-tag\/tarasin-jan\">TARASIN Jan<\/a><br \/>\n<a title=\"TARASIN Jan\" href=\"\/product-tag\/terlikowski-wlodzimierz\">TERLIKOWSKI W\u0142odzimierz<\/a><br \/>\n<a title=\"TARASIN Jan\" href=\"\/product-tag\/trusz-iwan\">TRUSZ Iwan<\/a><\/p>\n<h2>U<\/h2>\n<p><a title=\"UTAGAWA Kunisada\" href=\"\/product-tag\/utagawa-kunisada\">UTAGAWA Kunisada<\/a><br \/>\n<a href=\"\/product-tag\/utagawa-kuniyoshi\">UTAGAWA Kuniyoshi<\/a><br \/>\n<a href=\"\/product-tag\/utrillo-maurice\">UTRILLO Maurice<\/a><\/p>\n<h2>V<\/h2>\n<p><a href=\"\/product-tag\/valadon-suzanne\">VALADON Suzanne<\/a><br \/>\n<a href=\"\/product-tag\/vasarely-victor\">VASARELY Victor<\/a><br \/>\n<a href=\"\/product-tag\/velazquez-diego\">VELAZQUEZ Diego<\/a><br \/>\n<a href=\"\/product-tag\/vinci-leonardo\">VINCI Leonardo<\/a><\/p>\n<h2>W<\/h2>\n<p><a title=\"WALCZAK Ireneusz\" href=\"\/product-tag\/walczak-ireneusz\">WALCZAK Ireneusz<\/a><br \/>\n<a title=\"WARHOL Andy\" href=\"\/product-tag\/warhol-andy\">WARHOL Andy<\/a><br \/>\n<a href=\"\/product-tag\/weinbaum-abraham\">WEINBAUM Abraham<\/a><br \/>\n<a href=\"\/product-tag\/weingart-joachim\">WEINGART Joachim<\/a><br \/>\n<a href=\"\/product-tag\/weiss-irena\">WEISS Irena<\/a><br \/>\n<a href=\"\/product-tag\/wejman-mieczyslaw\">WEJMAN Mieczys\u0142aw<\/a><br \/>\n<a title=\"WEJMAN Stanis\u0142aw\" href=\"\/product-tag\/wejman-stanislaw\">WEJMAN Stanis\u0142aw<\/a><br \/>\n<a href=\"\/product-tag\/wenska-sylwia\">WENSKA Sylwia<\/a><br \/>\n<a title=\"WESTWALEWICZ Stanis\u0142aw\" href=\"\/product-tag\/westwalewicz-stanislaw\">WESTWALEWICZ Stanis\u0142aw<\/a><br \/>\n<a title=\"WALCZAK Ireneusz\" href=\"\/product-tag\/witold-k\">WITOLD K<\/a><br \/>\n<a title=\"WALCZAK Ireneusz\" href=\"\/product-tag\/wodzinowski-wincenty\">WODZINOWSKI Wincenty<\/a><br \/>\n<a title=\"WALCZAK Ireneusz\" href=\"\/product-tag\/wygrzywalski-feliks-michal\">WYGRZYWALSKI Feliks Micha\u0142<\/a><\/p>\n<h2>Y<\/h2>\n<p><a title=\"YERKA Jacek\" href=\"\/product-tag\/yerka-jacek\">YERKA Jacek<\/a><\/p>\n<h2>Z<\/h2>\n<p><a title=\"YERKA Jacek\" href=\"\/product-tag\/zadkine-ossip\">ZADKINE Ossip<\/a><br \/>\n<a title=\"YERKA Jacek\" href=\"\/product-tag\/zak-eugeniusz\">ZAK Eugeniusz<\/a><br \/>\n<a title=\"YERKA Jacek\" href=\"\/product-tag\/zakrzewski-wlodzimierz\">ZAKRZEWSKI W\u0142odzimierz<\/a><br \/>\n<a title=\"YERKA Jacek\" href=\"\/product-tag\/zucker-jakub\">ZUCKER Jakub<\/a><\/p>\n<h2>\u017b<\/h2>\n<p><a title=\"YERKA Jacek\" href=\"\/product-tag\/zurawski-stanislaw\">\u017bURAWSKI Stanis\u0142aw<\/a><\/p>\n\n\t\t<\/div>\n\t<\/div>\n<\/div><\/div><\/div><\/div>\n","protected":false},"excerpt":{"rendered":"A WYPRZEDA\u017b ARTYSTA NIEROZPOZNANY ARTYSTA MNIEJ ZNANY ABAKANOWICZ Magdalena ABERDAM Alfred ADLEN Michel ADLER Jankiel AJDUKIEWICZ Tadeusz AJWAZOWSKI Iwan Konstantynowicz ANDRYCHOWSKI Andrzej B BAJEK Zbigniew BAKA\u0141OWICZ W\u0142adys\u0142aw BALTHUS BA\u0141KA Miros\u0142aw BANKSY BASQUIAT Jean-Michel BEKSI\u0143SKI Zdzis\u0142aw BERLEWI Henryk BIENIAS Grzegorz BILSKA Ewa BONNEFOIT Alain BOTERO Fernando BOTTICELLI Sandro BO\u017bEK Kacper BRACH Stanis\u0142aw BREWKA Wojciech BUFFET Bernard [...]","protected":false},"author":1,"featured_media":0,"parent":0,"menu_order":0,"comment_status":"closed","ping_status":"closed","template":"template-page.php","meta":{"_monsterinsights_skip_tracking":false,"_monsterinsights_sitenote_active":false,"_monsterinsights_sitenote_note":"","_monsterinsights_sitenote_category":0,"_themeisle_gutenberg_block_has_review":false,"footnotes":""},"class_list":["post-1320","page","type-page","status-publish","hentry"],"aioseo_notices":[],"_links":{"self":[{"href":"https:\/\/kwintesencja.art\/pl\/wp-json\/wp\/v2\/pages\/1320","targetHints":{"allow":["GET"]}}],"collection":[{"href":"https:\/\/kwintesencja.art\/pl\/wp-json\/wp\/v2\/pages"}],"about":[{"href":"https:\/\/kwintesencja.art\/pl\/wp-json\/wp\/v2\/types\/page"}],"author":[{"embeddable":true,"href":"https:\/\/kwintesencja.art\/pl\/wp-json\/wp\/v2\/users\/1"}],"replies":[{"embeddable":true,"href":"https:\/\/kwintesencja.art\/pl\/wp-json\/wp\/v2\/comments?post=1320"}],"version-history":[{"count":164,"href":"https:\/\/kwintesencja.art\/pl\/wp-json\/wp\/v2\/pages\/1320\/revisions"}],"predecessor-version":[{"id":9686,"href":"https:\/\/kwintesencja.art\/pl\/wp-json\/wp\/v2\/pages\/1320\/revisions\/9686"}],"wp:attachment":[{"href":"https:\/\/kwintesencja.art\/pl\/wp-json\/wp\/v2\/media?parent=1320"}],"curies":[{"name":"wp","href":"https:\/\/api.w.org\/{rel}","templated":true}]}}