{"id":996,"date":"2022-03-04T22:49:14","date_gmt":"2022-03-04T21:49:14","guid":{"rendered":"https:\/\/kwintesencja.dkonto.pl\/?post_type=product&#038;p=996"},"modified":"2025-12-20T00:56:58","modified_gmt":"2025-12-19T23:56:58","slug":"chciwosc","status":"publish","type":"product","link":"https:\/\/kwintesencja.art\/en\/product\/chciwosc\/","title":{"rendered":"Chciwo\u015b\u0107"},"content":{"rendered":"<p>\u201eHodujemy grzechy, sami. Albo raczej uprawiamy je w ogrodach \u017cycia, niczym pi\u0119kne ro\u015bliny o okaza\u0142ych kwiatach\u201d.<\/p>\n<p>O arty\u015bcie:<\/p>\n<p>Magdalena Miernik urodzona w 1971 r w Kielcach. Uko\u0144czy\u0142a biologi\u0119 na WSP w Kielcach. Nast\u0119pnie malarstwo na krakowskiej Akademii Sztuk Pi\u0119knych. Studiowa\u0142a w pracowniach prof. A. Brinckena i prof. J .Waltosia tak\u017ce na Wydziale Grafiki \u2013w pracowni Wkl\u0119s\u0142odruku u prof. A. Pietscha oraz w pracowni Ksi\u0105\u017cki i Typografii u prof. R. Banaszewskiego. W 2001 r uzyska\u0142a dyplom z malarstwa sztalugowego w pracowni prof. G.Bednarskiego. Od 2001 jest pracownikiem naukowo-dydaktycznym w Instytucie Edukacji Szkolnej na Uniwersytecie Humanistyczno-Przyrodniczym Jana Kochanowskiego w Kielcach. W 2010 obroni\u0142a prac\u0119 doktorsk\u0105 pt Cytaty naturalne, pod kierunkiem prof. Ma\u0142gorzaty Bieleckiej. W trakcie pracy na uczelni opublikowa\u0142am kilka tekst\u00f3w m.in.: \u201eRozwa\u017cania o natchnieniu\u201d, \u201ePi\u0119kno?\u201d, \u201ePrzyroda w sztukach plastycznych\u201d- rys historyczny. Mia\u0142a kilkana\u015bcie wystaw indywidualnych i zbiorowych swoich prac.<\/p>","protected":false},"excerpt":{"rendered":"<p>Tytu\u0142: Chciwo\u015b\u0107 (z cyklu Grzechy i Cnoty)<\/p>\n<p>Autor: Magdalena Miernik<\/p>\n<p>Rok: 2010<\/p>\n<p>Technika: Olej na p\u0142\u00f3tnie.<\/p>\n<p>Oprawa: nie<\/p>\n<p>Wymiary: 120&#215;120 cm<\/p>\n<p>Stan zachowania: bardzo dobry<\/p>\n<p>Certificate of Authenticity<\/p>","protected":false},"featured_media":990,"template":"","meta":{"_monsterinsights_skip_tracking":false,"_monsterinsights_sitenote_active":false,"_monsterinsights_sitenote_note":"","_monsterinsights_sitenote_category":0,"_themeisle_gutenberg_block_has_review":false},"product_cat":[39],"product_tag":[61,350],"class_list":["post-996","product","type-product","status-publish","has-post-thumbnail","hentry","product_cat-obrazy","product_tag-miernik-magdalena","product_tag-wyprzedaz","product_shipping_class-rodzaj-wysylki-3"],"aioseo_notices":[],"_links":{"self":[{"href":"https:\/\/kwintesencja.art\/en\/wp-json\/wp\/v2\/product\/996","targetHints":{"allow":["GET"]}}],"collection":[{"href":"https:\/\/kwintesencja.art\/en\/wp-json\/wp\/v2\/product"}],"about":[{"href":"https:\/\/kwintesencja.art\/en\/wp-json\/wp\/v2\/types\/product"}],"wp:featuredmedia":[{"embeddable":true,"href":"https:\/\/kwintesencja.art\/en\/wp-json\/wp\/v2\/media\/990"}],"wp:attachment":[{"href":"https:\/\/kwintesencja.art\/en\/wp-json\/wp\/v2\/media?parent=996"}],"wp:term":[{"taxonomy":"product_cat","embeddable":true,"href":"https:\/\/kwintesencja.art\/en\/wp-json\/wp\/v2\/product_cat?post=996"},{"taxonomy":"product_tag","embeddable":true,"href":"https:\/\/kwintesencja.art\/en\/wp-json\/wp\/v2\/product_tag?post=996"}],"curies":[{"name":"wp","href":"https:\/\/api.w.org\/{rel}","templated":true}]}}