{"id":9704,"date":"2026-04-04T20:49:20","date_gmt":"2026-04-04T18:49:20","guid":{"rendered":"https:\/\/kwintesencja.art\/?post_type=product&#038;p=9704"},"modified":"2026-04-04T20:54:17","modified_gmt":"2026-04-04T18:54:17","slug":"centurion","status":"publish","type":"product","link":"https:\/\/kwintesencja.art\/en\/product\/centurion\/","title":{"rendered":"Centurion"},"content":{"rendered":"<p>Igor Mitoraj (1944\u20132014) by\u0142 jednym z najwybitniejszych i najbardziej rozpoznawalnych polskich rze\u017abiarzy wsp\u00f3\u0142czesnych. Studiowa\u0142 malarstwo w Akademii Sztuk Pi\u0119knych w Krakowie pod kierunkiem Tadeusza Kantora, a po wyje\u017adzie do Pary\u017ca kontynuowa\u0142 nauk\u0119 w \u00c9cole nationale sup\u00e9rieure des beaux-arts. W po\u0142owie lat 70. zwr\u00f3ci\u0142 si\u0119 ku rze\u017abie; prze\u0142omem sta\u0142a si\u0119 jego paryska wystawa w galerii La Hune w 1976 roku. Tworzy\u0142 charakterystyczne g\u0142owy, torsy i fragmentaryczne postaci, cz\u0119sto spowite banda\u017cami, nawi\u0105zuj\u0105ce do tradycji antyku, a zarazem m\u00f3wi\u0105ce o krucho\u015bci, zranieniu i przemijaniu. Z czasem realizowa\u0142 r\u00f3wnie\u017c monumentalne rze\u017aby z br\u0105zu i marmuru, obecne w reprezentacyjnych przestrzeniach wielu miast Europy, USA i Japonii. Przez lata zwi\u0105zany by\u0142 tak\u017ce z Pietrasant\u0105 we W\u0142oszech, gdzie mia\u0142 swoj\u0105 pracowni\u0119, a jego dorobek obejmowa\u0142 ponad 120 wystaw indywidualnych na ca\u0142ym \u015bwiecie.<\/p>","protected":false},"excerpt":{"rendered":"<p>Igor Mitoraj (1944\u20132014), Centurion<br \/>\nBr\u0105z patynowany (patyna antyczna)<br \/>\nSygnowany na szyjce: <em>Mitoraj<\/em><br \/>\nNumerowany: 596\/1500<br \/>\nWysoko\u015b\u0107: 18 cm<\/p>\n<p>Rze\u017aba przedstawiaj\u0105ca stylizowan\u0105 g\u0142ow\u0119 o monumentalnych, klasycyzuj\u0105cych rysach jest charakterystycznym przyk\u0142adem tw\u00f3rczo\u015bci Igora Mitoraja \u2013 jednego z najwa\u017cniejszych polskich rze\u017abiarzy drugiej po\u0142owy XX wieku. Artysta ch\u0119tnie odwo\u0142ywa\u0142 si\u0119 do estetyki sztuki antycznej, tworz\u0105c fragmentaryczne torsy i g\u0142owy inspirowane rze\u017ab\u0105 greck\u0105 i rzymsk\u0105.<\/p>","protected":false},"featured_media":9705,"template":"","meta":{"_monsterinsights_skip_tracking":false,"_monsterinsights_sitenote_active":false,"_monsterinsights_sitenote_note":"","_monsterinsights_sitenote_category":0,"_themeisle_gutenberg_block_has_review":false},"product_cat":[15],"product_tag":[239],"class_list":["post-9704","product","type-product","status-publish","has-post-thumbnail","hentry","product_cat-pozostale","product_tag-mitoraj-igor","product_shipping_class-rodzaj-wysylki-3"],"aioseo_notices":[],"_links":{"self":[{"href":"https:\/\/kwintesencja.art\/en\/wp-json\/wp\/v2\/product\/9704","targetHints":{"allow":["GET"]}}],"collection":[{"href":"https:\/\/kwintesencja.art\/en\/wp-json\/wp\/v2\/product"}],"about":[{"href":"https:\/\/kwintesencja.art\/en\/wp-json\/wp\/v2\/types\/product"}],"wp:featuredmedia":[{"embeddable":true,"href":"https:\/\/kwintesencja.art\/en\/wp-json\/wp\/v2\/media\/9705"}],"wp:attachment":[{"href":"https:\/\/kwintesencja.art\/en\/wp-json\/wp\/v2\/media?parent=9704"}],"wp:term":[{"taxonomy":"product_cat","embeddable":true,"href":"https:\/\/kwintesencja.art\/en\/wp-json\/wp\/v2\/product_cat?post=9704"},{"taxonomy":"product_tag","embeddable":true,"href":"https:\/\/kwintesencja.art\/en\/wp-json\/wp\/v2\/product_tag?post=9704"}],"curies":[{"name":"wp","href":"https:\/\/api.w.org\/{rel}","templated":true}]}}