{"id":9687,"date":"2026-04-04T19:26:13","date_gmt":"2026-04-04T17:26:13","guid":{"rendered":"https:\/\/kwintesencja.art\/?post_type=product&#038;p=9687"},"modified":"2026-04-04T19:27:12","modified_gmt":"2026-04-04T17:27:12","slug":"profil-kobiety","status":"publish","type":"product","link":"https:\/\/kwintesencja.art\/en\/product\/profil-kobiety\/","title":{"rendered":"Profil kobiety"},"content":{"rendered":"<p><strong>Wanda Korzeniowska<\/strong> by\u0142a malark\u0105 i rysowniczk\u0105 dzia\u0142aj\u0105c\u0105 na prze\u0142omie XIX i XX wieku, zwi\u0105zan\u0105 z kr\u0119giem artystycznym Galicji oraz \u015brodowiskiem krakowskim. Kszta\u0142ci\u0142a si\u0119 w okresie, gdy dost\u0119p kobiet do akademickiej edukacji artystycznej by\u0142 wci\u0105\u017c ograniczony, dlatego \u2013 podobnie jak wiele artystek jej pokolenia \u2013 zdobywa\u0142a wykszta\u0142cenie w prywatnych pracowniach i szko\u0142ach artystycznych.<\/p>\n<p>Jej tw\u00f3rczo\u015b\u0107 obejmowa\u0142a przede wszystkim <strong>portret i studium g\u0142owy<\/strong>, wykonywane w technikach rysunkowych i pastelowych. Artystka koncentrowa\u0142a si\u0119 na subtelnym modelunku twarzy i psychologicznym uj\u0119ciu postaci. Charakterystyczne dla jej prac jest mi\u0119kkie prowadzenie kreski, delikatne przej\u015bcia tonalne oraz skupienie na indywidualnym wyrazie modela.<\/p>\n<p>Pastel <strong>\u201eProfil kobiety\u201d<\/strong> jest reprezentatywnym przyk\u0142adem tej wra\u017cliwo\u015bci \u2013 kompozycja oparta zosta\u0142a na klasycznym uj\u0119ciu profilowym, podkre\u015blaj\u0105cym lini\u0119 nosa, ust i brody oraz spokojny, introspektywny charakter przedstawionej postaci. T\u0142o zosta\u0142o potraktowane szkicowo, dzi\u0119ki czemu ca\u0142a uwaga skupia si\u0119 na twarzy modelki i subtelnym modelunku \u015bwiat\u0142ocieniowym.<\/p>\n<p>Tw\u00f3rczo\u015b\u0107 Korzeniowskiej wpisuje si\u0119 w szeroki nurt dzia\u0142alno\u015bci <strong>polskich artystek prze\u0142omu XIX i XX wieku<\/strong>, kt\u00f3rych dorobek w ostatnich latach poddawany jest ponownej rewaluacji badawczej i muzealnej. Obecno\u015b\u0107 pracy na wystawie <strong>\u201eCo babie do p\u0119dzla?! Artystki polskie 1850\u20131950\u201d<\/strong> w Muzeum Narodowym w Lublinie potwierdza rosn\u0105ce zainteresowanie tw\u00f3rczo\u015bci\u0105 tej generacji artystek.<\/p>","protected":false},"excerpt":{"rendered":"<p><strong>Wanda Korzeniowska (1873\u20131939)<\/strong><br \/>\n<strong>Profil kobiety<\/strong>, 1 \u0107w. XX w.<br \/>\nPastel na kartonie<br \/>\nWymiary: 55 x 43 cm (owal)<\/p>\n<p><strong>Pochodzenie:<\/strong><br \/>\n\u2013 kolekcja prywatna<\/p>\n<p><strong>Wystawiana:<\/strong><br \/>\n\u2013 \u201eCo babie do p\u0119dzla?! Artystki polskie 1850\u20131950\u201d, Muzeum Narodowe w Lublinie, Zamek Lubelski, 25.04\u20135.10.2025<\/p>\n<p><strong>Reprodukcje:<\/strong><br \/>\n\u2013 katalog wystawy: <em>\u201eCo babie do p\u0119dzla?! Artystki polskie 1850\u20131950 \/ \u2018A Woman and a Paintbrush? Nonsense! Polish Women Artists 1850\u20131950\u2019\u201d<\/em>, red. Bo\u017cena Kasperowicz, Muzeum Narodowe w Lublinie, Lublin 2025, str. 189<\/p>","protected":false},"featured_media":9693,"template":"","meta":{"_monsterinsights_skip_tracking":false,"_monsterinsights_sitenote_active":false,"_monsterinsights_sitenote_note":"","_monsterinsights_sitenote_category":0,"_themeisle_gutenberg_block_has_review":false},"product_cat":[39],"product_tag":[360],"class_list":["post-9687","product","type-product","status-publish","has-post-thumbnail","hentry","product_cat-obrazy","product_tag-korzeniowska-wanda","product_shipping_class-rodzaj-wysylki-3"],"aioseo_notices":[],"_links":{"self":[{"href":"https:\/\/kwintesencja.art\/en\/wp-json\/wp\/v2\/product\/9687","targetHints":{"allow":["GET"]}}],"collection":[{"href":"https:\/\/kwintesencja.art\/en\/wp-json\/wp\/v2\/product"}],"about":[{"href":"https:\/\/kwintesencja.art\/en\/wp-json\/wp\/v2\/types\/product"}],"wp:featuredmedia":[{"embeddable":true,"href":"https:\/\/kwintesencja.art\/en\/wp-json\/wp\/v2\/media\/9693"}],"wp:attachment":[{"href":"https:\/\/kwintesencja.art\/en\/wp-json\/wp\/v2\/media?parent=9687"}],"wp:term":[{"taxonomy":"product_cat","embeddable":true,"href":"https:\/\/kwintesencja.art\/en\/wp-json\/wp\/v2\/product_cat?post=9687"},{"taxonomy":"product_tag","embeddable":true,"href":"https:\/\/kwintesencja.art\/en\/wp-json\/wp\/v2\/product_tag?post=9687"}],"curies":[{"name":"wp","href":"https:\/\/api.w.org\/{rel}","templated":true}]}}