{"id":9682,"date":"2026-04-04T19:04:50","date_gmt":"2026-04-04T17:04:50","guid":{"rendered":"https:\/\/kwintesencja.art\/?post_type=product&#038;p=9682"},"modified":"2026-04-04T19:08:20","modified_gmt":"2026-04-04T17:08:20","slug":"chlop-z-krakowskiego","status":"publish","type":"product","link":"https:\/\/kwintesencja.art\/en\/product\/chlop-z-krakowskiego\/","title":{"rendered":"Ch\u0142op z Krakowskiego"},"content":{"rendered":"<p><b>Zofia Stryje\u0144ska<\/b> (1891\u20131976) \u2013 jedna z najwybitniejszych polskich artystek pierwszej po\u0142owy XX wieku. Urodzona w Krakowie, zas\u0142yn\u0119\u0142a jako malarka, ilustratorka i projektantka. W 1909 roku rozpocz\u0119\u0142a nauk\u0119 w szkole malarskiej Marii Niedzielskiej, a dwa lata p\u00f3\u017aniej, przebrana za ch\u0142opca pod nazwiskiem Tadeusz Grzyma\u0142a, podj\u0119\u0142a studia malarskie w Monachium (gdzie kobietom odmawiano wst\u0119pu). Po powrocie do Krakowa w 1918 roku zwi\u0105za\u0142a si\u0119 z Warsztatami Krakowskimi jako projektantka zabawek i graficzka.<\/p>\n<p>W latach 1921\u20131927 mieszka\u0142a w Zakopanem, gdzie jej m\u0105\u017c, Karol Stryje\u0144ski, pe\u0142ni\u0142 funkcj\u0119 dyrektora Szko\u0142y Przemys\u0142u Drzewnego. Po rozwodzie przenios\u0142a si\u0119 do Warszawy, zyskuj\u0105c renom\u0119 i realizuj\u0105c zam\u00f3wienia Ministerstwa Spraw Zagranicznych, m.in. na kilim dla cesarza Japonii Hirohito. Pracowa\u0142a przy dekoracji wn\u0119trz polskich statk\u00f3w pasa\u017cerskich \u201eBatorego\u201d i \u201ePi\u0142sudskiego\u201d, a jej freski zdobi\u0142y krakowskie Muzeum Techniczno-Przemys\u0142owe oraz sale na Wawelu i winiarni\u0119 Fukiera w Warszawie.<\/p>\n<p>Jako cz\u0142onkini Stowarzyszenia Artyst\u00f3w Polskich \u201eRytm\u201d wzi\u0119\u0142a udzia\u0142 w Mi\u0119dzynarodowej Wystawie Sztuki Dekoracyjnej w Pary\u017cu w 1925 roku, zdobi\u0105c g\u0142\u00f3wn\u0105 sal\u0119 polskiego pawilonu panneaux \u201eRok obrz\u0119dowy w Polsce\u201d. Jej prace prezentowane by\u0142y na licznych wystawach krajowych i zagranicznych, m.in. Biennale w Wenecji (1920, 1930, 1932), gdzie w 1932 roku zdoby\u0142a z\u0142oty medal, oraz na Powszechnej Wystawie Krajowej w Poznaniu (1929), gdzie otrzyma\u0142a wielki z\u0142oty medal za ilustracje ksi\u0105\u017ckowe.<\/p>\n<p>Tw\u00f3rczo\u015b\u0107 Stryje\u0144skiej, wydawana w postaci tek, album\u00f3w i poczt\u00f3wek, czerpa\u0142a inspiracje z polskiego folkloru, czego przyk\u0142adem s\u0105 m.in. \u201eTa\u0144ce polskie\u201d, \u201ePascha\u201d, \u201ePiastowie\u201d i \u201eObrz\u0119dy polskie\u201d.<\/p>","protected":false},"excerpt":{"rendered":"<p>Zofia Stryje\u0144ska &#8211; G\u00f3ralka<br \/>\nPochoir r\u0119cznie kolorowany gwaszem\/papier<br \/>\nWymiary: 42,5 \u00d7 31,5 cm, 50 \u00d7 40 cm (arkusz)<br \/>\nsygnowany p.d.: &#8216;Z. STRYJE\u0143SKA&#8217;<br \/>\nPraca pochodzi z teki: &#8220;Z. Stryje\u0144ska, Polish Peasants&#8217; Costumes. With introducion and notes by Thadee Seweryn, Curator of Ethnographical Museum in Cracow, Nice 1939.<br \/>\nPublished by C. Szwedzicki&#8221; (na odwrocie)<br \/>\nPraca nieoprawiona.<\/p>","protected":false},"featured_media":9683,"template":"","meta":{"_monsterinsights_skip_tracking":false,"_monsterinsights_sitenote_active":false,"_monsterinsights_sitenote_note":"","_monsterinsights_sitenote_category":0,"_themeisle_gutenberg_block_has_review":false},"product_cat":[41],"product_tag":[321],"class_list":["post-9682","product","type-product","status-publish","has-post-thumbnail","hentry","product_cat-grafiki","product_tag-stryjenska-zofia","product_shipping_class-rodzaj-wysylki-2"],"aioseo_notices":[],"_links":{"self":[{"href":"https:\/\/kwintesencja.art\/en\/wp-json\/wp\/v2\/product\/9682","targetHints":{"allow":["GET"]}}],"collection":[{"href":"https:\/\/kwintesencja.art\/en\/wp-json\/wp\/v2\/product"}],"about":[{"href":"https:\/\/kwintesencja.art\/en\/wp-json\/wp\/v2\/types\/product"}],"wp:featuredmedia":[{"embeddable":true,"href":"https:\/\/kwintesencja.art\/en\/wp-json\/wp\/v2\/media\/9683"}],"wp:attachment":[{"href":"https:\/\/kwintesencja.art\/en\/wp-json\/wp\/v2\/media?parent=9682"}],"wp:term":[{"taxonomy":"product_cat","embeddable":true,"href":"https:\/\/kwintesencja.art\/en\/wp-json\/wp\/v2\/product_cat?post=9682"},{"taxonomy":"product_tag","embeddable":true,"href":"https:\/\/kwintesencja.art\/en\/wp-json\/wp\/v2\/product_tag?post=9682"}],"curies":[{"name":"wp","href":"https:\/\/api.w.org\/{rel}","templated":true}]}}