{"id":9657,"date":"2026-04-01T14:34:58","date_gmt":"2026-04-01T12:34:58","guid":{"rendered":"https:\/\/kwintesencja.art\/?post_type=product&#038;p=9657"},"modified":"2026-04-01T14:39:44","modified_gmt":"2026-04-01T12:39:44","slug":"zakochana-para-berberyjska","status":"publish","type":"product","link":"https:\/\/kwintesencja.art\/en\/product\/zakochana-para-berberyjska\/","title":{"rendered":"Zakochana para berberyjska"},"content":{"rendered":"<p><strong>Adam Styka (1890\u20131959)<\/strong> \u2013 polski malarz orientalista, syn znanego malarza Jana Styki. Studiowa\u0142 w \u00c9cole des Beaux-Arts w Pary\u017cu oraz w pracowni swojego ojca. W latach 20. i 30. XX wieku odby\u0142 liczne podr\u00f3\u017ce artystyczne do Afryki P\u00f3\u0142nocnej i na Bliski Wsch\u00f3d (m.in. Maroko, Algieria, Tunezja i Egipt), kt\u00f3re sta\u0142y si\u0119 g\u0142\u00f3wnym \u017ar\u00f3d\u0142em inspiracji jego tw\u00f3rczo\u015bci.<\/p>\n<p>Specjalizowa\u0142 si\u0119 w scenach rodzajowych i portretach o tematyce orientalnej \u2013 przedstawia\u0142 \u017cycie mieszka\u0144c\u00f3w Maghrebu, sceny targowe, je\u017ad\u017ac\u00f3w, a tak\u017ce zmys\u0142owe sceny z kobietami w egzotycznym otoczeniu. Jego prace charakteryzuj\u0105 si\u0119 dekoracyjn\u0105 kolorystyk\u0105, mi\u0119kkim \u015bwiat\u0142em i narracyjnym charakterem.<\/p>\n<p>Po II wojnie \u015bwiatowej artysta osiad\u0142 w Stanach Zjednoczonych, gdzie kontynuowa\u0142 dzia\u0142alno\u015b\u0107 malarsk\u0105 a\u017c do \u015bmierci w 1959 roku.<\/p>","protected":false},"excerpt":{"rendered":"<p>Adam Styka (1890\u20131959) \u2013 kopia wed\u0142ug artysty<br \/>\nZakochana para berberyjska, XX w. (po\u0142. XX w. \u2013 prawdopodobnie lata 1950\u20131970)<br \/>\nOlej na p\u0142\u00f3tnie<br \/>\nWymiary: 38,5 x 48,5 cm, 67 x 57,5 cm (z opraw\u0105)<br \/>\nSygnatura: brak<br \/>\nStan zachowania: po konserwacji (ostatnie zdj\u0119cie)<\/p>\n<p>Przedstawiona kompozycja nawi\u0105zuje do popularnego w malarstwie orientalizuj\u0105cym tematu scen rodzajowych z Afryki P\u00f3\u0142nocnej. Na pierwszym planie widoczna jest para m\u0142odych Berber\u00f3w w intymnym u\u015bcisku. M\u0119\u017cczyzna w tradycyjnym burnusie obejmuje u\u015bmiechni\u0119t\u0105 kobiet\u0119 ozdobion\u0105 bogat\u0105 bi\u017cuteri\u0105 \u2013 z\u0142ot\u0105 ozdob\u0105 na czole, kolczykami i szerokimi bransoletami. Kobieta odziana jest jedynie w lekk\u0105, cz\u0119\u015bciowo zsuni\u0119t\u0105 tkanin\u0119, co podkre\u015bla zmys\u0142owy charakter sceny.<\/p>","protected":false},"featured_media":9661,"template":"","meta":{"_monsterinsights_skip_tracking":false,"_monsterinsights_sitenote_active":false,"_monsterinsights_sitenote_note":"","_monsterinsights_sitenote_category":0,"_themeisle_gutenberg_block_has_review":false},"product_cat":[39],"product_tag":[280],"class_list":["post-9657","product","type-product","status-publish","has-post-thumbnail","hentry","product_cat-obrazy","product_tag-artysta-nierozpoznany","product_shipping_class-rodzaj-wysylki-3"],"aioseo_notices":[],"_links":{"self":[{"href":"https:\/\/kwintesencja.art\/en\/wp-json\/wp\/v2\/product\/9657","targetHints":{"allow":["GET"]}}],"collection":[{"href":"https:\/\/kwintesencja.art\/en\/wp-json\/wp\/v2\/product"}],"about":[{"href":"https:\/\/kwintesencja.art\/en\/wp-json\/wp\/v2\/types\/product"}],"wp:featuredmedia":[{"embeddable":true,"href":"https:\/\/kwintesencja.art\/en\/wp-json\/wp\/v2\/media\/9661"}],"wp:attachment":[{"href":"https:\/\/kwintesencja.art\/en\/wp-json\/wp\/v2\/media?parent=9657"}],"wp:term":[{"taxonomy":"product_cat","embeddable":true,"href":"https:\/\/kwintesencja.art\/en\/wp-json\/wp\/v2\/product_cat?post=9657"},{"taxonomy":"product_tag","embeddable":true,"href":"https:\/\/kwintesencja.art\/en\/wp-json\/wp\/v2\/product_tag?post=9657"}],"curies":[{"name":"wp","href":"https:\/\/api.w.org\/{rel}","templated":true}]}}