{"id":962,"date":"2022-03-04T22:10:42","date_gmt":"2022-03-04T21:10:42","guid":{"rendered":"https:\/\/kwintesencja.dkonto.pl\/?post_type=product&#038;p=962"},"modified":"2022-11-27T23:30:19","modified_gmt":"2022-11-27T22:30:19","slug":"akt-1","status":"publish","type":"product","link":"https:\/\/kwintesencja.art\/en\/product\/akt-1\/","title":{"rendered":"Akt 1"},"content":{"rendered":"<p>O arty\u015bcie:<\/p>\n<p>\u0141ukasz Malczewski urodzi\u0142 si\u0119 w 1977 roku w \u0141odzi. Po uzyskaniu dyplomu wyjecha\u0142 do Londynu gdzie pracow\u0105\u0142 jako fotografii. Obecnie przebywa w Polsce, gdzie wsp\u00f3\u0142pracuje z wieloma polskimi firmami. Realizuje g\u0142\u00f3wnie projekty komercyjne. Zajmuje si\u0119 g\u0142\u00f3wnie portretem, mod\u0105 oraz beauty.<\/p>\n<p>Wyr\u00f3\u017cniany i nagradzany na wielu konkursach mi\u0119dzynarodowych.<\/p>\n<p>Ciekawostwki:<\/p>\n<p>Prezentowana praca zdoby\u0142a nagrod\u0119 na konkursie w Pary\u017cu w 2012 roku.<\/p>","protected":false},"excerpt":{"rendered":"<p>Tytu\u0142: Akt 1<\/p>\n<p>Autor: \u0141ukasz Malczewski<\/p>\n<p>Rok: 2015<\/p>\n<p>Technika: Inkografia z odr\u0119cznym podpisem<\/p>\n<p>Oprawa: nie<\/p>\n<p>Podpis: odr\u0119czny bia\u0142ym pisakiem<\/p>\n<p>Wymiary: 100&#215;70 cm<\/p>\n<p>Stan zachowania: dobry<\/p>\n<p>Certificate of Authenticity<\/p>","protected":false},"featured_media":964,"template":"","meta":{"_monsterinsights_skip_tracking":false,"_monsterinsights_sitenote_active":false,"_monsterinsights_sitenote_note":"","_monsterinsights_sitenote_category":0,"_themeisle_gutenberg_block_has_review":false},"product_cat":[41],"product_tag":[59],"class_list":["post-962","product","type-product","status-publish","has-post-thumbnail","hentry","product_cat-grafiki","product_tag-malczewski-lukasz","product_shipping_class-rodzaj-wysylki-1"],"aioseo_notices":[],"_links":{"self":[{"href":"https:\/\/kwintesencja.art\/en\/wp-json\/wp\/v2\/product\/962","targetHints":{"allow":["GET"]}}],"collection":[{"href":"https:\/\/kwintesencja.art\/en\/wp-json\/wp\/v2\/product"}],"about":[{"href":"https:\/\/kwintesencja.art\/en\/wp-json\/wp\/v2\/types\/product"}],"wp:featuredmedia":[{"embeddable":true,"href":"https:\/\/kwintesencja.art\/en\/wp-json\/wp\/v2\/media\/964"}],"wp:attachment":[{"href":"https:\/\/kwintesencja.art\/en\/wp-json\/wp\/v2\/media?parent=962"}],"wp:term":[{"taxonomy":"product_cat","embeddable":true,"href":"https:\/\/kwintesencja.art\/en\/wp-json\/wp\/v2\/product_cat?post=962"},{"taxonomy":"product_tag","embeddable":true,"href":"https:\/\/kwintesencja.art\/en\/wp-json\/wp\/v2\/product_tag?post=962"}],"curies":[{"name":"wp","href":"https:\/\/api.w.org\/{rel}","templated":true}]}}