{"id":9581,"date":"2026-03-31T19:45:18","date_gmt":"2026-03-31T17:45:18","guid":{"rendered":"https:\/\/kwintesencja.art\/?post_type=product&#038;p=9581"},"modified":"2026-03-31T19:47:24","modified_gmt":"2026-03-31T17:47:24","slug":"ksiezniczka-gulnare","status":"publish","type":"product","link":"https:\/\/kwintesencja.art\/en\/product\/ksiezniczka-gulnare\/","title":{"rendered":"Ksi\u0119\u017cniczka Gulnare"},"content":{"rendered":"<p>Leonor Fini (1907-1996) \u2013 argenty\u0144ska malarka surrealistyczna pochodzenia w\u0142oskiego. Urodzi\u0142a si\u0119 w Buenos Aires w Argentynie, wychowywa\u0142a si\u0119 w Trie\u015bcie we W\u0142oszech. W wieku 17 lat przenios\u0142a si\u0119 do Mediolanu, a nast\u0119pnie do Pary\u017ca. Tam pozna\u0142a: Paula \u00c9luarda, Maxa Ernsta, Georges\u2019a Bataille\u2019a, Henri Cartier-Bressona, Pabla Picasso, Andr\u00e9 Pieyre de Mandiargues oraz Salvadora Dal\u00ed i jego \u017con\u0119 Gal\u0119. Podr\u00f3\u017cowa\u0142a po Europie samochodem Cartier-Bressona, kt\u00f3ry w czasie jednej z takich podr\u00f3\u017cy wykona\u0142 s\u0142ynne zdj\u0119cie Fini nago w basenie. Zdj\u0119cie to sprzedano w 2007 za 305 000 dolar\u00f3w (co jest cen\u0105 rekordow\u0105 za jego prac\u0119). Malowa\u0142a portrety Jeana Geneta, Anny Magnani, Jacques\u2019a Audiberti, Alidy Valli, Jeana Schlumbergera (projektant bi\u017cuterii) i Suzanne Flon, jak r\u00f3wnie\u017c wielu innych znanych celebryt\u00f3w Pary\u017ca.<br \/>\nMimo bliskich zwi\u0105zk\u00f3w z kr\u0119giem surrealist\u00f3w, sama nie uwa\u017ca\u0142a si\u0119 za jedn\u0105 z nich. Jednak jej prace wystawiano cz\u0119sto razem z dzie\u0142ami surrealist\u00f3w. Jej obrazy s\u0105 bardzo osobiste i symboliczne, czasem nieco teatralne. Wida\u0107 w nich fascynacj\u0119 kobiecym cia\u0142em i seksualno\u015bci\u0105. Podczas pracy dla Elsy Schiaparelli zaprojektowa\u0142a flakon perfum Shocking, kt\u00f3ry sta\u0142 si\u0119 standardowym produktem firmy Schiaparelli. Projektowa\u0142a te\u017c kostiumy i dekoracje dla teatru, baletu i opery. Zaprojektowa\u0142a kostiumy do film\u00f3w Renato Castellani \u2013 Romeo i Julia (1954) i Johna Hustona Walk with Love and Death (1968). By\u0142a raz zam\u0119\u017cna, na kr\u00f3tko, z Fedrico Venezianim. Od 1941 roku by\u0142a zwi\u0105zana z w\u0142oskim arystokrat\u0105, by\u0142ym konsulem w Monako Stanislao Leprim, kt\u00f3ry pod jej wp\u0142ywem zaj\u0105\u0142 si\u0119 malarstwem surrealistycznym. Od 1952 roku Fini zwi\u0105za\u0142a si\u0119 z polskim pisarzem i publicyst\u0105 Konstantym Jele\u0144skim. Od tego roku a\u017c do \u015bmierci Lepriego (1980) i Jele\u0144skiego (1987), mieszkali razem we troje w domu w Pary\u017cu, prowadz\u0105c intensywne \u017cycie towarzyskie i obracaj\u0105c si\u0119 w\u015br\u00f3d bohemy artystycznej. Wszyscy troje byli biseksualni i prowadzili tak\u017ce do\u015b\u0107 swobodne \u017cycie seksualne, wchodz\u0105c w zewn\u0119trzne zwi\u0105zki. Za namow\u0105 Jele\u0144skiego Fini udost\u0119pni\u0142a Galerii Lambert (pomys\u0142odawc\u0105 i za\u0142o\u017cycielem by\u0142 Kazimierz Romanowicz) list\u0119 adres\u00f3w marszand\u00f3w, kolekcjoner\u00f3w, snob\u00f3w i bywalc\u00f3w salon\u00f3w oraz krytyk\u00f3w sztuki.<\/p>","protected":false},"excerpt":{"rendered":"<p>Leonor Fini (1907-1996),<br \/>\nPraca z cyklu: Su\u0142tanki i czarodziejki z tysi\u0105ca i jednej nocy<br \/>\nRok: 1976<br \/>\n<span class=\"HwtZe\" lang=\"pl\"><span class=\"jCAhz ChMk0b\"><span class=\"ryNqvb\">Serigrafia barwna<br \/>\nSygnowana o\u0142\u00f3wkiem w prawym dolnym rogu i oznaczona numerem 191\/275<br \/>\n<\/span><\/span><\/span><span class=\"HwtZe\" lang=\"pl\"><span class=\"jCAhz ChMk0b\"><span class=\"ryNqvb\">Wymiary: 52,5 x 71 cm, 73 x 93 cm (z opraw\u0105)<\/span><\/span><\/span><span class=\"HwtZe\" lang=\"pl\"><span class=\"jCAhz ChMk0b\"><span class=\"ryNqvb\"><br \/>\nPraca oprawiona<br \/>\nCertificate of Authenticity<\/span><\/span><br \/>\nPrac\u0119 mo\u017cna zobaczy\u0107 w galerii Quintessence: Tarn\u00f3w, Plac Rybny 2<\/span><\/p>\n<p><b>La Princesse Gulnare \u2014 Ksi\u0119\u017cniczka Gulnare<\/b><br \/>\nHistoria Julnar\/Gulnare z morza. To opowie\u015b\u0107 o perskim kr\u00f3lu, kt\u00f3ry kupuje milcz\u0105c\u0105, tajemnicz\u0105 niewolnic\u0119. Z czasem okazuje si\u0119, \u017ce nie jest zwyk\u0142\u0105 kobiet\u0105, lecz ksi\u0119\u017cniczk\u0105 morskiego kr\u00f3lestwa, \u017cyj\u0105c\u0105 na wygnaniu po konflikcie w swojej podwodnej rodzinie. Zostaje \u017con\u0105 kr\u00f3la, rodzi mu syna Badr\u0119, a p\u00f3\u017aniej ba\u015b\u0144 rozrasta si\u0119 w opowie\u015b\u0107 o spotkaniu dw\u00f3ch \u015bwiat\u00f3w: l\u0105du i morza, ludzi<br \/>\ni istot obdarzonych magi\u0105. To historia o pochodzeniu, wyobcowaniu, mi\u0142o\u015bci i przekraczaniu granic mi\u0119dzy \u015bwiatami.<\/p>","protected":false},"featured_media":9582,"template":"","meta":{"_monsterinsights_skip_tracking":false,"_monsterinsights_sitenote_active":false,"_monsterinsights_sitenote_note":"","_monsterinsights_sitenote_category":0,"_themeisle_gutenberg_block_has_review":false},"product_cat":[41],"product_tag":[38,350],"class_list":["post-9581","product","type-product","status-publish","has-post-thumbnail","hentry","product_cat-grafiki","product_tag-fini-leonor","product_tag-wyprzedaz","product_shipping_class-rodzaj-wysylki-3"],"aioseo_notices":[],"_links":{"self":[{"href":"https:\/\/kwintesencja.art\/en\/wp-json\/wp\/v2\/product\/9581","targetHints":{"allow":["GET"]}}],"collection":[{"href":"https:\/\/kwintesencja.art\/en\/wp-json\/wp\/v2\/product"}],"about":[{"href":"https:\/\/kwintesencja.art\/en\/wp-json\/wp\/v2\/types\/product"}],"wp:featuredmedia":[{"embeddable":true,"href":"https:\/\/kwintesencja.art\/en\/wp-json\/wp\/v2\/media\/9582"}],"wp:attachment":[{"href":"https:\/\/kwintesencja.art\/en\/wp-json\/wp\/v2\/media?parent=9581"}],"wp:term":[{"taxonomy":"product_cat","embeddable":true,"href":"https:\/\/kwintesencja.art\/en\/wp-json\/wp\/v2\/product_cat?post=9581"},{"taxonomy":"product_tag","embeddable":true,"href":"https:\/\/kwintesencja.art\/en\/wp-json\/wp\/v2\/product_tag?post=9581"}],"curies":[{"name":"wp","href":"https:\/\/api.w.org\/{rel}","templated":true}]}}