{"id":947,"date":"2022-03-04T21:27:47","date_gmt":"2022-03-04T20:27:47","guid":{"rendered":"https:\/\/kwintesencja.dkonto.pl\/?post_type=product&#038;p=947"},"modified":"2023-02-13T08:01:25","modified_gmt":"2023-02-13T07:01:25","slug":"scena-2-conte-de-la-six-cent-soixante-douzieme-nuit-672-noc","status":"publish","type":"product","link":"https:\/\/kwintesencja.art\/en\/product\/scena-2-conte-de-la-six-cent-soixante-douzieme-nuit-672-noc\/","title":{"rendered":"Scena 2 \u201eConte de la six cent soixante douzi\u00e8me nuit\u201d (672 noc)"},"content":{"rendered":"<p>Leonor Fini urodzi\u0142 si\u0119 w Buenos Aires, ale dorasta\u0142 we w\u0142oskim mie\u015bcie Triest. Od najm\u0142odszych lat czu\u0142a przyci\u0105ganie Pary\u017ca, w kt\u00f3rym mieszka\u0142a przez wi\u0119kszo\u015b\u0107 swojego \u017cycia. Fini jest znana ze swoich surrealistycznych i erotycznych obraz\u00f3w i akwafort. Leonor Fini to jedna z najwa\u017cniejszych artystek XX wieku.<br \/>\nSurrealistyczn\u0105 artystk\u0119 inspirowali Salvador Dali, Max Ernst i Giorgio de Chirico, z kt\u00f3rymi r\u00f3wnie\u017c si\u0119 zaprzyja\u017ani\u0142a. Ze wzgl\u0119du na swoje wa\u017cne prace jest reprezentowana w wielu kolekcjach muzealnych, takich jak Tate Modern, Fine Arts Museum Brussels, Metropolitan Museum of Art New York.<\/p>","protected":false},"excerpt":{"rendered":"<div class=\"woocommerce-product-details__short-description\">\n<p>Tytu\u0142: Scena 2 \u201eConte de la six cent soixante douzi\u00e8me nuit\u201d (672 noc) z cyklu ilustruj\u0105cego sztuk\u0119 teatraln\u0105 Hofmannsthala.<br \/>\nAutor: Leonor Fini<br \/>\nRok: 1981<br \/>\nTechnika: Akwaforta<br \/>\nOprawa: nie<br \/>\nPodpis: odr\u0119czny o\u0142\u00f3wkiem oraz\u00a0ze\u00a0stemplem (g\u0142owa kota)<br \/>\nWymiary: Papier: 48\u00d768 cm.<br \/>\nStan zachowania: bardzo dobry<br \/>\nCertificate of Authenticity<\/p>\n<p>Wydrukowano na\u00a0czystym papierze szmacianym Moulin de\u00a0la\u00a0Roque w\u00a0Pary\u017cu.<br \/>\nOkres: 1970-1989. Druk limitowanej edycji.<\/p>\n<\/div>","protected":false},"featured_media":1331,"template":"","meta":{"_monsterinsights_skip_tracking":false,"_monsterinsights_sitenote_active":false,"_monsterinsights_sitenote_note":"","_monsterinsights_sitenote_category":0,"_themeisle_gutenberg_block_has_review":false},"product_cat":[41],"product_tag":[38],"class_list":["post-947","product","type-product","status-publish","has-post-thumbnail","hentry","product_cat-grafiki","product_tag-fini-leonor","product_shipping_class-rodzaj-wysylki-1"],"aioseo_notices":[],"_links":{"self":[{"href":"https:\/\/kwintesencja.art\/en\/wp-json\/wp\/v2\/product\/947","targetHints":{"allow":["GET"]}}],"collection":[{"href":"https:\/\/kwintesencja.art\/en\/wp-json\/wp\/v2\/product"}],"about":[{"href":"https:\/\/kwintesencja.art\/en\/wp-json\/wp\/v2\/types\/product"}],"wp:featuredmedia":[{"embeddable":true,"href":"https:\/\/kwintesencja.art\/en\/wp-json\/wp\/v2\/media\/1331"}],"wp:attachment":[{"href":"https:\/\/kwintesencja.art\/en\/wp-json\/wp\/v2\/media?parent=947"}],"wp:term":[{"taxonomy":"product_cat","embeddable":true,"href":"https:\/\/kwintesencja.art\/en\/wp-json\/wp\/v2\/product_cat?post=947"},{"taxonomy":"product_tag","embeddable":true,"href":"https:\/\/kwintesencja.art\/en\/wp-json\/wp\/v2\/product_tag?post=947"}],"curies":[{"name":"wp","href":"https:\/\/api.w.org\/{rel}","templated":true}]}}