{"id":9363,"date":"2026-02-22T01:38:36","date_gmt":"2026-02-22T00:38:36","guid":{"rendered":"https:\/\/kwintesencja.art\/?post_type=product&#038;p=9363"},"modified":"2026-02-22T01:49:02","modified_gmt":"2026-02-22T00:49:02","slug":"akt-lezacy-2","status":"publish","type":"product","link":"https:\/\/kwintesencja.art\/en\/product\/akt-lezacy-2\/","title":{"rendered":"Portret Luni Czechowskiej"},"content":{"rendered":"<p>Amedeo Modigliani nale\u017cy do w\u0105skiego kr\u0119gu artyst\u00f3w, kt\u00f3rych nie spos\u00f3b zakwalifikowa\u0107 do \u017cadnego ze wsp\u00f3\u0142czesnych mu nurt\u00f3w artystycznych pocz\u0105tku XX wieku. Podczas gdy jego kr\u00f3tki, bo zaledwie<br \/>\ntrzydziestopi\u0119cioletni \u017cyciorys pe\u0142en jest gwa\u0142townych mi\u0142osnych uniesie\u0144, rozpustnego, przepe\u0142nionego alkoholem i narkotykami \u017cycia w artystycznych dzielnicach Pary\u017ca, czy nieustaj\u0105cych problem\u00f3w zdrowotnych, jego dzie\u0142a, mo\u017ce poza rozedrgan\u0105 czasami tkank\u0105 malarsk\u0105, cechuj\u0105 spok\u00f3j i r\u00f3wnowaga. Powracaj\u0105c pami\u0119ci\u0105 do rodzinnych W\u0142och, Modigliani wykorzystuje w swoich pracach dziedzictwo antyku, renesansu i manieryzmu. Doskona\u0142e, statyczne kompozycje, nienaganny rysunek oraz wystudiowane, &#8220;manierystyczne&#8221; pozy zaburzonych w proporcjach modelek, to zestaw cech charakteryzuj\u0105cych prace podejmuj\u0105ce g\u0142\u00f3wny temat jego dzie\u0142 &#8211; portrety oraz akty. Pomimo tak g\u0142\u0119bokiego zami\u0142owania do sztuki Europy Zachodniej, Modigliani uleg\u0142 r\u00f3wnie\u017c urokowi podziwianej w owych czasach sztuki prymitywnej &#8211; w szczeg\u00f3lno\u015bci maskom afryka\u0144skim, kt\u00f3rych w\u0142asno\u015bci odnale\u017a\u0107 mo\u017cna w syntetycznych uj\u0119ciach portretowanych os\u00f3b.<br \/>\nCzytaj: <a href=\"https:\/\/kwintesencja.art\/en\/2022\/04\/10\/kiedy-zobacze-twoja-dusze-przyciagne-twoje-oczy\/\" target=\"_blank\" rel=\"noopener\">https:\/\/kwintesencja.art\/2022\/04\/10\/kiedy-zobacze-twoja-dusze-przyciagne-twoje-oczy\/<\/a><\/p>","protected":false},"excerpt":{"rendered":"<p>Grafika, edycja limitowana 250 egzemplarzy, na francuskim papierze.<br \/>\nWymiary: 50 x 70 cm (ca\u0142y arkusz)<br \/>\nKa\u017cda grafika jest indywidualnie numerowana.<br \/>\nNapis o\u0142\u00f3wkiem l.d.: 59\/250, p.d.: faksymile \u201eModigliani\u201d.<br \/>\nU do\u0142u: Stempel wydawcy<br \/>\nStan zachowania: bardzo dobry<\/p>","protected":false},"featured_media":9365,"template":"","meta":{"_monsterinsights_skip_tracking":false,"_monsterinsights_sitenote_active":false,"_monsterinsights_sitenote_note":"","_monsterinsights_sitenote_category":0,"_themeisle_gutenberg_block_has_review":false},"product_cat":[41],"product_tag":[143],"class_list":["post-9363","product","type-product","status-publish","has-post-thumbnail","hentry","product_cat-grafiki","product_tag-modigliani-amadeo","product_shipping_class-rodzaj-wysylki-2"],"aioseo_notices":[],"_links":{"self":[{"href":"https:\/\/kwintesencja.art\/en\/wp-json\/wp\/v2\/product\/9363","targetHints":{"allow":["GET"]}}],"collection":[{"href":"https:\/\/kwintesencja.art\/en\/wp-json\/wp\/v2\/product"}],"about":[{"href":"https:\/\/kwintesencja.art\/en\/wp-json\/wp\/v2\/types\/product"}],"wp:featuredmedia":[{"embeddable":true,"href":"https:\/\/kwintesencja.art\/en\/wp-json\/wp\/v2\/media\/9365"}],"wp:attachment":[{"href":"https:\/\/kwintesencja.art\/en\/wp-json\/wp\/v2\/media?parent=9363"}],"wp:term":[{"taxonomy":"product_cat","embeddable":true,"href":"https:\/\/kwintesencja.art\/en\/wp-json\/wp\/v2\/product_cat?post=9363"},{"taxonomy":"product_tag","embeddable":true,"href":"https:\/\/kwintesencja.art\/en\/wp-json\/wp\/v2\/product_tag?post=9363"}],"curies":[{"name":"wp","href":"https:\/\/api.w.org\/{rel}","templated":true}]}}