{"id":9319,"date":"2026-02-05T20:20:54","date_gmt":"2026-02-05T19:20:54","guid":{"rendered":"https:\/\/kwintesencja.art\/?post_type=product&#038;p=9319"},"modified":"2026-04-04T19:38:03","modified_gmt":"2026-04-04T17:38:03","slug":"bistro-w-ussy-sur-marne-2","status":"publish","type":"product","link":"https:\/\/kwintesencja.art\/en\/product\/bistro-w-ussy-sur-marne-2\/","title":{"rendered":"Akt"},"content":{"rendered":"<p><span lang=\"pl-PL\">Henryk Hayden (Warszawa 1883 \u2013 Pary\u017c 1970) by\u0142 jednym z najwybitniejszych malarzy polskiego pochodzenia zwi\u0105zanych ze \u015brodowiskiem \u00c9cole de Paris. Studia artystyczne rozpocz\u0105\u0142 w warszawskiej Szkole Sztuk Pi\u0119knych; r\u00f3wnolegle kszta\u0142ci\u0142 si\u0119 tak\u017ce na Politechnice Warszawskiej. W 1907 wyjecha\u0142 do Pary\u017ca, gdzie zapisa\u0142 si\u0119 jeszcze do Acad\u00e9mie \u201eLa Palette\u201d. Od 1908 cz\u0119sto wyje\u017cd\u017ca\u0142 do Bretanii, kontaktuj\u0105c si\u0119 tam z W. \u015alewi\u0144skim. Po 1915 zwi\u0105za\u0142 si\u0119 z kr\u0119giem paryskiej awangardy artystycznej, m.in. P. Picassem, J. Grisem, G. Severinim czy H. Matisseem. We Francji pozosta\u0142 na sta\u0142e. W 1920 odwiedzi\u0142 rodzin\u0119 w Polsce, ale jego zwi\u0105zki z krajem by\u0142y do\u015b\u0107 lu\u017ane \u2013 z rzadka tylko przesy\u0142a\u0142 obrazy na wystawy. Wiele natomiast wystawia\u0142 we Francji; od 1909 regularnie bra\u0142 udzia\u0142 w paryskich Salonach, mia\u0142 te\u017c wystawy indywidualne. W czasie II wojny \u015bwiatowej przebywa\u0142 w po\u0142udniowej Francji i w\u00f3wczas nawi\u0105za\u0142a si\u0119 jego wieloletnia przyja\u017a\u0144 z S. Beckettem. Malowa\u0142 pejza\u017ce, portrety i martwe natury, wykazuj\u0105ce pocz\u0105tkowo zwi\u0105zki z malarstwem \u015alewi\u0144skiego, a p\u00f3\u017aniej (1912-21) tw\u00f3rczo\u015bci\u0105 Cezanne\u2019a i kubizmem. Po roku 1922 tworzy\u0142 realistyczne portrety i pejza\u017ce; pod koniec \u017cycia powr\u00f3ci\u0142 do do\u015bwiadcze\u0144 kubistycznych.<\/span><\/p>","protected":false},"excerpt":{"rendered":"<div class=\"QpPSMb\">\n<div class=\"DoxwDb\">\n<div class=\"PZPZlf ssJ7i B5dxMb\" role=\"heading\" aria-level=\"2\" data-attrid=\"title\">\n<p class=\"lotname\">Henryk Hayden (1883-1970), Akt, ok 1950<br \/>\nO\u0142\u00f3wek na papierze<br \/>\nWymiary: 49 x 36 cm, 50 x 60 cm (z opraw\u0105)<br \/>\nPodpis: p.d.: \u2018Hayden\u2019<br \/>\nPochodzenie: Pierre C\u00e9lice Collection, Francja<\/p>\n<\/div>\n<\/div>\n<\/div>","protected":false},"featured_media":9698,"template":"","meta":{"_monsterinsights_skip_tracking":false,"_monsterinsights_sitenote_active":false,"_monsterinsights_sitenote_note":"","_monsterinsights_sitenote_category":0,"_themeisle_gutenberg_block_has_review":false},"product_cat":[39],"product_tag":[55,350],"class_list":["post-9319","product","type-product","status-publish","has-post-thumbnail","hentry","product_cat-obrazy","product_tag-hayden-henryk","product_tag-wyprzedaz","product_shipping_class-rodzaj-wysylki-3"],"aioseo_notices":[],"_links":{"self":[{"href":"https:\/\/kwintesencja.art\/en\/wp-json\/wp\/v2\/product\/9319","targetHints":{"allow":["GET"]}}],"collection":[{"href":"https:\/\/kwintesencja.art\/en\/wp-json\/wp\/v2\/product"}],"about":[{"href":"https:\/\/kwintesencja.art\/en\/wp-json\/wp\/v2\/types\/product"}],"wp:featuredmedia":[{"embeddable":true,"href":"https:\/\/kwintesencja.art\/en\/wp-json\/wp\/v2\/media\/9698"}],"wp:attachment":[{"href":"https:\/\/kwintesencja.art\/en\/wp-json\/wp\/v2\/media?parent=9319"}],"wp:term":[{"taxonomy":"product_cat","embeddable":true,"href":"https:\/\/kwintesencja.art\/en\/wp-json\/wp\/v2\/product_cat?post=9319"},{"taxonomy":"product_tag","embeddable":true,"href":"https:\/\/kwintesencja.art\/en\/wp-json\/wp\/v2\/product_tag?post=9319"}],"curies":[{"name":"wp","href":"https:\/\/api.w.org\/{rel}","templated":true}]}}