{"id":9220,"date":"2025-12-31T12:31:07","date_gmt":"2025-12-31T11:31:07","guid":{"rendered":"https:\/\/kwintesencja.art\/?post_type=product&#038;p=9220"},"modified":"2026-01-13T14:44:08","modified_gmt":"2026-01-13T13:44:08","slug":"ludzie","status":"publish","type":"product","link":"https:\/\/kwintesencja.art\/en\/product\/ludzie\/","title":{"rendered":"Ludzie"},"content":{"rendered":"<p>Witold-K (Wit Leszek Kaczanowski, 1932\u20132025) \u2013 polsko-ameryka\u0144ski malarz, grafik, rze\u017abiarz i fotograf. Urodzi\u0142 si\u0119 15 maja 1932 r. w Warszawie, studiowa\u0142 na Akademii Sztuk Pi\u0119knych w Warszawie m.in. u Eugeniusza Arcta, Wojciecha Fangora i Henryka Tomaszewskiego.<\/p>\n<p>Na pocz\u0105tku kariery projektowa\u0142 plakaty, ilustrowa\u0142 opowiadania (m.in. Stanis\u0142awa Dygata) i tworzy\u0142 monumentalne malowid\u0142a \u015bcienne \u2013 do najwa\u017cniejszych nale\u017cy wielka kompozycja na sklepieniu sali widowiskowej O\u015bwi\u0119cimskiego Centrum Kultury (1959\u20131961).<\/p>\n<p>Od 1968 r. mieszka\u0142 g\u0142\u00f3wnie w Stanach Zjednoczonych, zachowuj\u0105c jednak silne zwi\u0105zki z Polsk\u0105. Jego znakiem rozpoznawczym sta\u0142y si\u0119 obrazy z cyklu <strong>\u201eLudzie\u201d<\/strong> \u2013 z drobnymi, bezimiennymi sylwetkami zawieszonymi w pustej przestrzeni, o egzystencjalnym, cz\u0119sto melancholijnym wyd\u017awi\u0119ku. Bra\u0142 udzia\u0142 w kilkudziesi\u0119ciu wystawach indywidualnych i zbiorowych na \u015bwiecie; mia\u0142 m.in. retrospektyw\u0119 w Otis Art Institute w Los Angeles (1973), pokazy w Zach\u0119cie, \u0141azienkach Kr\u00f3lewskich i Muzeum Narodowym w Krakowie.<\/p>\n<p>Zmar\u0142 12 marca 2025 r., pochowany zosta\u0142 na Cmentarzu Pow\u0105zkowskim w Warszawie.<\/p>","protected":false},"excerpt":{"rendered":"<p><span lang=\"pl-PL\">WITOLD-K, Witold KACZANOWSKI, (1932-2025)<\/span>\u00a0\u201e<span lang=\"pl-PL\">Ludzie\u201d, 1967<br \/>\nLitografia barwna na papierze<br \/>\nWymiary: 55 x 40 cm, 66 x 50 cm (arkusz)<br \/>\nSygnowana: &#8216;WITOLD-K &#8217;67 &#8216;<br \/>\nEdycja: odbitka autorska<\/span><\/p>","protected":false},"featured_media":9222,"template":"","meta":{"_monsterinsights_skip_tracking":false,"_monsterinsights_sitenote_active":false,"_monsterinsights_sitenote_note":"","_monsterinsights_sitenote_category":0,"_themeisle_gutenberg_block_has_review":false},"product_cat":[41],"product_tag":[189],"class_list":["post-9220","product","type-product","status-publish","has-post-thumbnail","hentry","product_cat-grafiki","product_tag-witold-k","product_shipping_class-rodzaj-wysylki-2"],"aioseo_notices":[],"_links":{"self":[{"href":"https:\/\/kwintesencja.art\/en\/wp-json\/wp\/v2\/product\/9220","targetHints":{"allow":["GET"]}}],"collection":[{"href":"https:\/\/kwintesencja.art\/en\/wp-json\/wp\/v2\/product"}],"about":[{"href":"https:\/\/kwintesencja.art\/en\/wp-json\/wp\/v2\/types\/product"}],"wp:featuredmedia":[{"embeddable":true,"href":"https:\/\/kwintesencja.art\/en\/wp-json\/wp\/v2\/media\/9222"}],"wp:attachment":[{"href":"https:\/\/kwintesencja.art\/en\/wp-json\/wp\/v2\/media?parent=9220"}],"wp:term":[{"taxonomy":"product_cat","embeddable":true,"href":"https:\/\/kwintesencja.art\/en\/wp-json\/wp\/v2\/product_cat?post=9220"},{"taxonomy":"product_tag","embeddable":true,"href":"https:\/\/kwintesencja.art\/en\/wp-json\/wp\/v2\/product_tag?post=9220"}],"curies":[{"name":"wp","href":"https:\/\/api.w.org\/{rel}","templated":true}]}}