{"id":9114,"date":"2025-12-23T10:28:56","date_gmt":"2025-12-23T09:28:56","guid":{"rendered":"https:\/\/kwintesencja.art\/?post_type=product&#038;p=9114"},"modified":"2026-01-29T22:11:43","modified_gmt":"2026-01-29T21:11:43","slug":"martwa-natura-z-ryba","status":"publish","type":"product","link":"https:\/\/kwintesencja.art\/en\/product\/martwa-natura-z-ryba\/","title":{"rendered":"Martwa natura z ryb\u0105"},"content":{"rendered":"<p>Tadeusz Piotr Potworowski, ucze\u0144 m.in. Wojciecha Weissa i J\u00f3zefa Pankiewicza, zwi\u0105zany z kapistami, po II wojnie \u015bwiatowej dzia\u0142a\u0142 na emigracji w Wielkiej Brytanii, wyk\u0142adaj\u0105c w Bath Academy of Art w Corsham i wystawiaj\u0105c w galerii Gimpel Fils. Jego prace znajduj\u0105 si\u0119 m.in. w kolekcjach Tate, Bristol Museum &amp; Art Gallery oraz w najwa\u017cniejszych muzeach w Polsce.<\/p>","protected":false},"excerpt":{"rendered":"<p><strong>Tadeusz Piotr (Peter) Potworowski (1898 Warszawa \u2013 1962 Pozna\u0144)<\/strong><br \/>\n<strong>Martwa natura z ryb\u0105<\/strong>, ok. lata 1950<br \/>\nTechnika: Mix media &#8211; akwarela i gwasz na papierze<br \/>\nWymiary: 23,5 \u00d7 36,5 cm, 43 x 55 cm (z opraw\u0105)<br \/>\nOprawa, szk\u0142o muzealne<br \/>\nNa odwrocie stempel spu\u015bcizny artysty PETER POTWOROWSKI ESTATE COLLECTION<br \/>\nCertificate of Authenticity<\/p>\n<p><strong>Proweniencja:<\/strong><\/p>\n<ul>\n<li>Doreen Potworowski&#8217;s estate<\/li>\n<li>Grant Waters Twentieth Century British Art, Wielka Brytania<\/li>\n<\/ul>","protected":false},"featured_media":9119,"template":"","meta":{"_monsterinsights_skip_tracking":false,"_monsterinsights_sitenote_active":false,"_monsterinsights_sitenote_note":"","_monsterinsights_sitenote_category":0,"_themeisle_gutenberg_block_has_review":false},"product_cat":[39],"product_tag":[302],"class_list":["post-9114","product","type-product","status-publish","has-post-thumbnail","hentry","product_cat-obrazy","product_tag-potworowski-piotr","product_shipping_class-rodzaj-wysylki-3"],"aioseo_notices":[],"_links":{"self":[{"href":"https:\/\/kwintesencja.art\/en\/wp-json\/wp\/v2\/product\/9114","targetHints":{"allow":["GET"]}}],"collection":[{"href":"https:\/\/kwintesencja.art\/en\/wp-json\/wp\/v2\/product"}],"about":[{"href":"https:\/\/kwintesencja.art\/en\/wp-json\/wp\/v2\/types\/product"}],"wp:featuredmedia":[{"embeddable":true,"href":"https:\/\/kwintesencja.art\/en\/wp-json\/wp\/v2\/media\/9119"}],"wp:attachment":[{"href":"https:\/\/kwintesencja.art\/en\/wp-json\/wp\/v2\/media?parent=9114"}],"wp:term":[{"taxonomy":"product_cat","embeddable":true,"href":"https:\/\/kwintesencja.art\/en\/wp-json\/wp\/v2\/product_cat?post=9114"},{"taxonomy":"product_tag","embeddable":true,"href":"https:\/\/kwintesencja.art\/en\/wp-json\/wp\/v2\/product_tag?post=9114"}],"curies":[{"name":"wp","href":"https:\/\/api.w.org\/{rel}","templated":true}]}}