{"id":9101,"date":"2025-12-20T00:47:05","date_gmt":"2025-12-19T23:47:05","guid":{"rendered":"https:\/\/kwintesencja.art\/?post_type=product&#038;p=9101"},"modified":"2026-01-29T22:13:00","modified_gmt":"2026-01-29T21:13:00","slug":"portret-luni-czechowskiej","status":"publish","type":"product","link":"https:\/\/kwintesencja.art\/en\/product\/portret-luni-czechowskiej\/","title":{"rendered":"Portret Luni Czechowskiej"},"content":{"rendered":"<p>Amedeo Modigliani (ur. 1884 w Livorno, zm. 1920 w Pary\u017cu) \u2013 w\u0142oski malarz i rze\u017abiarz zwi\u0105zany z parysk\u0105 <strong>\u00c9cole de Paris<\/strong>. Najwi\u0119ksz\u0105 s\u0142aw\u0119 przynios\u0142y mu portrety i akty, rozpoznawalne dzi\u0119ki <strong>wyd\u0142u\u017conym proporcjom, uproszczonej linii i monumentalnej, syntetycznej formie<\/strong>. Jego tw\u00f3rczo\u015b\u0107 \u2013 cho\u0107 za \u017cycia cz\u0119sto niedoceniana \u2013 sta\u0142a si\u0119 jednym z symboli nowoczesnego portretu XX wieku.<\/p>\n<p><strong>Ludwika \u201eLunia\u201d Czechowska<\/strong> (z d. Makowska; <strong>1894\u20131990<\/strong>) \u2013 Polka zwi\u0105zana z Pary\u017cem, posta\u0107 z kr\u0119gu polonijnej bohemy artystycznej. Modiglianiego pozna\u0142a w 1916 roku dzi\u0119ki marszandowi <strong>Leopoldowi Zborowskiemu<\/strong>; sta\u0142a si\u0119 jedn\u0105 z jego najbardziej znanych modelek i blisk\u0105 przyjaci\u00f3\u0142k\u0105, sportretowan\u0105 wielokrotnie w rysunkach i obrazach.\u00a0Po II wojnie \u015bwiatowej dzia\u0142a\u0142a r\u00f3wnie\u017c jako galerzystka (w \u017ar\u00f3d\u0142ach pojawia si\u0119 jako Mme Czechowska-Choroszczo).<\/p>","protected":false},"excerpt":{"rendered":"<p>Amedeo Modigliani (1884\u20131920) <strong>(after \/ wed\u0142ug)<br \/>\nPortret Luni Czechowskiej<\/strong><br \/>\n<strong>Technika:<\/strong> olej na p\u0142\u00f3tnie naklejonym na desk\u0119<br \/>\n<strong>Dimensins:<\/strong> 29 \u00d7 44 cm; 39 \u00d7 53 cm (z opraw\u0105)<br \/>\n<strong>Oprawa:<\/strong> praca oprawiona w dekoracyjn\u0105, z\u0142ocon\u0105 ram\u0119<\/p>\n<p>Prezentowana kompozycja jest opracowaniem <strong>\u201eafter\u201d (wed\u0142ug)<\/strong> \u2013 nawi\u0105zuje do znanego cyklu portret\u00f3w Luni Czechowskiej, jednej z najciekawszych postaci w kr\u0119gu paryskiej bohemy i bliskiej przyjaci\u00f3\u0142ki artysty. Uj\u0119cie w <strong>profilu<\/strong> podkre\u015bla typowe dla estetyki Modiglianiego cechy: <strong>wyd\u0142u\u017con\u0105 szyj\u0119, smuk\u0142\u0105 lini\u0119 nosa, uproszczony rysunek oka oraz syntetyczny kontur<\/strong>, buduj\u0105cy form\u0119 bardziej lini\u0105 ni\u017c \u015bwiat\u0142ocieniem.<br \/>\nT\u0142o utrzymane w ch\u0142odnych b\u0142\u0119kitach i szaro\u015bciach (z widoczn\u0105, swobodn\u0105 prac\u0105 p\u0119dzla) kontrastuje z ciep\u0142\u0105 tonacj\u0105 karnacji i rudawych w\u0142os\u00f3w, skupiaj\u0105c uwag\u0119 na spokojnej, \u201ezamkni\u0119tej\u201d psychologicznie twarzy modelki.<\/p>","protected":false},"featured_media":9103,"template":"","meta":{"_monsterinsights_skip_tracking":false,"_monsterinsights_sitenote_active":false,"_monsterinsights_sitenote_note":"","_monsterinsights_sitenote_category":0,"_themeisle_gutenberg_block_has_review":false},"product_cat":[39],"product_tag":[143],"class_list":["post-9101","product","type-product","status-publish","has-post-thumbnail","hentry","product_cat-obrazy","product_tag-modigliani-amadeo","product_shipping_class-rodzaj-wysylki-3"],"aioseo_notices":[],"_links":{"self":[{"href":"https:\/\/kwintesencja.art\/en\/wp-json\/wp\/v2\/product\/9101","targetHints":{"allow":["GET"]}}],"collection":[{"href":"https:\/\/kwintesencja.art\/en\/wp-json\/wp\/v2\/product"}],"about":[{"href":"https:\/\/kwintesencja.art\/en\/wp-json\/wp\/v2\/types\/product"}],"wp:featuredmedia":[{"embeddable":true,"href":"https:\/\/kwintesencja.art\/en\/wp-json\/wp\/v2\/media\/9103"}],"wp:attachment":[{"href":"https:\/\/kwintesencja.art\/en\/wp-json\/wp\/v2\/media?parent=9101"}],"wp:term":[{"taxonomy":"product_cat","embeddable":true,"href":"https:\/\/kwintesencja.art\/en\/wp-json\/wp\/v2\/product_cat?post=9101"},{"taxonomy":"product_tag","embeddable":true,"href":"https:\/\/kwintesencja.art\/en\/wp-json\/wp\/v2\/product_tag?post=9101"}],"curies":[{"name":"wp","href":"https:\/\/api.w.org\/{rel}","templated":true}]}}