{"id":9090,"date":"2025-12-17T20:16:49","date_gmt":"2025-12-17T19:16:49","guid":{"rendered":"https:\/\/kwintesencja.art\/?post_type=product&#038;p=9090"},"modified":"2025-12-31T13:03:14","modified_gmt":"2025-12-31T12:03:14","slug":"pejzaz-7","status":"publish","type":"product","link":"https:\/\/kwintesencja.art\/en\/product\/pejzaz-7\/","title":{"rendered":"Pejza\u017c"},"content":{"rendered":"<p>Michel Kikoine ( 1892-1968) Malarz pochodzenia bia\u0142oruskiego, zwi\u0105zany ze \u015brodowiskiem Ecole de Paris. Ucz\u0119szcza\u0142 do prywatnej szko\u0142y Jakuba Krugera w Mi\u0144sku, gdzie przyja\u017ani\u0142 si\u0119 z Chaimem Soutinem. Obaj malarza studiowali razem w latach 1908-11 w Szkole Rysunkowej w Wilnie. W 1913 roku wyjecha\u0142 do Pary\u017ca, gdzie kontynuowa\u0142 studia malarskie u Ferdynanda Cormona w Ecole des Beaux &#8211; Arts. Prace Kikonine cieszy\u0142y si\u0119 du\u017c\u0105 popularno\u015bci\u0105 i uznaniem w kr\u0119gach paryskich marszand\u00f3w; szczeg\u00f3lnie tw\u00f3rczo\u015b\u0107 jego cenili Leon Zamaron i Eugene Descaves. Wystawia\u0142 na salonach paryskich od 1912. Uczestniczy\u0142 w wystawach zbiorowych w Genewie, Nowym Jorku, Chicago, a tak\u017ce prezentowa\u0142 swoje obrazy w Warszawie. Malowa\u0142 pejza\u017ce, pocz\u0105tkowo w jasnej kolorystyce, p\u00f3\u017aniej ekspresyjne portrety, martwe natury i sceny rodzajowe. (\u017ar\u00f3d\u0142o: Desa Unicum)<\/p>","protected":false},"excerpt":{"rendered":"<p>Tytu\u0142: Pejza\u017c<br \/>\nAutor: Michel Kikoine<br \/>\nArtysta z kr\u0119gu Ecole de Paris<br \/>\nYear: unknown<br \/>\nTechnika: Akwarela, gwasz, o\u0142\u00f3wek na papierze<br \/>\nWymiary: w \u015bw.p-p: 43<span class=\"HwtZe\" lang=\"pl\"><span class=\"jCAhz ChMk0b\"><span class=\"ryNqvb\"> x 50 cm, 63 x 69,5 cm (z opraw\u0105)<br \/>\nPraca oprawiona w pi\u0119kn\u0105 ram\u0119, za szk\u0142em antyrefleksyjnym<\/span><\/span><\/span><br \/>\nStempel pracowni Kiko\u00efn na odwrocie,<br \/>\nstara etykieta aukcyjna z 1974 roku na odwrocie.<br \/>\nStan zachowania: bardzo dobry<br \/>\nCertificate of Authenticity<\/p>","protected":false},"featured_media":9213,"template":"","meta":{"_monsterinsights_skip_tracking":false,"_monsterinsights_sitenote_active":false,"_monsterinsights_sitenote_note":"","_monsterinsights_sitenote_category":0,"_themeisle_gutenberg_block_has_review":false},"product_cat":[39],"product_tag":[235],"class_list":["post-9090","product","type-product","status-publish","has-post-thumbnail","hentry","product_cat-obrazy","product_tag-kikoine-michel","product_shipping_class-rodzaj-wysylki-3"],"aioseo_notices":[],"_links":{"self":[{"href":"https:\/\/kwintesencja.art\/en\/wp-json\/wp\/v2\/product\/9090","targetHints":{"allow":["GET"]}}],"collection":[{"href":"https:\/\/kwintesencja.art\/en\/wp-json\/wp\/v2\/product"}],"about":[{"href":"https:\/\/kwintesencja.art\/en\/wp-json\/wp\/v2\/types\/product"}],"wp:featuredmedia":[{"embeddable":true,"href":"https:\/\/kwintesencja.art\/en\/wp-json\/wp\/v2\/media\/9213"}],"wp:attachment":[{"href":"https:\/\/kwintesencja.art\/en\/wp-json\/wp\/v2\/media?parent=9090"}],"wp:term":[{"taxonomy":"product_cat","embeddable":true,"href":"https:\/\/kwintesencja.art\/en\/wp-json\/wp\/v2\/product_cat?post=9090"},{"taxonomy":"product_tag","embeddable":true,"href":"https:\/\/kwintesencja.art\/en\/wp-json\/wp\/v2\/product_tag?post=9090"}],"curies":[{"name":"wp","href":"https:\/\/api.w.org\/{rel}","templated":true}]}}