{"id":9032,"date":"2025-12-04T11:25:14","date_gmt":"2025-12-04T10:25:14","guid":{"rendered":"https:\/\/kwintesencja.art\/?post_type=product&#038;p=9032"},"modified":"2025-12-09T19:32:02","modified_gmt":"2025-12-09T18:32:02","slug":"w-drodze-do-domu","status":"publish","type":"product","link":"https:\/\/kwintesencja.art\/en\/product\/w-drodze-do-domu\/","title":{"rendered":"W drodze do domu"},"content":{"rendered":"<p data-start=\"39\" data-end=\"464\">Adam Setkowicz (1875 Krak\u00f3w \u2013 1945 Krak\u00f3w) \u2013 malarz i ilustrator, jeden z najpopularniejszych tw\u00f3rc\u00f3w scen rodzajowych pierwszej po\u0142owy XX wieku. Kszta\u0142ci\u0142 si\u0119 w krakowskiej Szkole Sztuk Pi\u0119knych, m.in. u Floriana Cynka i Teodora Axentowicza. Od pocz\u0105tku kariery zwi\u0105zany by\u0142 z Krakowem, wsp\u00f3\u0142pracowa\u0142 tak\u017ce z wydawnictwami i firmami reprodukcyjnymi, dzi\u0119ki czemu jego prace rozpowszechniano na kartach pocztowych i w prasie.<\/p>\n<p data-start=\"466\" data-end=\"806\">Specjalizowa\u0142 si\u0119 w pejza\u017cach i scenach z \u017cycia wsi \u2013 zimowych zaprz\u0119gach, polowaniach, powrotach z p\u00f3l, motywach podkrakowskich oraz idyllicznych przedstawieniach ch\u0142op\u00f3w przy pracy. Tworzy\u0142 g\u0142\u00f3wnie w technice olejnej i akwareli, a jego dorobek liczy setki obraz\u00f3w i ilustracji, ch\u0119tnie kolekcjonowanych zar\u00f3wno w Polsce, jak i za granic\u0105.<\/p>","protected":false},"excerpt":{"rendered":"<p data-start=\"0\" data-end=\"89\"><strong data-start=\"49\" data-end=\"87\">Adam Setkowicz (1875\u20131945)<br \/>\nW drodze do domu<br \/>\n<\/strong>olej, tektura, ok. 1920\u20131930<br data-start=\"119\" data-end=\"122\" \/>sygn. l.d.: <em data-start=\"134\" data-end=\"148\">A. Setkowicz<\/em><br data-start=\"148\" data-end=\"151\" \/>wymiary w \u015bwietle ramy: ok. 24,5 \u00d7 34,5 cm<br data-start=\"193\" data-end=\"196\" \/>oprawa: dekoracyjna, profilowana rama, obraz za szk\u0142em<\/p>","protected":false},"featured_media":9033,"template":"","meta":{"_monsterinsights_skip_tracking":false,"_monsterinsights_sitenote_active":false,"_monsterinsights_sitenote_note":"","_monsterinsights_sitenote_category":0,"_themeisle_gutenberg_block_has_review":false},"product_cat":[39],"product_tag":[341,350],"class_list":["post-9032","product","type-product","status-publish","has-post-thumbnail","hentry","product_cat-obrazy","product_tag-setkowicz-adam","product_tag-wyprzedaz","product_shipping_class-rodzaj-wysylki-3"],"aioseo_notices":[],"_links":{"self":[{"href":"https:\/\/kwintesencja.art\/en\/wp-json\/wp\/v2\/product\/9032","targetHints":{"allow":["GET"]}}],"collection":[{"href":"https:\/\/kwintesencja.art\/en\/wp-json\/wp\/v2\/product"}],"about":[{"href":"https:\/\/kwintesencja.art\/en\/wp-json\/wp\/v2\/types\/product"}],"wp:featuredmedia":[{"embeddable":true,"href":"https:\/\/kwintesencja.art\/en\/wp-json\/wp\/v2\/media\/9033"}],"wp:attachment":[{"href":"https:\/\/kwintesencja.art\/en\/wp-json\/wp\/v2\/media?parent=9032"}],"wp:term":[{"taxonomy":"product_cat","embeddable":true,"href":"https:\/\/kwintesencja.art\/en\/wp-json\/wp\/v2\/product_cat?post=9032"},{"taxonomy":"product_tag","embeddable":true,"href":"https:\/\/kwintesencja.art\/en\/wp-json\/wp\/v2\/product_tag?post=9032"}],"curies":[{"name":"wp","href":"https:\/\/api.w.org\/{rel}","templated":true}]}}