{"id":8995,"date":"2025-12-01T09:43:54","date_gmt":"2025-12-01T08:43:54","guid":{"rendered":"https:\/\/kwintesencja.art\/?post_type=product&#038;p=8995"},"modified":"2026-03-05T21:16:35","modified_gmt":"2026-03-05T20:16:35","slug":"bez-tytulu-15","status":"publish","type":"product","link":"https:\/\/kwintesencja.art\/en\/product\/bez-tytulu-15\/","title":{"rendered":"Bez tytu\u0142u"},"content":{"rendered":"<p>Franciszek Starowieyski (pseudonim Jan Byk) Urodzi\u0142 si\u0119 w 8 lipca 1930 roku w Bratk\u00f3wce ko\u0142o Krosna. Zmar\u0142 w 2009 roku w Warszawie. Pochodzi\u0142 z rodziny szlacheckiej, piecz\u0119tuj\u0105cej si\u0119 herbem Biberstein. W latach 1949\u20131952 studiowa\u0142 malarstwo na Akademii Sztuk Pi\u0119knych w Krakowie u Wojciecha Weissa i Adama Marczy\u0144skiego, a nast\u0119pnie na Akademii Sztuk Pi\u0119knych w Warszawie u Micha\u0142a Byliny, gdzie uzyska\u0142 dyplom w 1955 roku. Artysta jest uwa\u017cany za jednego z najwybitniejszych przedstawicieli \u201epolskiej szko\u0142y plakatu\u201d. Jego tw\u00f3rczo\u015b\u0107 \u0142\u0105czona jest z europejskim nurtem symbolizmu i surrealizm. Motywem przewodnim sztuki Franciszka Starowieyskiego by\u0142 anonimowy akt kobiecy o rubensowskich kszta\u0142tach, przedstawiany w zhybrydyzowanych, niekiedy umechanicznionych formach. Kompozycje Starowieyskiego nawi\u0105zuj\u0105 formalnie do baroku i niekiedy do secesji, malarz inspirowa\u0142 si\u0119 tak\u017ce tw\u00f3rczo\u015bci\u0105 swojego ulubionego pisarza Samuela Backetta. Artysta zdoby\u0142 popularno\u015b\u0107 ju\u017c w latach 60. seri\u0105 plakat\u00f3w teatralnych i filmowych, czyni\u0105c plakat osobnym dzie\u0142em sztuki.<\/p>","protected":false},"excerpt":{"rendered":"<p>Franciszek Starowieyski (1930-2009),<br \/>\nBez tytu\u0142u<span class=\"HwtZe\" lang=\"pl\"><span class=\"jCAhz ChMk0b\"><span class=\"ryNqvb\">, 1985\u00a0<\/span><\/span><\/span><br \/>\n<span class=\"HwtZe\" lang=\"pl\"><span class=\"jCAhz ChMk0b\"><span class=\"ryNqvb\">Wymiary: 28 x 20 cm, (42 x 32 cm z opraw\u0105)<br \/>\nTechnika: o\u0142\u00f3wek na papierze,<br \/>\nSygnowany i datowany u do\u0142u.<\/span><\/span><\/span><\/p>","protected":false},"featured_media":8996,"template":"","meta":{"_monsterinsights_skip_tracking":false,"_monsterinsights_sitenote_active":false,"_monsterinsights_sitenote_note":"","_monsterinsights_sitenote_category":0,"_themeisle_gutenberg_block_has_review":false},"product_cat":[39],"product_tag":[305],"class_list":["post-8995","product","type-product","status-publish","has-post-thumbnail","hentry","product_cat-obrazy","product_tag-starowieyski-franciszek","product_shipping_class-rodzaj-wysylki-2"],"aioseo_notices":[],"_links":{"self":[{"href":"https:\/\/kwintesencja.art\/en\/wp-json\/wp\/v2\/product\/8995","targetHints":{"allow":["GET"]}}],"collection":[{"href":"https:\/\/kwintesencja.art\/en\/wp-json\/wp\/v2\/product"}],"about":[{"href":"https:\/\/kwintesencja.art\/en\/wp-json\/wp\/v2\/types\/product"}],"wp:featuredmedia":[{"embeddable":true,"href":"https:\/\/kwintesencja.art\/en\/wp-json\/wp\/v2\/media\/8996"}],"wp:attachment":[{"href":"https:\/\/kwintesencja.art\/en\/wp-json\/wp\/v2\/media?parent=8995"}],"wp:term":[{"taxonomy":"product_cat","embeddable":true,"href":"https:\/\/kwintesencja.art\/en\/wp-json\/wp\/v2\/product_cat?post=8995"},{"taxonomy":"product_tag","embeddable":true,"href":"https:\/\/kwintesencja.art\/en\/wp-json\/wp\/v2\/product_tag?post=8995"}],"curies":[{"name":"wp","href":"https:\/\/api.w.org\/{rel}","templated":true}]}}