{"id":8954,"date":"2025-12-01T08:56:53","date_gmt":"2025-12-01T07:56:53","guid":{"rendered":"https:\/\/kwintesencja.art\/?post_type=product&#038;p=8954"},"modified":"2025-12-01T09:00:33","modified_gmt":"2025-12-01T08:00:33","slug":"portret-kobiety-autoportret","status":"publish","type":"product","link":"https:\/\/kwintesencja.art\/en\/product\/portret-kobiety-autoportret\/","title":{"rendered":"Portret kobiety \/ Autoportret"},"content":{"rendered":"<div dir=\"auto\">\n<p>W prezentowanym obrazie Kraszewska ukaza\u0142a modelk\u0119 \u2013 najpewniej sam\u0105 siebie \u2013 w uj\u0119ciu p\u00f3\u0142postaci, z g\u0142ow\u0105 zwr\u00f3con\u0105 w lewo, w skupionej, zamy\u015blonej pozie. Delikatnie modelowane \u015bwiat\u0142ocieniem oblicze wy\u0142ania si\u0119 z przygaszonego, ch\u0142odnego t\u0142a, podczas gdy mi\u0119kko malowana bia\u0142a bluzka z akcentem czerwonej kokardy tworzy \u015bwietlist\u0105 ram\u0119 dla twarzy. Artystka buduje form\u0119 drobnymi, mi\u0119kkimi poci\u0105gni\u0119ciami p\u0119dzla, subtelnie \u0142\u0105cz\u0105c naturalistyczne oddanie rys\u00f3w z lekk\u0105 idealizacj\u0105, charakterystyczn\u0105 dla wyrafinowanego portretu salonowego prze\u0142omu XIX i XX wieku.<\/p>\n<p>Portret ten znakomicie ilustruje rang\u0119 Kraszewskiej jako jednej z najciekawszych polskich malarek \u201eszko\u0142y monachijskiej\u201d. Uczennica Iwana Ajwazowskiego w Petersburgu i W\u0142adys\u0142awa Czach\u00f3rskiego w Monachium przez lata dzia\u0142a\u0142a w \u015brodowisku skupionym wok\u00f3\u0142 J\u00f3zefa Brandta, a jako ilustratorka wsp\u00f3\u0142pracowa\u0142a z pismami \u201eJugend\u201d i \u201eKunst f\u00fcr Alle\u201d oraz z polskimi czasopismami artystycznymi.<br \/>\nJej tw\u00f3rczo\u015b\u0107 \u2013 obejmuj\u0105ca portrety, sceny rodzajowe i wyrafinowane kompozycje kwiatowe \u2013 wyr\u00f3\u017cnia si\u0119 subtelnym kolorytem, mi\u0119kkim modelunkiem i psychologicznym wyczuciem postaci, czego znakomitym przyk\u0142adem jest w\u0142a\u015bnie niniejszy autoportret, wybrany do du\u017cej, przekrojowej ekspozycji w Lublinie po\u015bwi\u0119conej polskim artystkom 1850\u20131950.<\/p>\n<p>Otolia Kraszewska (1859-1945), polska malarka \u201eszko\u0142y monachijskiej\u201c. Od ko\u0144ca lat 70. XIX w. studiowa\u0142a na Akademii Sztuk Pi\u0119knych w St. Petersburgu u Iwana Ajwazowskiego. W 1890 roku, uda\u0142a si\u0119 do Monachium, gdzie studiowa\u0142a u Franza Roubauda i W\u0142adys\u0142awa Czach\u00f3rskiego.<\/p><\/div>\n<div dir=\"auto\">Od 1892 roku wystawia\u0142a obrazy na mi\u0119dzynarodowych wystawach sztuki w monachijskim Pa\u0142acu Kryszta\u0142owym (Glaspalast), bra\u0142a tak\u017ce udzia\u0142 w wystawach Monachijskiego Towarzystwa Sztuk Pi\u0119knych (M\u00fcnchner Kunstverein), kt\u00f3rego by\u0142a cz\u0142onkiem. Swoje prace nadsy\u0142a\u0142a r\u00f3wnie\u017c do kraju, przede wszystkim do TZSP w Warszawie i TPSP w Krakowie.<\/div>\n<div dir=\"auto\">Badacze tw\u00f3rczo\u015bci Kraszewskiej zarejestrowali oko\u0142o 100 jej dzie\u0142, z kt\u00f3rych 20% jest znanych z reprodukcji lub opis\u00f3w. Wystawiane by\u0142y na wystawach i sprzedawane w Monachium, Kolonii, Berlinie, Warszawie, Krakowie i Lwowie, a tak\u017ce reprodukowane w licznych czasopismach. Wykonywa\u0142a tak\u017ce prywatne zlecenia arystokracji w Niemczech i w kraju. Jest r\u00f3wnie\u017c przes\u0142anka, \u017ce pracowa\u0142a dla dworu rumu\u0144skiego.<\/div>\n<div dir=\"auto\">G\u0142\u00f3wny nurt tw\u00f3rczo\u015bci artystki w malarstwie, to sceny rodzajowe, kwiaty, gdzie przewa\u017caj\u0105 motywy sentymentalne. Ponadto artystka zajmowa\u0142a si\u0119 dzia\u0142alno\u015bci\u0105 ilustratorsk\u0105 i sztuk\u0105 u\u017cytkow\u0105 \u2013 malowa\u0142a wachlarze i karty pocztowe.<\/div>\n<div dir=\"auto\">Kraszewska nauczy\u0142a si\u0119 od Ajwazowskiego malarstwa realistycznego, kt\u00f3re poprzez zastosowanie wyrafinowanej gry \u015bwiat\u0142a i cienia budzi wra\u017cenie materialno\u015bci i g\u0142\u0119bi przestrzeni. Z kolei od Czach\u00f3rskiego przej\u0119\u0142a motyw ukazywanej w naturalistyczny spos\u00f3b kobiety &#8211; wytwornie ubranej, cz\u0119sto siedz\u0105cej na tle szczeg\u00f3\u0142owo przedstawionego wn\u0119trza, udowadniaj\u0105c, \u017ce &#8211; podobnie jak on &#8211; potrafi\u0142a w mistrzowski spos\u00f3b odda\u0107 tkaniny, kwiaty i bi\u017cuteri\u0119.<\/div>","protected":false},"excerpt":{"rendered":"<p>Otolia Kraszewska (1859-1945),<br \/>\nPortret kobiety \/ Autoportret, 1 \u0107w. XX w.<br \/>\nOlej na desce.<br \/>\nWymiary: 45 x 36 cm (+ oprawa)<br \/>\nSygn. p. d.: <em>Otolia Kraszewska<\/em><\/p>\n<p><strong>Pochodzenie:<\/strong><br \/>\n\u2013 kolekcja prywatna<\/p>\n<p><strong>Wystawiana:<\/strong><br \/>\n\u2013 <em>\u201eCo babie do p\u0119dzla?! Artystki polskie 1850\u20131950\u201d<\/em>, Muzeum Narodowe w Lublinie, Zamek Lubelski, 25.04\u20135.10.2025<\/p>\n<p><strong>Reprodukcje:<\/strong><br \/>\n\u2013 katalog wystawy: <em>\u201eCo babie do p\u0119dzla?! Artystki polskie 1850\u20131950 \/ \u2018A Woman and a Paintbrush? Nonsense! Polish Women Artists 1850\u20131950\u2019\u201d<\/em>, red. Bo\u017cena Kasperowicz, Muzeum Narodowe w Lublinie, Lublin 2025, s. 174 (il. barwna).<\/p>\n<p>W prezentowanym obrazie Kraszewska ukaza\u0142a modelk\u0119 \u2013 najpewniej sam\u0105 siebie \u2013 w uj\u0119ciu p\u00f3\u0142postaci, z g\u0142ow\u0105 zwr\u00f3con\u0105 w lewo, w skupionej, zamy\u015blonej pozie. Delikatnie modelowane \u015bwiat\u0142ocieniem oblicze wy\u0142ania si\u0119 z przygaszonego, ch\u0142odnego t\u0142a, podczas gdy mi\u0119kko malowana bia\u0142a bluzka z akcentem czerwonej kokardy tworzy \u015bwietlist\u0105 ram\u0119 dla twarzy. Artystka buduje form\u0119 drobnymi, mi\u0119kkimi poci\u0105gni\u0119ciami p\u0119dzla, subtelnie \u0142\u0105cz\u0105c naturalistyczne oddanie rys\u00f3w z lekk\u0105 idealizacj\u0105, charakterystyczn\u0105 dla wyrafinowanego portretu salonowego prze\u0142omu XIX i XX wieku.<\/p>\n<p>Portret ten znakomicie ilustruje rang\u0119 Kraszewskiej jako jednej z najciekawszych polskich malarek \u201eszko\u0142y monachijskiej\u201d. Uczennica Iwana Ajwazowskiego w Petersburgu i W\u0142adys\u0142awa Czach\u00f3rskiego w Monachium przez lata dzia\u0142a\u0142a w \u015brodowisku skupionym wok\u00f3\u0142 J\u00f3zefa Brandta, a jako ilustratorka wsp\u00f3\u0142pracowa\u0142a z pismami \u201eJugend\u201d i \u201eKunst f\u00fcr Alle\u201d oraz z polskimi czasopismami artystycznymi.<br \/>\nJej tw\u00f3rczo\u015b\u0107 \u2013 obejmuj\u0105ca portrety, sceny rodzajowe i wyrafinowane kompozycje kwiatowe \u2013 wyr\u00f3\u017cnia si\u0119 subtelnym kolorytem, mi\u0119kkim modelunkiem i psychologicznym wyczuciem postaci, czego znakomitym przyk\u0142adem jest w\u0142a\u015bnie niniejszy autoportret, wybrany do du\u017cej, przekrojowej ekspozycji w Lublinie po\u015bwi\u0119conej polskim artystkom 1850\u20131950.<\/p>","protected":false},"featured_media":8958,"template":"","meta":{"_monsterinsights_skip_tracking":false,"_monsterinsights_sitenote_active":false,"_monsterinsights_sitenote_note":"","_monsterinsights_sitenote_category":0,"_themeisle_gutenberg_block_has_review":false},"product_cat":[39],"product_tag":[238],"class_list":["post-8954","product","type-product","status-publish","has-post-thumbnail","hentry","product_cat-obrazy","product_tag-kraszewska-otolia","product_shipping_class-rodzaj-wysylki-3"],"aioseo_notices":[],"_links":{"self":[{"href":"https:\/\/kwintesencja.art\/en\/wp-json\/wp\/v2\/product\/8954","targetHints":{"allow":["GET"]}}],"collection":[{"href":"https:\/\/kwintesencja.art\/en\/wp-json\/wp\/v2\/product"}],"about":[{"href":"https:\/\/kwintesencja.art\/en\/wp-json\/wp\/v2\/types\/product"}],"wp:featuredmedia":[{"embeddable":true,"href":"https:\/\/kwintesencja.art\/en\/wp-json\/wp\/v2\/media\/8958"}],"wp:attachment":[{"href":"https:\/\/kwintesencja.art\/en\/wp-json\/wp\/v2\/media?parent=8954"}],"wp:term":[{"taxonomy":"product_cat","embeddable":true,"href":"https:\/\/kwintesencja.art\/en\/wp-json\/wp\/v2\/product_cat?post=8954"},{"taxonomy":"product_tag","embeddable":true,"href":"https:\/\/kwintesencja.art\/en\/wp-json\/wp\/v2\/product_tag?post=8954"}],"curies":[{"name":"wp","href":"https:\/\/api.w.org\/{rel}","templated":true}]}}