{"id":894,"date":"2022-03-04T11:24:43","date_gmt":"2022-03-04T10:24:43","guid":{"rendered":"https:\/\/kwintesencja.dkonto.pl\/?post_type=product&#038;p=894"},"modified":"2022-04-12T10:51:22","modified_gmt":"2022-04-12T08:51:22","slug":"bez-tytulu","status":"publish","type":"product","link":"https:\/\/kwintesencja.art\/en\/product\/bez-tytulu\/","title":{"rendered":"Abstrakcja"},"content":{"rendered":"<p><span style=\"font-family: Calibri, sans-serif;\"><span lang=\"pl-PL\"><strong>Henryk Hayden<\/strong> (Warszawa 1883 &#8211; Pary\u017c 1970) by\u0142 jednym z najwybitniejszych malarzy polskiego pochodzenia zwi\u0105zanych ze \u015brodowiskiem \u00c9cole de Paris. Studia artystyczne rozpocz\u0105\u0142 w warszawskiej Szkole Sztuk Pi\u0119knych; r\u00f3wnolegle kszta\u0142ci\u0142 si\u0119 tak\u017ce na Politechnice Warszawskiej. W 1907 wyjecha\u0142 do Pary\u017ca, gdzie zapisa\u0142 si\u0119 jeszcze do Acad\u00e9mie \u201eLa Palette\u201d. Od 1908 cz\u0119sto wyje\u017cd\u017ca\u0142 do Bretanii, kontaktuj\u0105c si\u0119 tam z W. \u015alewi\u0144skim. Po 1915 zwi\u0105za\u0142 si\u0119 z kr\u0119giem paryskiej awangardy artystycznej, m.in. P. Picassem, J. Grisem, G. Severinim czy H. Matisseem. We Francji pozosta\u0142 na sta\u0142e. W 1920 odwiedzi\u0142 rodzin\u0119 w Polsce, ale jego zwi\u0105zki z krajem by\u0142y do\u015b\u0107 lu\u017ane \u2013 z rzadka tylko przesy\u0142a\u0142 obrazy na wystawy. Wiele natomiast wystawia\u0142 we Francji; od 1909 regularnie bra\u0142 udzia\u0142 w paryskich Salonach, mia\u0142 te\u017c wystawy indywidualne. W czasie II wojny \u015bwiatowej przebywa\u0142 w po\u0142udniowej Francji i w\u00f3wczas nawi\u0105za\u0142a si\u0119 jego wieloletnia przyja\u017a\u0144 z S. Beckettem. Malowa\u0142 pejza\u017ce, portrety i martwe natury, wykazuj\u0105ce pocz\u0105tkowo zwi\u0105zki z malarstwem \u015alewi\u0144skiego, a p\u00f3\u017aniej (1912-21) tw\u00f3rczo\u015bci\u0105 Cezanne\u2019a i kubizmem. Po roku 1922 tworzy\u0142 realistyczne portrety i pejza\u017ce; pod koniec \u017cycia powr\u00f3ci\u0142 do do\u015bwiadcze\u0144 kubistycznych.<\/span><\/span><\/p>","protected":false},"excerpt":{"rendered":"<p><strong>PRODUKT NIEDOST\u0118PNY<\/strong><br \/>\nTytu\u0142: Abstrakcja<br \/>\nAutor: Henryk Hayden<br \/>\nYear: unknown<br \/>\nTechnika: Akwarela na papierze<br \/>\nOprawa: Tak, srebrna rama, za szk\u0142em<br \/>\nPodpis: odr\u0119czny<br \/>\nWymiary: 28,5x20cm, z rama 40 x 30 cm<br \/>\nStan zachowania: bardzo dobry<\/p>","protected":false},"featured_media":1713,"template":"","meta":{"_monsterinsights_skip_tracking":false,"_monsterinsights_sitenote_active":false,"_monsterinsights_sitenote_note":"","_monsterinsights_sitenote_category":0,"_themeisle_gutenberg_block_has_review":false},"product_cat":[39],"product_tag":[55],"class_list":["post-894","product","type-product","status-publish","has-post-thumbnail","hentry","product_cat-obrazy","product_tag-hayden-henryk","product_shipping_class-rodzaj-wysylki-1"],"aioseo_notices":[],"_links":{"self":[{"href":"https:\/\/kwintesencja.art\/en\/wp-json\/wp\/v2\/product\/894","targetHints":{"allow":["GET"]}}],"collection":[{"href":"https:\/\/kwintesencja.art\/en\/wp-json\/wp\/v2\/product"}],"about":[{"href":"https:\/\/kwintesencja.art\/en\/wp-json\/wp\/v2\/types\/product"}],"wp:featuredmedia":[{"embeddable":true,"href":"https:\/\/kwintesencja.art\/en\/wp-json\/wp\/v2\/media\/1713"}],"wp:attachment":[{"href":"https:\/\/kwintesencja.art\/en\/wp-json\/wp\/v2\/media?parent=894"}],"wp:term":[{"taxonomy":"product_cat","embeddable":true,"href":"https:\/\/kwintesencja.art\/en\/wp-json\/wp\/v2\/product_cat?post=894"},{"taxonomy":"product_tag","embeddable":true,"href":"https:\/\/kwintesencja.art\/en\/wp-json\/wp\/v2\/product_tag?post=894"}],"curies":[{"name":"wp","href":"https:\/\/api.w.org\/{rel}","templated":true}]}}