{"id":8938,"date":"2025-12-01T08:21:07","date_gmt":"2025-12-01T07:21:07","guid":{"rendered":"https:\/\/kwintesencja.art\/?post_type=product&#038;p=8938"},"modified":"2026-03-29T22:38:21","modified_gmt":"2026-03-29T20:38:21","slug":"trzy-postacie-2","status":"publish","type":"product","link":"https:\/\/kwintesencja.art\/en\/product\/trzy-postacie-2\/","title":{"rendered":"Trzy postacie"},"content":{"rendered":"<p>Zrealizowana na papierze kompozycja ma charakter <strong>kameralnego studium plenerowego<\/strong>, typowego dla Chapiro, kt\u00f3ry ju\u017c po osiedleniu si\u0119 w paryskim Montparnasse i w s\u0142ynnej La Ruche ch\u0119tnie notowa\u0142 sceny z codziennego \u017cycia \u2013 odpoczynek w parkach, rozmowy, lektur\u0119. Artysta, pochodz\u0105cy z Daugavpils (d. Dinaburg), kszta\u0142ci\u0142 si\u0119 w Charkowie, Kijowie i Petersburgu, a od po\u0142owy lat 20. na sta\u0142e zwi\u0105za\u0142 si\u0119 z Pary\u017cem i \u015brodowiskiem \u00c9cole de Paris, zaprzyja\u017aniaj\u0105c si\u0119 m.in. z Cha\u00efmem Soutine\u2019em i innymi emigrantami ze wschodniej Europy.<\/p>\n<p>Jacques (Yakov) Chapiro urodzi\u0142 si\u0119 w 1897 roku w Dyneburgu na \u0141otwie, zmar\u0142 w 1972 roku w Pary\u017cu. By\u0142 synem \u017cydowskiego rze\u017abiarza-snycerza, Abrahama Szapiro. W wieku dziesi\u0119ciu lat rozpocz\u0105\u0142 nauk\u0119 malarstwa. W 1915 roku wyjecha\u0142 na studia do Charkowa, gdzie uczy\u0142 si\u0119 w tamtejszej Akademii Sztuk Pi\u0119knych. Od 1918 roku kontynuowa\u0142 edukacj\u0119 w Kijowie, od 1921 roku studiowa\u0142 w Petersburgu, pokazuj\u0105c swoje prace np. w salonie Dobrychina i tworz\u0105c dekoracje w teatrze dla dzieci. P\u00f3\u017aniej osiad\u0142 na jaki\u015b czas w Moskwie. W 1925 roku ostatecznie wyjecha\u0142 z Rosji i przeni\u00f3s\u0142 si\u0119 do Pary\u017ca. Tam zamieszka\u0142 w La Ruche, kt\u00f3ra by\u0142a rodzajem domu czy taniej stancji dla artyst\u00f3w w paryskiej dzielnicy Montparnasse. Artysta zwi\u0105za\u0142 si\u0119 silnie ze \u015brodowiskiem artystycznym i rozpocz\u0105\u0142 swoj\u0105 powa\u017cn\u0105 karier\u0119 wystawiennicz\u0105, od 1926 roku pokazywa\u0142 swoje prace m. in. na Salonie Niezale\u017cnych i Salonie des Tuileries. Malarz przyja\u017ani\u0142 si\u0119 m. in. z Marcem Chagallem i Raymondem Cogniatem. We Francji kontynuowa\u0142 dzia\u0142alno\u015b\u0107 w dziedzinie scenografii, tworzy\u0142 dekoracje dla baletu prowadzonego przez Sergieja Diagilewa. W Pary\u017cu odby\u0142y si\u0119 te\u017c dwie indywidualne wystawy artysty, pierwsza w galerii Kleinmana (1930), druga w Galerii Bonaparte (1936).<br \/>\nW 1939 roku Jacques Chapiro w obawie przed prze\u015bladowaniami wyjecha\u0142 z Pary\u017ca i sp\u0119dzi\u0142 kilka lat w ukryciu, pomieszkuj\u0105c w ma\u0142ych francuskich i w\u0142oskich miasteczkach. W 1945 roku artysta powr\u00f3ci\u0142 do stolicy Francji i otworzy\u0142 tam w\u0142asn\u0105 pracowni\u0119, kontynuowa\u0142 te\u017c dzia\u0142alno\u015b\u0107 wystawiennicz\u0105. Po wojnie malarz zacz\u0105\u0142 spisywa\u0107 swoje wspomnienia zwi\u0105zane ze \u015brodowiskiem La Ruche. Ksi\u0105\u017cka zosta\u0142a wydana w 1960 roku.<\/p>\n<p>Jacques Chapiro zaliczany jest do przedstawicieli \u00c9cole de Paris. Prace artysty s\u0105 niezwykle zr\u00f3\u017cnicowane, cz\u0119sto eksperymentowa\u0142 on ze stylistyk\u0105 swoich dzie\u0142. Jego wczesne obrazy nawi\u0105zuj\u0105 do nurtu impresjonizmu i fowizmu, widoczne s\u0105 w nich wp\u0142ywy Pierre\u2019a Bonnarda, inne prace natomiast zdaj\u0105 si\u0119 by\u0107 bliskie stylistyce kubizmu. W p\u00f3\u017aniejszym okresie tw\u00f3rczo\u015bci artysta zbli\u017cy\u0142 si\u0119 raczej do ekspresjonizmu, inspiruj\u0105c si\u0119 przy tym sztuk\u0105 Chaima Soutine`a. Jacques Chapiro malowa\u0142 najcz\u0119\u015bciej portrety, kwiaty, martwe natury, pejza\u017ce oraz sceny rodzajowe.<br \/>\nArtysta zajmowa\u0142 si\u0119 wieloma dziedzinami artystycznymi. W czasie Rewolucji Pa\u017adziernikowej wykonywa\u0142 plakaty propagandowe, p\u00f3\u017aniej, jak ju\u017c wspomniano, wykonywa\u0142 dekoracje teatralne, a tak\u017ce uprawia\u0142 malarstwo monumentalne (trudni\u0142 si\u0119 technik\u0105 fresku).<\/p>\n<p>Jacques Chapiro jest artyst\u0105 znanym i cenionym na ca\u0142ym \u015bwiecie. Jego prace znajduj\u0105 si\u0119 wielu kolekcjach prywatnych i publicznych, m.in. w muzeach w Chicago, Pary\u017cu, Szczecinie, Moskwie, Tel Awiwie.<\/p>","protected":false},"excerpt":{"rendered":"<p>Tytu\u0142: <strong>Dans le parc<\/strong>\u00a0(trzy postacie w parku)<br \/>\nAutor: Jacques Chapiro<br \/>\nArtysta z\u00a0kr\u0119gu Ecole de\u00a0Paris<br \/>\nRok: ok. 1930<br \/>\nTechnika: Olej na tekturze, naklejony na desk\u0119<br \/>\nWymiary: 38 x 44 cm, 73 x 81 cm (z opraw\u0105)<br \/>\nSygnatura: p.d.: <em>Jacques Chapiro<\/p>\n<p><\/em><strong>Proweniencja:<\/strong><br \/>\n\u2013 Galerie Berth\u00e9as, Francja<br \/>\n\u2013 kolekcja prywatna, Owernia<em><br \/>\n<\/em><\/p>","protected":false},"featured_media":8940,"template":"","meta":{"_monsterinsights_skip_tracking":false,"_monsterinsights_sitenote_active":false,"_monsterinsights_sitenote_note":"","_monsterinsights_sitenote_category":0,"_themeisle_gutenberg_block_has_review":false},"product_cat":[39],"product_tag":[222],"class_list":["post-8938","product","type-product","status-publish","has-post-thumbnail","hentry","product_cat-obrazy","product_tag-chapiro-jacques","product_shipping_class-rodzaj-wysylki-3"],"aioseo_notices":[],"_links":{"self":[{"href":"https:\/\/kwintesencja.art\/en\/wp-json\/wp\/v2\/product\/8938","targetHints":{"allow":["GET"]}}],"collection":[{"href":"https:\/\/kwintesencja.art\/en\/wp-json\/wp\/v2\/product"}],"about":[{"href":"https:\/\/kwintesencja.art\/en\/wp-json\/wp\/v2\/types\/product"}],"wp:featuredmedia":[{"embeddable":true,"href":"https:\/\/kwintesencja.art\/en\/wp-json\/wp\/v2\/media\/8940"}],"wp:attachment":[{"href":"https:\/\/kwintesencja.art\/en\/wp-json\/wp\/v2\/media?parent=8938"}],"wp:term":[{"taxonomy":"product_cat","embeddable":true,"href":"https:\/\/kwintesencja.art\/en\/wp-json\/wp\/v2\/product_cat?post=8938"},{"taxonomy":"product_tag","embeddable":true,"href":"https:\/\/kwintesencja.art\/en\/wp-json\/wp\/v2\/product_tag?post=8938"}],"curies":[{"name":"wp","href":"https:\/\/api.w.org\/{rel}","templated":true}]}}