{"id":8846,"date":"2025-10-30T13:07:07","date_gmt":"2025-10-30T12:07:07","guid":{"rendered":"https:\/\/kwintesencja.art\/?post_type=product&#038;p=8846"},"modified":"2026-03-06T09:13:19","modified_gmt":"2026-03-06T08:13:19","slug":"iter","status":"publish","type":"product","link":"https:\/\/kwintesencja.art\/en\/product\/iter\/","title":{"rendered":"Iter"},"content":{"rendered":"<p>Dino Valls urodzi\u0142 si\u0119 w 1959 roku w Saragossie, Hiszpania.\u00a0Po uko\u0144czeniu studi\u00f3w medycznych (Medicina y Cirug\u00eda, Universidad de Zaragoza, 1982) ca\u0142kowicie po\u015bwi\u0119ci\u0142 si\u0119 sztuce.\u00a0Ju\u017c od dzieci\u0144stwa pasjonowa\u0142 si\u0119 rysunkiem, a malowa\u0107 olejno zacz\u0105\u0142 samodzielnie w 1975 roku.<\/p>\n<p>W latach 90. zainteresowanie technik\u0105 dawnego mistrzostwa \u2014 szczeg\u00f3lnie temper\u0105 jajow\u0105 \u2014 oraz technikami: warstw, velatur, wp\u0142ywami mistrz\u00f3w w\u0142oskich i flamandzkich XV\u2013XVII wieku, zostaje przez niego rozwini\u0119te i zmodyfikowane w charakterystyczny spos\u00f3b.<br \/>\nPrace Valls\u2019a cechuje g\u0142\u0119boka symbolika psychologiczna, eksploracja temat\u00f3w pod\u015bwiadomo\u015bci, cielesno\u015bci, rany i pi\u0119kna, cz\u0119sto z obecno\u015bci\u0105 motyw\u00f3w portretowych, alegorycznych i metaforycznych.<\/p>\n<p>Obecnie Dino Valls mieszka i pracuje w Madrycie. Jego tw\u00f3rczo\u015b\u0107 by\u0142a prezentowana na licznych wystawach indywidualnych i zbiorowych \u2014 w Hiszpanii oraz za granic\u0105. Prace artysty znajduj\u0105 si\u0119 w galeriach kolekcjach prywatnych i muzealnych na ca\u0142ym \u015bwiecie.<\/p>","protected":false},"excerpt":{"rendered":"<p>Tytu\u0142 <em>ITER<\/em> oznacza po \u0142acinie \u201epodr\u00f3\u017c\u201d.<\/p>\n<p>Posta\u0107 stoi na tle dawnej mapy portolanowej z inskrypcj\u0105 <em>ITER in Ignotum<\/em> \u2013 \u201epodr\u00f3\u017c w nieznane\u201d. Po obu stronach g\u0142owy zawieszone s\u0105 karty ze starych ksi\u0105g, odnosz\u0105ce si\u0119 do mitologicznych potwor\u00f3w Scylli i Charybdy. Motyw ten, obecny w <em>Odysei<\/em> Homera, symbolizuje wyb\u00f3r mi\u0119dzy dwoma niebezpiecze\u0144stwami.<\/p>\n<p>Czerwone i czarne nici \u0142\u0105cz\u0105 map\u0119 z cia\u0142em bohaterki, wskazuj\u0105c na psychologiczn\u0105 podr\u00f3\u017c i napi\u0119cie mi\u0119dzy skrajno\u015bciami. Gwiazda morska i zawieszone tabliczki podkre\u015blaj\u0105 motyw w\u0119dr\u00f3wki oraz balansowania mi\u0119dzy zagro\u017ceniem a szans\u0105 ocalenia.<\/p>\n<p>Artysta zestawia tradycj\u0119 antyczn\u0105, \u015bredniowieczn\u0105 i renesansow\u0105 (teksty Alciata, Eneasza, Kircher\u2019a, Homera) z w\u0142asn\u0105 symbolik\u0105. W uj\u0119ciu psychologicznym mapa i podr\u00f3\u017c na wsch\u00f3d symbolizuj\u0105 proces indywidualizacji i poszukiwania to\u017csamo\u015bci \u2013 zadanie ryzykowne, ale konieczne, by odkry\u0107 siebie.<\/p>\n<p>Grafika artystyczna na papierze<br \/>\nWymiary: 50 x 50 cm, 63 x 63 cm (z opraw\u0105)<\/p>","protected":false},"featured_media":8847,"template":"","meta":{"_monsterinsights_skip_tracking":false,"_monsterinsights_sitenote_active":false,"_monsterinsights_sitenote_note":"","_monsterinsights_sitenote_category":0,"_themeisle_gutenberg_block_has_review":false},"product_cat":[41],"product_tag":[295,350],"class_list":["post-8846","product","type-product","status-publish","has-post-thumbnail","hentry","product_cat-grafiki","product_tag-artysta-mniej-znany","product_tag-wyprzedaz","product_shipping_class-rodzaj-wysylki-3"],"aioseo_notices":[],"_links":{"self":[{"href":"https:\/\/kwintesencja.art\/en\/wp-json\/wp\/v2\/product\/8846","targetHints":{"allow":["GET"]}}],"collection":[{"href":"https:\/\/kwintesencja.art\/en\/wp-json\/wp\/v2\/product"}],"about":[{"href":"https:\/\/kwintesencja.art\/en\/wp-json\/wp\/v2\/types\/product"}],"wp:featuredmedia":[{"embeddable":true,"href":"https:\/\/kwintesencja.art\/en\/wp-json\/wp\/v2\/media\/8847"}],"wp:attachment":[{"href":"https:\/\/kwintesencja.art\/en\/wp-json\/wp\/v2\/media?parent=8846"}],"wp:term":[{"taxonomy":"product_cat","embeddable":true,"href":"https:\/\/kwintesencja.art\/en\/wp-json\/wp\/v2\/product_cat?post=8846"},{"taxonomy":"product_tag","embeddable":true,"href":"https:\/\/kwintesencja.art\/en\/wp-json\/wp\/v2\/product_tag?post=8846"}],"curies":[{"name":"wp","href":"https:\/\/api.w.org\/{rel}","templated":true}]}}