{"id":8761,"date":"2025-10-07T12:03:47","date_gmt":"2025-10-07T10:03:47","guid":{"rendered":"https:\/\/kwintesencja.art\/?post_type=product&#038;p=8761"},"modified":"2026-03-05T21:15:17","modified_gmt":"2026-03-05T20:15:17","slug":"la-porte-lourde-1929","status":"publish","type":"product","link":"https:\/\/kwintesencja.art\/en\/product\/la-porte-lourde-1929\/","title":{"rendered":"La porte Lourde, 1929"},"content":{"rendered":"<p><strong>Eugeniusz (Eug\u00e8ne) Zak<\/strong> \u2013 malarz i rysownik zwi\u0105zany z kr\u0119giem <strong>\u00c9cole de Paris<\/strong>. Urodzony w 1884 r. (okolice Mi\u0144ska), wychowany w Warszawie. Od 1903 r. mieszka\u0142 g\u0142\u00f3wnie w Pary\u017cu; kszta\u0142ci\u0142 si\u0119 w prywatnych akademiach i wystawia\u0142 m.in. w Salon d\u2019Automne i Salon des Ind\u00e9pendants. W latach 1911\u20131913 oraz po 1922 r. przebywa\u0142 tak\u017ce w Polsce, oddzia\u0142uj\u0105c na m\u0142odsze pokolenie artyst\u00f3w (zwi\u0105zki z ugrupowaniem Rytm). Jego rozpoznawalny styl \u0142\u0105czy mi\u0119kk\u0105, linearn\u0105 stylizacj\u0119 z lirycznym nastrojem, cz\u0119sto w scenach arkadyjskich i delikatnych pejza\u017cach.<br \/>\nZmar\u0142 w 1926 r. w Pary\u017cu. Prace Zaka znajduj\u0105 si\u0119 w kolekcjach muzealnych w Polsce i za granic\u0105.<\/p>","protected":false},"excerpt":{"rendered":"<p>La porte Lourde. Po\u00e9mes en prose de Ren\u00e9 Morand, dessins hors-texte par Eug\u00e9ne Zak, Paris 1929.<br \/>\nWydawnictwo Galerie Zak. Zawiera 9 rycin wykonanych technik\u0105 mi\u0119kkiego werniksu:<br \/>\nW\u0119drowiec (przy str. tytu\u0142owej), W\u0142\u00f3cz\u0119ga, Pochylona kobieta, M\u0142odzieniec z kwiatkiem, K\u0105piel,<br \/>\nId\u0105ca dziewczyna, Koncert, Ch\u0142opiec z harmoni\u0105, Szcz\u0119\u015bliwa rodzina.<br \/>\nEgzemplarz 296\/300<\/p>","protected":false},"featured_media":8762,"template":"","meta":{"_monsterinsights_skip_tracking":false,"_monsterinsights_sitenote_active":false,"_monsterinsights_sitenote_note":"","_monsterinsights_sitenote_category":0,"_themeisle_gutenberg_block_has_review":false},"product_cat":[15],"product_tag":[347],"class_list":["post-8761","product","type-product","status-publish","has-post-thumbnail","hentry","product_cat-pozostale","product_tag-zak-eugeniusz","product_shipping_class-rodzaj-wysylki-2"],"aioseo_notices":[],"_links":{"self":[{"href":"https:\/\/kwintesencja.art\/en\/wp-json\/wp\/v2\/product\/8761","targetHints":{"allow":["GET"]}}],"collection":[{"href":"https:\/\/kwintesencja.art\/en\/wp-json\/wp\/v2\/product"}],"about":[{"href":"https:\/\/kwintesencja.art\/en\/wp-json\/wp\/v2\/types\/product"}],"wp:featuredmedia":[{"embeddable":true,"href":"https:\/\/kwintesencja.art\/en\/wp-json\/wp\/v2\/media\/8762"}],"wp:attachment":[{"href":"https:\/\/kwintesencja.art\/en\/wp-json\/wp\/v2\/media?parent=8761"}],"wp:term":[{"taxonomy":"product_cat","embeddable":true,"href":"https:\/\/kwintesencja.art\/en\/wp-json\/wp\/v2\/product_cat?post=8761"},{"taxonomy":"product_tag","embeddable":true,"href":"https:\/\/kwintesencja.art\/en\/wp-json\/wp\/v2\/product_tag?post=8761"}],"curies":[{"name":"wp","href":"https:\/\/api.w.org\/{rel}","templated":true}]}}