{"id":8753,"date":"2025-10-07T11:51:46","date_gmt":"2025-10-07T09:51:46","guid":{"rendered":"https:\/\/kwintesencja.art\/?post_type=product&#038;p=8753"},"modified":"2025-10-07T11:52:14","modified_gmt":"2025-10-07T09:52:14","slug":"kobieta-przed-lustrem","status":"publish","type":"product","link":"https:\/\/kwintesencja.art\/en\/product\/kobieta-przed-lustrem\/","title":{"rendered":"Kobieta przed lustrem"},"content":{"rendered":"<p>Mel Ramos (1935\u20132018), ameryka\u0144ski malarz zwi\u0105zany z Pop-Artem. Urodzi\u0142 si\u0119 w Sacramento (Kalifornia). Studiowa\u0142 na Sacramento State College, gdzie jednym z jego mentor\u00f3w by\u0142 Wayne Thiebaud.<br \/>\nW latach 60. zas\u0142yn\u0105\u0142 cyklami, w kt\u00f3rych pin-upowe akty zestawia\u0142 z ikonami konsumpcji (banany Chiquita, puszki napoj\u00f3w, tablice czekolady, opakowania papieros\u00f3w).<br \/>\n\u0141\u0105czy\u0142 erotyczny wizerunek z j\u0119zykiem reklamy, komentuj\u0105c po\u017c\u0105danie, marketing i kultur\u0119 masow\u0105.<\/p>\n<p data-start=\"1718\" data-end=\"2115\">Wystawia\u0142 szeroko w USA i Europie; jego prace znajduj\u0105 si\u0119 w licznych kolekcjach muzealnych i galeryjnych. Przez lata wyk\u0142ada\u0142 na California State University, East Bay (Hayward). Zmar\u0142 w 2018 r. w Oakland.<br \/>\nRamos pozostaje jedn\u0105 z kluczowych postaci ameryka\u0144skiego Pop-Artu, obok Andy\u2019ego Warhola i Roya Lichtensteina, z wyra\u017anym zwrotem ku figuracji, fotorealizmowi i estetyce pin-up.<\/p>","protected":false},"excerpt":{"rendered":"<p>Grafika, edycja limitowana.<br \/>\nWymiary: 35 x 50 cm (ca\u0142y arkusz)<br \/>\nNapis o\u0142\u00f3wkiem l.d.: 135\/300, p.d.: faksymile podpisu artysty<br \/>\nNa dole sucha piecz\u0119\u0107 wydawcy.<br \/>\nNa odwrocie hologram<br \/>\nPraca nieoprawiona.<br \/>\nStan zachowania: bardzo dobry<\/p>","protected":false},"featured_media":8755,"template":"","meta":{"_monsterinsights_skip_tracking":false,"_monsterinsights_sitenote_active":false,"_monsterinsights_sitenote_note":"","_monsterinsights_sitenote_category":0,"_themeisle_gutenberg_block_has_review":false},"product_cat":[41],"product_tag":[295],"class_list":["post-8753","product","type-product","status-publish","has-post-thumbnail","hentry","product_cat-grafiki","product_tag-artysta-mniej-znany","product_shipping_class-rodzaj-wysylki-2"],"aioseo_notices":[],"_links":{"self":[{"href":"https:\/\/kwintesencja.art\/en\/wp-json\/wp\/v2\/product\/8753","targetHints":{"allow":["GET"]}}],"collection":[{"href":"https:\/\/kwintesencja.art\/en\/wp-json\/wp\/v2\/product"}],"about":[{"href":"https:\/\/kwintesencja.art\/en\/wp-json\/wp\/v2\/types\/product"}],"wp:featuredmedia":[{"embeddable":true,"href":"https:\/\/kwintesencja.art\/en\/wp-json\/wp\/v2\/media\/8755"}],"wp:attachment":[{"href":"https:\/\/kwintesencja.art\/en\/wp-json\/wp\/v2\/media?parent=8753"}],"wp:term":[{"taxonomy":"product_cat","embeddable":true,"href":"https:\/\/kwintesencja.art\/en\/wp-json\/wp\/v2\/product_cat?post=8753"},{"taxonomy":"product_tag","embeddable":true,"href":"https:\/\/kwintesencja.art\/en\/wp-json\/wp\/v2\/product_tag?post=8753"}],"curies":[{"name":"wp","href":"https:\/\/api.w.org\/{rel}","templated":true}]}}