{"id":8738,"date":"2025-10-07T11:19:09","date_gmt":"2025-10-07T09:19:09","guid":{"rendered":"https:\/\/kwintesencja.art\/?post_type=product&#038;p=8738"},"modified":"2026-01-15T18:39:26","modified_gmt":"2026-01-15T17:39:26","slug":"smile_02-niebieskie-wlosy-rozowe-sluchawki-copy","status":"publish","type":"product","link":"https:\/\/kwintesencja.art\/en\/product\/smile_02-niebieskie-wlosy-rozowe-sluchawki-copy\/","title":{"rendered":"Paradise in a Flower Field"},"content":{"rendered":"<div id=\"tab-description\" class=\"panel entry-content wc-tab\">\n<p data-start=\"1875\" data-end=\"1927\"><strong data-start=\"1887\" data-end=\"1907\">Takashi Murakami<\/strong> (ur. 1962, Tokio)<br \/>\nJapo\u0144ski artysta, teoretyk i producent kultury, tw\u00f3rca nurtu <strong data-start=\"1989\" data-end=\"2002\">Superflat<\/strong> oraz za\u0142o\u017cyciel studia\/organizacji <strong data-start=\"2038\" data-end=\"2057\">Kaikai Kiki Co.<\/strong>. Kszta\u0142ci\u0142 si\u0119 na tokijskim Uniwersytecie Sztuk Pi\u0119knych i Muzyki (T\u014dky\u014d Geidai), gdzie obroni\u0142 doktorat z malarstwa nihonga. W swojej praktyce \u0142\u0105czy <strong data-start=\"2208\" data-end=\"2253\">malarstwo, rze\u017ab\u0119, grafik\u0119, film i design<\/strong>, operuj\u0105c jednocze\u015bnie w polu galerii i masowej dystrybucji. Ikoniczne motywy Murakamiego to m.in. <strong data-start=\"2353\" data-end=\"2376\">u\u015bmiechni\u0119te kwiaty<\/strong>, posta\u0107 <strong data-start=\"2385\" data-end=\"2396\">Mr. DOB<\/strong>, czaszki i t\u0119czowe wiry. Autor licznych wystaw muzealnych (m.in. <strong data-start=\"2462\" data-end=\"2488\">MOCA Los Angeles, 2007<\/strong>; <strong data-start=\"2490\" data-end=\"2521\">Ch\u00e2teau de Versailles, 2010<\/strong>; <strong data-start=\"2523\" data-end=\"2549\">Mori Art Museum, Tokio<\/strong>), znany z kolaboracji z przemys\u0142em mody i muzyki (m.in. <strong data-start=\"2606\" data-end=\"2623\">Louis Vuitton<\/strong>, <strong data-start=\"2625\" data-end=\"2639\">Kanye West<\/strong>). Jego prace znajduj\u0105 si\u0119 w kolekcjach najwa\u017cniejszych instytucji na \u015bwiecie. Styl Murakamiego \u2013 \u0142\u0105cz\u0105cy \u201ewysokie\u201d i \u201eniskie\u201d \u2013 redefiniowa\u0142 relacje mi\u0119dzy <strong data-start=\"2796\" data-end=\"2831\">sztuk\u0105 wsp\u00f3\u0142czesn\u0105 a popkultur\u0105<\/strong>, staj\u0105c si\u0119 jednym z najbardziej wp\u0142ywowych j\u0119zyk\u00f3w wizualnych prze\u0142omu XX i XXI wieku.<\/p>\n<\/div>","protected":false},"excerpt":{"rendered":"<p>Grafika, edycja limitowana 300 egzemplarzy, na papierze<br \/>\nKa\u017cda grafika jest indywidualnie numerowana.<br \/>\nNapis o\u0142\u00f3wkiem l.d.: 31\/300, p.d.: faksymile podpisu artysty<br \/>\nWymiary: 50 cm x 65 cm (arkusz)<br \/>\nNa dole sucha piecz\u0119\u0107 wydawcy<br \/>\nNa odwrocie hologram<br \/>\nStan zachowania: bardzo dobry<\/p>","protected":false},"featured_media":8735,"template":"","meta":{"_monsterinsights_skip_tracking":false,"_monsterinsights_sitenote_active":false,"_monsterinsights_sitenote_note":"","_monsterinsights_sitenote_category":0,"_themeisle_gutenberg_block_has_review":false},"product_cat":[41],"product_tag":[346],"class_list":["post-8738","product","type-product","status-publish","has-post-thumbnail","hentry","product_cat-grafiki","product_tag-murakami-takashi","product_shipping_class-rodzaj-wysylki-2"],"aioseo_notices":[],"_links":{"self":[{"href":"https:\/\/kwintesencja.art\/en\/wp-json\/wp\/v2\/product\/8738","targetHints":{"allow":["GET"]}}],"collection":[{"href":"https:\/\/kwintesencja.art\/en\/wp-json\/wp\/v2\/product"}],"about":[{"href":"https:\/\/kwintesencja.art\/en\/wp-json\/wp\/v2\/types\/product"}],"wp:featuredmedia":[{"embeddable":true,"href":"https:\/\/kwintesencja.art\/en\/wp-json\/wp\/v2\/media\/8735"}],"wp:attachment":[{"href":"https:\/\/kwintesencja.art\/en\/wp-json\/wp\/v2\/media?parent=8738"}],"wp:term":[{"taxonomy":"product_cat","embeddable":true,"href":"https:\/\/kwintesencja.art\/en\/wp-json\/wp\/v2\/product_cat?post=8738"},{"taxonomy":"product_tag","embeddable":true,"href":"https:\/\/kwintesencja.art\/en\/wp-json\/wp\/v2\/product_tag?post=8738"}],"curies":[{"name":"wp","href":"https:\/\/api.w.org\/{rel}","templated":true}]}}