{"id":8665,"date":"2025-10-04T22:16:45","date_gmt":"2025-10-04T20:16:45","guid":{"rendered":"https:\/\/kwintesencja.art\/?post_type=product&#038;p=8665"},"modified":"2025-10-27T13:26:50","modified_gmt":"2025-10-27T12:26:50","slug":"la-negressa","status":"publish","type":"product","link":"https:\/\/kwintesencja.art\/en\/product\/la-negressa\/","title":{"rendered":"La negressa"},"content":{"rendered":"<p>Ossip Zadkine (1890-1967) Uznawany za jednego z najwa\u017cniejszych tw\u00f3rc\u00f3w rze\u017aby kubistycznej.\u00a0Pochodzi\u0142 z \u017cydowsko-szkockiej rodziny. Pocz\u0105tkowo studiowa\u0142 na politechnice\u00a0londy\u0144skiej, a w 1909 roku wyjecha\u0142 do Pary\u017ca\u00a0i rozpocz\u0105\u0142 nauk\u0119 w \u00c9cole Nationale Sup\u00e9rieure\u00a0de Beaux-arts. W 1911 roku po raz pierwszy\u00a0prezentowa\u0142 swoje prace na paryskich salonach.\u00a0Utrzymywa\u0142 kontakty mi\u0119dzy innymi z baronow\u0105 H\u00e9l\u00e8ne Oettingen, Amedeo Modiglianim i Pablem\u00a0Picassem. Przyja\u017ani\u0142 si\u0119 r\u00f3wnie\u017c z Szymonem\u00a0Mondzainem. W czasie I wojny \u015bwiatowej walczy\u0142\u00a0na froncie, gdzie zosta\u0142 przytruty gazem. Po wojnie\u00a0stworzy\u0142 seri\u0119 dwudziestu akwafort po\u015bwi\u0119conych\u00a0tematyce wojennej. W 1920 roku o\u017ceni\u0142 si\u0119\u00a0z malark\u0105 Valentine Prax. Rok p\u00f3\u017aniej ukaza\u0142a si\u0119\u00a0pierwsza monografia artysty. W latach\u00a0trzydziestych bra\u0142 udzia\u0142 w licznych wystawach\u00a0w Pary\u017cu, Brukseli, Chicago i Nowym Jorku.\u00a0Czas II wojny \u015bwiatowej sp\u0119dzi\u0142 w Stanach\u00a0Zjednoczonych, gdzie kontynuowa\u0142 dzia\u0142alno\u015b\u0107\u00a0artystyczn\u0105. Zadkine, podobnie jak wielu artyst\u00f3w\u00a0\u00c9cole de Paris, inspirowa\u0142 si\u0119 rze\u017ab\u0105 afryka\u0144sk\u0105\u00a0i sztuk\u0105 prymitywn\u0105. Wp\u0142yw na kszta\u0142towanie si\u0119\u00a0jego stylu mia\u0142 Auguste Rodin oraz do\u015bwiadczenia kubizmu. (\u017ar\u00f3d\u0142o \u2013 Villa La Fleur)<\/p>","protected":false},"excerpt":{"rendered":"<p data-start=\"30\" data-end=\"59\"><strong data-start=\"30\" data-end=\"45\">La n\u00e9gresse<\/strong>, lata 60. XX w.<br \/>\n<strong data-start=\"61\" data-end=\"74\">Technika:<\/strong> litografia barwna na papierze welinowym, <strong data-start=\"116\" data-end=\"158\">egzemplarz artysty (\u00e9preuve d\u2019artiste)<\/strong><br data-start=\"158\" data-end=\"161\" \/><strong data-start=\"161\" data-end=\"187\">Sygnatura i piecz\u0119cie:<\/strong> sygnowana o\u0142\u00f3wkiem p. d.; sucha piecz\u0119\u0107 pracowni p. d.; na odwrociu piecz\u0119\u0107 <em data-start=\"264\" data-end=\"281\">Vision Nouvelle<\/em> oraz piecz\u0119\u0107 celna<br data-start=\"300\" data-end=\"303\" \/><strong data-start=\"303\" data-end=\"315\">Dimensins:<\/strong> 75 \u00d7 53 cm (arkusz)<br data-start=\"335\" data-end=\"338\" \/><strong data-start=\"338\" data-end=\"358\">Stan zachowania:<\/strong> bardzo dobry<\/p>\n<p>Wyrazisty, rze\u017abiarski portret w charakterystycznym dla Zadkina \u201eciosanym\u201d j\u0119zyku form, przenosz\u0105cy plastyk\u0119 jego rze\u017ab na medium litografii.<\/p>","protected":false},"featured_media":8667,"template":"","meta":{"_monsterinsights_skip_tracking":false,"_monsterinsights_sitenote_active":false,"_monsterinsights_sitenote_note":"","_monsterinsights_sitenote_category":0,"_themeisle_gutenberg_block_has_review":false},"product_cat":[41],"product_tag":[260],"class_list":["post-8665","product","type-product","status-publish","has-post-thumbnail","hentry","product_cat-grafiki","product_tag-zadkine-ossip","product_shipping_class-rodzaj-wysylki-2"],"aioseo_notices":[],"_links":{"self":[{"href":"https:\/\/kwintesencja.art\/en\/wp-json\/wp\/v2\/product\/8665","targetHints":{"allow":["GET"]}}],"collection":[{"href":"https:\/\/kwintesencja.art\/en\/wp-json\/wp\/v2\/product"}],"about":[{"href":"https:\/\/kwintesencja.art\/en\/wp-json\/wp\/v2\/types\/product"}],"wp:featuredmedia":[{"embeddable":true,"href":"https:\/\/kwintesencja.art\/en\/wp-json\/wp\/v2\/media\/8667"}],"wp:attachment":[{"href":"https:\/\/kwintesencja.art\/en\/wp-json\/wp\/v2\/media?parent=8665"}],"wp:term":[{"taxonomy":"product_cat","embeddable":true,"href":"https:\/\/kwintesencja.art\/en\/wp-json\/wp\/v2\/product_cat?post=8665"},{"taxonomy":"product_tag","embeddable":true,"href":"https:\/\/kwintesencja.art\/en\/wp-json\/wp\/v2\/product_tag?post=8665"}],"curies":[{"name":"wp","href":"https:\/\/api.w.org\/{rel}","templated":true}]}}