{"id":8567,"date":"2025-08-30T15:45:21","date_gmt":"2025-08-30T13:45:21","guid":{"rendered":"https:\/\/kwintesencja.art\/?post_type=product&#038;p=8567"},"modified":"2026-02-08T18:55:11","modified_gmt":"2026-02-08T17:55:11","slug":"black-and-red","status":"publish","type":"product","link":"https:\/\/kwintesencja.art\/en\/product\/black-and-red\/","title":{"rendered":"Black and Red"},"content":{"rendered":"<p>Mark Rothko, urodzony jako Markus Yakovlevich Rothkowitz na \u0141otwie ameryka\u0144ski malarz abstrakcyjny. Najbardziej znany jest ze swoich kolorowych obraz\u00f3w przedstawiaj\u0105cych malarskie prostok\u0105tne obszary koloru, kt\u00f3re tworzy\u0142 w latach 1949\u20131970.<\/p>","protected":false},"excerpt":{"rendered":"<p>Grafika, edycja limitowana 200 egzemplarzy,\u00a0na papierze Fabriano Cotton Privilege.<br \/>\nKa\u017cda grafika jest indywidualnie numerowana.<br \/>\nNapis o\u0142\u00f3wkiem l.d.: 97\/200, p.d.: typograficznie: Markus Yakovlevich Rothkowitz<br \/>\nWymiary: 50 cm\u00a0x 65 cm\u00a0(arkusz)<br \/>\nNa dole sucha piecz\u0119\u0107 <span class=\"HwtZe\" lang=\"pl\">\u2013\u00a0<span class=\"jCAhz ChMk0b\"><span class=\"ryNqvb\">Certyfikowany przez\u00a0<\/span><\/span><\/span>SPADEM Paris.<br \/>\nNa odwrocie hologram<br \/>\nStan zachowania: bardzo dobry<\/p>\n<p><a href=\"http:\/\/https:\/\/kwintesencja.art\/pl_pl\/2024\/07\/12\/mark-rothko-sztuka-jako-objawienie\/\" target=\"_blank\" rel=\"nofollow noopener noreferrer\">Mark Rotho &#8211; o arty\u015bcie, czytaj<\/a><\/p>","protected":false},"featured_media":8570,"template":"","meta":{"_monsterinsights_skip_tracking":false,"_monsterinsights_sitenote_active":false,"_monsterinsights_sitenote_note":"","_monsterinsights_sitenote_category":0,"_themeisle_gutenberg_block_has_review":false},"product_cat":[41],"product_tag":[264],"class_list":["post-8567","product","type-product","status-publish","has-post-thumbnail","hentry","product_cat-grafiki","product_tag-mark-rothko","product_shipping_class-rodzaj-wysylki-2"],"aioseo_notices":[],"_links":{"self":[{"href":"https:\/\/kwintesencja.art\/en\/wp-json\/wp\/v2\/product\/8567","targetHints":{"allow":["GET"]}}],"collection":[{"href":"https:\/\/kwintesencja.art\/en\/wp-json\/wp\/v2\/product"}],"about":[{"href":"https:\/\/kwintesencja.art\/en\/wp-json\/wp\/v2\/types\/product"}],"wp:featuredmedia":[{"embeddable":true,"href":"https:\/\/kwintesencja.art\/en\/wp-json\/wp\/v2\/media\/8570"}],"wp:attachment":[{"href":"https:\/\/kwintesencja.art\/en\/wp-json\/wp\/v2\/media?parent=8567"}],"wp:term":[{"taxonomy":"product_cat","embeddable":true,"href":"https:\/\/kwintesencja.art\/en\/wp-json\/wp\/v2\/product_cat?post=8567"},{"taxonomy":"product_tag","embeddable":true,"href":"https:\/\/kwintesencja.art\/en\/wp-json\/wp\/v2\/product_tag?post=8567"}],"curies":[{"name":"wp","href":"https:\/\/api.w.org\/{rel}","templated":true}]}}