{"id":8518,"date":"2025-08-30T15:06:43","date_gmt":"2025-08-30T13:06:43","guid":{"rendered":"https:\/\/kwintesencja.art\/?post_type=product&#038;p=8518"},"modified":"2026-03-05T21:00:40","modified_gmt":"2026-03-05T20:00:40","slug":"drzewa-warszawa-bielany-przed-kosciolem-1971","status":"publish","type":"product","link":"https:\/\/kwintesencja.art\/en\/product\/drzewa-warszawa-bielany-przed-kosciolem-1971\/","title":{"rendered":"Drzewa (Warszawa &#8211; Bielany, przed ko\u015bcio\u0142em), 1971"},"content":{"rendered":"<p>W\u0142odzimierz Zakrzewski (Petersburg 1916 &#8211; Warszawa 1992) nauk\u0119 rysunku i malarstwa rozpocz\u0105\u0142 ju\u017c w latach gimnazjalnych. Nast\u0119pnie kszta\u0142ci\u0142 si\u0119 w warszawskiej Szkole Sztuk Zdobniczych i Malarstwa pod kierunkiem E. Butrymowicza. W czasie II wojny \u015bwiatowej przebywa\u0142 w Zwi\u0105zku Radzieckim &#8211; w latach 1941-1942 uczy\u0142 si\u0119 w Moskwie, projektowa\u0142 plakaty i malowa\u0142 obrazy o tematyce wojennej. W roku 1943 wyje\u017cd\u017ca\u0142 na A\u0142taj. Po wojnie wr\u00f3ci\u0142 do kraju; w latach 1950-1952 by\u0142 profesorem warszawskiej Akademii Sztuk Pi\u0119knych. W latach nast\u0119pnych ca\u0142kowicie po\u015bwi\u0119ci\u0142 si\u0119 malarstwu. Podczas cz\u0119stych podr\u00f3\u017cy &#8211; m.in. do W\u0142och, Francji, Stan\u00f3w Zjednoczonych &#8211; malowa\u0142 pejza\u017ce i weduty z wielu odwiedzanych miast. Wystawia\u0142 du\u017co, tak w kraju jak i za granic\u0105 &#8211; w Sofii, Budapeszcie, Dre\u017anie, Pary\u017cu, Rzymie, Mediolanie &#8211; zbieraj\u0105c pochlebne recenzje krytyk\u00f3w. Po wystawie w Pary\u017cu pisano o nim, m.in.: \u201emalarz czu\u0142y na materi\u0119 i barw\u0119 wystawia bezpretensjonalne p\u0142\u00f3tna, zadumane, pe\u0142ne wigoru w fakturze, \u015bwiadcz\u0105ce o \u017cywej reakcji na \u015bwiat\u0142o&#8230;\u201c (cyt. za katalogiem wystawy w warszawskiej Galerii ZPAP w roku 1963). (\u017ar\u00f3d\u0142o: Agra-Art)<\/p>","protected":false},"excerpt":{"rendered":"<p><strong>W\u0142odzimierz Zakrzewski<\/strong> (1916\u20131992)<br \/>\n<strong>Tytu\u0142:<\/strong> \u201eDrzewa (Warszawa &#8211; Bielany, przed ko\u015bcio\u0142em)\u201d<br \/>\n<strong>Rok:<\/strong> 1971<br \/>\n<strong>Technika:<\/strong> Olej na p\u0142\u00f3tnie, \u00abimpasto\u00bb \u2013 gruba, ekspresyjna faktura, intensywne narzucenie farby, bogata warstwowo\u015b\u0107 i gest malarski.<br \/>\n<strong>Sygnatura:<\/strong> \u201eW. Zakrzewski\u201d i data umieszczone w prawym dolnym rogu; odr\u0119czna inskrypcja na odwrocie.<br \/>\n<strong>Dimensins:<\/strong>\u00a0116 x 81 cm<br \/>\n<strong>Stan zachowania:<\/strong> Dobry; brak istotnych uszkodze\u0144, dobrze zachowana struktura farby, czysta rama.<\/p>\n<p><span class=\"relative -mx-px my-[-0.2rem] rounded px-px py-[0.2rem] transition-colors duration-100 ease-in-out\">Wyrazisty pejza\u017c o intensywnie fakturalnej strukturze \u2013 malowana impastem scena z drzewami, przed architektur\u0105. Gestura farby tworzy dramatyczn\u0105 ekspresj\u0119, \u0142\u0105cz\u0105c elementy abstrakcji z impresjonistycznym pejza\u017cem. To typowe dla zakrzewskiego podej\u015bcie \u2013 zmys\u0142owy zapis natury w formie niemal rze\u017abiarskiej warstwy olejnej.<\/span><\/p>","protected":false},"featured_media":8519,"template":"","meta":{"_monsterinsights_skip_tracking":false,"_monsterinsights_sitenote_active":false,"_monsterinsights_sitenote_note":"","_monsterinsights_sitenote_category":0,"_themeisle_gutenberg_block_has_review":false},"product_cat":[39],"product_tag":[295,350,318],"class_list":["post-8518","product","type-product","status-publish","has-post-thumbnail","hentry","product_cat-obrazy","product_tag-artysta-mniej-znany","product_tag-wyprzedaz","product_tag-zakrzewski-wlodzimierz","product_shipping_class-rodzaj-wysylki-3"],"aioseo_notices":[],"_links":{"self":[{"href":"https:\/\/kwintesencja.art\/en\/wp-json\/wp\/v2\/product\/8518","targetHints":{"allow":["GET"]}}],"collection":[{"href":"https:\/\/kwintesencja.art\/en\/wp-json\/wp\/v2\/product"}],"about":[{"href":"https:\/\/kwintesencja.art\/en\/wp-json\/wp\/v2\/types\/product"}],"wp:featuredmedia":[{"embeddable":true,"href":"https:\/\/kwintesencja.art\/en\/wp-json\/wp\/v2\/media\/8519"}],"wp:attachment":[{"href":"https:\/\/kwintesencja.art\/en\/wp-json\/wp\/v2\/media?parent=8518"}],"wp:term":[{"taxonomy":"product_cat","embeddable":true,"href":"https:\/\/kwintesencja.art\/en\/wp-json\/wp\/v2\/product_cat?post=8518"},{"taxonomy":"product_tag","embeddable":true,"href":"https:\/\/kwintesencja.art\/en\/wp-json\/wp\/v2\/product_tag?post=8518"}],"curies":[{"name":"wp","href":"https:\/\/api.w.org\/{rel}","templated":true}]}}