{"id":8445,"date":"2025-08-20T12:05:41","date_gmt":"2025-08-20T10:05:41","guid":{"rendered":"https:\/\/kwintesencja.art\/?post_type=product&#038;p=8445"},"modified":"2025-12-01T10:21:39","modified_gmt":"2025-12-01T09:21:39","slug":"dwie-nagie-kobiety","status":"publish","type":"product","link":"https:\/\/kwintesencja.art\/en\/product\/dwie-nagie-kobiety\/","title":{"rendered":"Pokaz specjalny"},"content":{"rendered":"<div id=\"lottext\">\n<div class=\"text\">\n<p>S\u0142awomir Christow (ur. 1976) &#8211; rysownik, malarz i grafik urodzony w Warnie. W latach 1992-1995 ucze\u0144 Yavor Tsanev, bu\u0142garskiego malarza i grafika. Od 1996 do 2001 roku studiowa\u0142 na Wydziale Grafiki krakowskiej Akademii Sztuk Pi\u0119knych. Dyplom uzyska\u0142 w pracowni drzeworytu u prof. Zbigniewa Lutomskiego. Bra\u0142 udzia\u0142 w wielu wystawach zbiorowych, zar\u00f3wno w Polsce jak i za granic\u0105.<br \/>\nAn artist open to the world of symbols and myths, in addition to his graphic work, he also paints, most often using the traditional techniques of egg tempera, watercolor, and gouache. In his work, he draws on archetypes and symbols deeply rooted in our imagination, simultaneously connecting many eras and cultures. Fascinated by, among others, the Italian Quattrocento and the paintings of Mughal India, he creates his own unique world, drawing on the painting traditions of both East and West. A two-time winner of the NGM Grand Prix in Krakow and the Krakow City Art Scholarship, Chrystow's works have been exhibited in Rome, at the Royal Castle in Warsaw, and at the \u0141a\u0144cut Palace.<\/p>\n<\/div>\n<\/div>","protected":false},"excerpt":{"rendered":"<p><span class=\"HwtZe\" lang=\"pl\"><span class=\"jCAhz ChMk0b\"><span class=\"ryNqvb\">S\u0142awomir Chrystow &#8211; Pokaz specjalny<\/span><\/span><\/span><br \/>\nWymiary: w \u015bw p-p: 39 x 26 cm, 63<span class=\"HwtZe\" lang=\"pl\"><span class=\"jCAhz ChMk0b\"><span class=\"ryNqvb\"> x 51 cm (z opraw\u0105)<br \/>\nDruk artystyczny, Sygnowany na odwrocie<\/span><\/span><\/span><br \/>\nE\/A &#8211; Edycja Autorska<br \/>\nCertificate of Authenticity<\/p>","protected":false},"featured_media":8931,"template":"","meta":{"_monsterinsights_skip_tracking":false,"_monsterinsights_sitenote_active":false,"_monsterinsights_sitenote_note":"","_monsterinsights_sitenote_category":0,"_themeisle_gutenberg_block_has_review":false},"product_cat":[41],"product_tag":[334,350],"class_list":["post-8445","product","type-product","status-publish","has-post-thumbnail","hentry","product_cat-grafiki","product_tag-chrystow-slawomir","product_tag-wyprzedaz","product_shipping_class-rodzaj-wysylki-3"],"aioseo_notices":[],"_links":{"self":[{"href":"https:\/\/kwintesencja.art\/en\/wp-json\/wp\/v2\/product\/8445","targetHints":{"allow":["GET"]}}],"collection":[{"href":"https:\/\/kwintesencja.art\/en\/wp-json\/wp\/v2\/product"}],"about":[{"href":"https:\/\/kwintesencja.art\/en\/wp-json\/wp\/v2\/types\/product"}],"wp:featuredmedia":[{"embeddable":true,"href":"https:\/\/kwintesencja.art\/en\/wp-json\/wp\/v2\/media\/8931"}],"wp:attachment":[{"href":"https:\/\/kwintesencja.art\/en\/wp-json\/wp\/v2\/media?parent=8445"}],"wp:term":[{"taxonomy":"product_cat","embeddable":true,"href":"https:\/\/kwintesencja.art\/en\/wp-json\/wp\/v2\/product_cat?post=8445"},{"taxonomy":"product_tag","embeddable":true,"href":"https:\/\/kwintesencja.art\/en\/wp-json\/wp\/v2\/product_tag?post=8445"}],"curies":[{"name":"wp","href":"https:\/\/api.w.org\/{rel}","templated":true}]}}