{"id":839,"date":"2022-03-04T10:07:55","date_gmt":"2022-03-04T09:07:55","guid":{"rendered":"https:\/\/kwintesencja.dkonto.pl\/?post_type=product&#038;p=839"},"modified":"2025-12-01T09:48:30","modified_gmt":"2025-12-01T08:48:30","slug":"gdansk","status":"publish","type":"product","link":"https:\/\/kwintesencja.art\/en\/product\/gdansk\/","title":{"rendered":"Gda\u0144sk"},"content":{"rendered":"<p>Urodzi\u0142 si\u0119 w Radzyminie, studiowa\u0142 w warszawskiej ASP w latach 1963-70. W czasie studi\u00f3w, pocz\u0105wszy od 1965 roku rozpocz\u0105\u0142 cykl Podr\u00f3\u017ce autostopem (kontynuowany do dzi\u015b), w kt\u00f3rym portretowa\u0142 miasta i miasteczka z perspektywy &#8220;ptasiego lotu&#8221;,<br \/>\nw polu zainteresowania artysty, poza architektur\u0105, znalaz\u0142o si\u0119 \u017cycie i obyczaje mieszka\u0144c\u00f3w. W latach 1972 &#8211; 78 powstaje cykl Sportowcy, w kt\u00f3rym przedstawia ludzi marginesu, cwaniak\u00f3w, palaczy najta\u0144szych w\u00f3wczas papieros\u00f3w marki &#8220;Sport&#8221;. Oko\u0142o roku 1980 nast\u0105pi\u0142o po\u0142\u0105czenie cykl\u00f3w Sportowcy i Robotnicy \/realizowanego od ok. 1975 r\/. Szyderstwo i krytyka z prowadz\u0105cych &#8220;sportowe&#8221; \u017cycie wsp\u00f3\u0142ziomk\u00f3w \/ by\u0142a to te\u017c reakcja na nachalne, instrumentalne gloryfikowanie hegemona &#8211; tj klasy robotniczej, przez \u00f3wczesn\u0105 propagand\u0119\/ zosta\u0142o zarzucone na rzecz poczucia solidarno\u015bci z portretowanymi lud\u017ami. Ostanie cykle artysty to: Wyliczanka, Diagonale, Kwiaty, powr\u00f3t do Podr\u00f3\u017cy autostopem i cyklu B\u0142\u0119kitne.<br \/>\nAutor ponad 3 tysi\u0119cy obraz\u00f3w towarzysz\u0105cych naszemu \u017cyciu , materialnego<br \/>\ni duchowego zapisu naszej kultury. Zmar\u0142 28 pa\u017adziernika 2018 roku w Warszawie.<\/p>","protected":false},"excerpt":{"rendered":"<p><strong>PRODUKT NIEDOST\u0118PNY<\/strong><br \/>\nTytu\u0142: Gda\u0144sk<br \/>\nAutor: Edward Dwurnik (1943-2018)<br \/>\nRok: 2008\/2016<br \/>\nTechnika: Inkografia<br \/>\nBinding: yes<br \/>\nPodpis: odr\u0119czny oraz numeracja 57\/100<br \/>\nWymiary: 25x30cm bez ramy, 51x58cm z ram\u0105<br \/>\nStan zachowania: bardzo dobry<br \/>\nCertificate of Authenticity<\/p>","protected":false},"featured_media":840,"template":"","meta":{"_monsterinsights_skip_tracking":false,"_monsterinsights_sitenote_active":false,"_monsterinsights_sitenote_note":"","_monsterinsights_sitenote_category":0,"_themeisle_gutenberg_block_has_review":false},"product_cat":[41],"product_tag":[36],"class_list":["post-839","product","type-product","status-publish","has-post-thumbnail","hentry","product_cat-grafiki","product_tag-dwurnik-edward","product_shipping_class-rodzaj-wysylki-3"],"aioseo_notices":[],"_links":{"self":[{"href":"https:\/\/kwintesencja.art\/en\/wp-json\/wp\/v2\/product\/839","targetHints":{"allow":["GET"]}}],"collection":[{"href":"https:\/\/kwintesencja.art\/en\/wp-json\/wp\/v2\/product"}],"about":[{"href":"https:\/\/kwintesencja.art\/en\/wp-json\/wp\/v2\/types\/product"}],"wp:featuredmedia":[{"embeddable":true,"href":"https:\/\/kwintesencja.art\/en\/wp-json\/wp\/v2\/media\/840"}],"wp:attachment":[{"href":"https:\/\/kwintesencja.art\/en\/wp-json\/wp\/v2\/media?parent=839"}],"wp:term":[{"taxonomy":"product_cat","embeddable":true,"href":"https:\/\/kwintesencja.art\/en\/wp-json\/wp\/v2\/product_cat?post=839"},{"taxonomy":"product_tag","embeddable":true,"href":"https:\/\/kwintesencja.art\/en\/wp-json\/wp\/v2\/product_tag?post=839"}],"curies":[{"name":"wp","href":"https:\/\/api.w.org\/{rel}","templated":true}]}}