{"id":832,"date":"2022-03-03T22:47:18","date_gmt":"2022-03-03T21:47:18","guid":{"rendered":"https:\/\/kwintesencja.dkonto.pl\/?post_type=product&#038;p=832"},"modified":"2022-04-07T09:13:47","modified_gmt":"2022-04-07T07:13:47","slug":"przez-pola","status":"publish","type":"product","link":"https:\/\/kwintesencja.art\/en\/product\/przez-pola\/","title":{"rendered":"Przez pola"},"content":{"rendered":"<p>Jerzy Duda Gracz (Cz\u0119stochowa 1941 &#8211; \u0141ag\u00f3w 2004)- malarz, rysownik, scenograf, pedagog. Dyplom w Akademii Sztuk Pi\u0119knych w Krakowie na Wydziale Grafiki w Katowicach otrzyma\u0142 w 1968. W latach 1976-82 by\u0142 wyk\u0142adowc\u0105 tej uczelni, nast\u0119pnie profesorem Uniwersytetu \u015al\u0105skiego w Katowicach. Wyk\u0142ada\u0142 r\u00f3wnie\u017c w Europejskiej Akademii Sztuk w Warszawie (1992-2001).<\/p>\n<p>Jego malarstwo charakteryzuje si\u0119 wirtuozeri\u0105 warsztatow\u0105 i dba\u0142o\u015bci\u0105 o szczeg\u00f3\u0142y. Uprawia\u0142 sztuk\u0119 w szeroko poj\u0119tej konwencji realistycznej z dominuj\u0105c\u0105 deformacj\u0105 postaci i grotesk\u0105. Tworzy\u0142 \u015bwiat o demaskatorskim charakterze, pos\u0142uguj\u0105c si\u0119 j\u0119zykiem publicystyki i alegorii. Jest autorem kilku wi\u0119kszych realizacji m.in. plafonu \u201ePrzemienienia\u201d w ko\u015bciele w Toporowie (1995) oraz cykli \u201eGolgota Jasnog\u00f3rska\u201c w klasztorze OO Paulin\u00f3w w Cz\u0119stochowie (2000\/2001).<br \/>\nArtysta ma w swoim dorobku ponad 180 wystaw indywidualnych w kraju oraz za granic\u0105 (m.in. w Berlinie, Londynie, Pary\u017cu, Moskwie, Rzymie, Wiedniu, Florencji, D\u00fcsseldorfie, Chicago, New Delhi, Monachium, Nowym Jorku i in.). Uczestniczy\u0142 w oko\u0142o 300 wystawach og\u00f3lnopolskich i mi\u0119dzynarodowych prezentacjach sztuki polskiej. Reprezentowa\u0142 Polsk\u0119 m.in. na XLI Biennale Sztuki w Wenecji w 1984, na XX i XXI \u015awiatowych Targach Sztuki w Kolonii w 1986 i 1987 oraz na EXPO \u201992 w Sewilli. Obrazy Jerzego Dudy Gracza znajduj\u0105 si\u0119 w kolekcjach Muzeum Narodowego w Warszawie, Krakowie, Poznaniu, Wroc\u0142awiu i Gda\u0144sku, w Muzeum Uniwersytetu Jagiello\u0144skiego w Collegium Maius w Krakowie, Muzeum Ziemi PAN w Warszawie, w zbiorach sztuki na Jasnej G\u00f3rze w Cz\u0119stochowie i w innych muzeach okr\u0119gowych i miejskich oraz w kolekcjach prywatnych, m.in. W. Ochmana i W. Fibaka; za granic\u0105 &#8211; w zbiorach Uffizi we Florencji, w Muzeum im. Puszkina w Moskwie, Muzeum Miejskim w Gandawie, w Fundacji \u201eBAWAG\u201c w Wiedniu i Kolekcji Watyka\u0144skiej oraz w galeriach i kolekcjach Austrii, Belgii, Czech, Danii, Francji, Holandii, Izraela, Japonii, Kanady, Meksyku, Norwegii, Rosji, Szwecji, Szwajcarii, USA, Wenezueli, Wielkiej Brytanii, we W\u0142oszech i na W\u0119grzech.<\/p>","protected":false},"excerpt":{"rendered":"<p><strong>PRODUKT NIEDOST\u0118PNY<\/strong><br \/>\nTytu\u0142: Przez pola lub Beniamin III,\u00a0 z cyklu Judaica<br \/>\nAutor: <span style=\"font-size: large;\">Jerzy DUDA-GRACZ (1941 &#8211; 2004)<br \/>\n<\/span>Rok: 1964<br \/>\nTechnika: Linoryt \/ papier,<br \/>\nBinding: yes<br \/>\nPodpis: odr\u0119czny<br \/>\nSygnowany, datowany i opisany u do\u0142u kompozycji: 2\/20 Duda G 1964<br \/>\nWymiary: 11x13cm; 30&#215;34 cm (z opraw\u0105)<br \/>\nStan zachowania: bardzo dobry<br \/>\nCertificate of Authenticity<\/p>","protected":false},"featured_media":836,"template":"","meta":{"_monsterinsights_skip_tracking":false,"_monsterinsights_sitenote_active":false,"_monsterinsights_sitenote_note":"","_monsterinsights_sitenote_category":0,"_themeisle_gutenberg_block_has_review":false},"product_cat":[41],"product_tag":[35],"class_list":["post-832","product","type-product","status-publish","has-post-thumbnail","hentry","product_cat-grafiki","product_tag-duda-gracz-jerzy","product_shipping_class-rodzaj-wysylki-2"],"aioseo_notices":[],"_links":{"self":[{"href":"https:\/\/kwintesencja.art\/en\/wp-json\/wp\/v2\/product\/832","targetHints":{"allow":["GET"]}}],"collection":[{"href":"https:\/\/kwintesencja.art\/en\/wp-json\/wp\/v2\/product"}],"about":[{"href":"https:\/\/kwintesencja.art\/en\/wp-json\/wp\/v2\/types\/product"}],"wp:featuredmedia":[{"embeddable":true,"href":"https:\/\/kwintesencja.art\/en\/wp-json\/wp\/v2\/media\/836"}],"wp:attachment":[{"href":"https:\/\/kwintesencja.art\/en\/wp-json\/wp\/v2\/media?parent=832"}],"wp:term":[{"taxonomy":"product_cat","embeddable":true,"href":"https:\/\/kwintesencja.art\/en\/wp-json\/wp\/v2\/product_cat?post=832"},{"taxonomy":"product_tag","embeddable":true,"href":"https:\/\/kwintesencja.art\/en\/wp-json\/wp\/v2\/product_tag?post=832"}],"curies":[{"name":"wp","href":"https:\/\/api.w.org\/{rel}","templated":true}]}}