{"id":8316,"date":"2025-07-28T13:00:46","date_gmt":"2025-07-28T11:00:46","guid":{"rendered":"https:\/\/kwintesencja.art\/?post_type=product&#038;p=8316"},"modified":"2025-12-01T09:06:37","modified_gmt":"2025-12-01T08:06:37","slug":"powrot-do-domu-1920","status":"publish","type":"product","link":"https:\/\/kwintesencja.art\/en\/product\/powrot-do-domu-1920\/","title":{"rendered":"Powr\u00f3t do domu, 1920"},"content":{"rendered":"<p><strong>Adam Setkowicz (1875\u20131945)<\/strong> \u2013 polski malarz, grafik i ilustrator zwi\u0105zany z Krakowem. Uko\u0144czy\u0142 Akademi\u0119 Sztuk Pi\u0119knych, kszta\u0142c\u0105c si\u0119 m.in. pod kierunkiem Jana Matejki. Tworzy\u0142 g\u0142\u00f3wnie sceny rodzajowe, pejza\u017ce oraz przedstawienia z \u017cycia wsi i tradycji galicyjskiej. Znany z licznych poczt\u00f3wek i ilustracji o tematyce patriotycznej i ludowej. Jego prace cechuje dekoracyjno\u015b\u0107, dba\u0142o\u015b\u0107 o detal i sentymentalny ton. Malowa\u0142 tak\u017ce motywy tatrza\u0144skie oraz sceny religijne.<\/p>","protected":false},"excerpt":{"rendered":"<p>Akwarela, papier<br \/>\nWymiary: 34 x 50 cm + oprawa<br \/>\nSygn. i dat. l. d.: A. Setkowicz -920-<\/p>","protected":false},"featured_media":8309,"template":"","meta":{"_monsterinsights_skip_tracking":false,"_monsterinsights_sitenote_active":false,"_monsterinsights_sitenote_note":"","_monsterinsights_sitenote_category":0,"_themeisle_gutenberg_block_has_review":false},"product_cat":[39],"product_tag":[341],"class_list":["post-8316","product","type-product","status-publish","has-post-thumbnail","hentry","product_cat-obrazy","product_tag-setkowicz-adam","product_shipping_class-rodzaj-wysylki-3"],"aioseo_notices":[],"_links":{"self":[{"href":"https:\/\/kwintesencja.art\/en\/wp-json\/wp\/v2\/product\/8316","targetHints":{"allow":["GET"]}}],"collection":[{"href":"https:\/\/kwintesencja.art\/en\/wp-json\/wp\/v2\/product"}],"about":[{"href":"https:\/\/kwintesencja.art\/en\/wp-json\/wp\/v2\/types\/product"}],"wp:featuredmedia":[{"embeddable":true,"href":"https:\/\/kwintesencja.art\/en\/wp-json\/wp\/v2\/media\/8309"}],"wp:attachment":[{"href":"https:\/\/kwintesencja.art\/en\/wp-json\/wp\/v2\/media?parent=8316"}],"wp:term":[{"taxonomy":"product_cat","embeddable":true,"href":"https:\/\/kwintesencja.art\/en\/wp-json\/wp\/v2\/product_cat?post=8316"},{"taxonomy":"product_tag","embeddable":true,"href":"https:\/\/kwintesencja.art\/en\/wp-json\/wp\/v2\/product_tag?post=8316"}],"curies":[{"name":"wp","href":"https:\/\/api.w.org\/{rel}","templated":true}]}}