{"id":823,"date":"2022-03-03T22:22:07","date_gmt":"2022-03-03T21:22:07","guid":{"rendered":"https:\/\/kwintesencja.dkonto.pl\/?post_type=product&#038;p=823"},"modified":"2024-03-18T12:57:14","modified_gmt":"2024-03-18T11:57:14","slug":"widok-z-marsylii","status":"publish","type":"product","link":"https:\/\/kwintesencja.art\/en\/product\/widok-z-marsylii\/","title":{"rendered":"Widok z Marsylii"},"content":{"rendered":"<p>J\u00f3zef Czapski (Praga 1896 &#8211; Pary\u017c 1993) &#8211; malarz, rysownik, pisarz i publicysta; pocz\u0105tkowo studiowa\u0142 prawo, p\u00f3\u017aniej w 1918 kszta\u0142ci\u0142 si\u0119 w warszawskiej Szkole Sztuk Pi\u0119knych. Przerwa\u0142 studia, by na polecenie polskich w\u0142adz wojskowych uda\u0107 si\u0119 do Rosji w poszukiwaniu zaginionych oficer\u00f3w polskich.<\/p>\n<p>W 1920 uczestniczy\u0142 w wojnie polsko-bolszewickiej. W latach 1923-1924 studiowa\u0142 w Akademii Sztuk Pi\u0119knych w Krakowie. W 1924 wraz z grup\u0105 uczni\u00f3w J\u00f3zefa Pankiewicza, tworz\u0105cych tzw. Komitet Paryski, wyjecha\u0142 na dalsze studia do Pary\u017ca, gdzie przebywa\u0142 do roku 1931. Po powrocie do kraju uczestniczy\u0142 w wystawach kapist\u00f3w, m.in. w warszawskim Instytucie Propagandy Sztuki. Uczestnik kampanii wrze\u015bniowej, wi\u0119zie\u0144 m.in. obozu w Starobielsku; uwolniony z niewoli wst\u0105pi\u0142 do armii Andersa i w latach 1941-1942 prowadzi\u0142 poszukiwania oficer\u00f3w i \u017co\u0142nierzy uwi\u0119zionych i zaginionych w ZSRR.<\/p>\n<p>Po 1944 stale mieszka\u0142 w Maisons-Laffitte pod Pary\u017cem. By\u0142 jednym z za\u0142o\u017cycieli miesi\u0119cznika \u201eKultura\u201d. Jako pisarz opublikowa\u0142, m.in. Wspomnienia starobielskie, Na nieludzkiej ziemi oraz liczne eseje o sztuce. Malowa\u0142 pejza\u017ce, martwe natury, wn\u0119trza, rzadziej tak\u017ce portrety. W latach osiemdziesi\u0105tych i dziewi\u0119\u0107dziesi\u0105tych obrazy i rysunki artysty by\u0142y kilkakrotnie prezentowane na wystawach w Krakowie, Warszawie, Poznaniu.<\/p>\n<p>Jego malarstwo &#8211; pocz\u0105tkowo bliskie szkole Pankiewicza, p\u00f3\u017aniej bardzo indywidualne i ekspresyjne &#8211; szerzej przedstawia album autorstwa przez Joanny Pollak\u00f3wny (Czapski, Warszawa 1993).<\/p>","protected":false},"excerpt":{"rendered":"<p>Tytu\u0142: Widok z Marsylii<br \/>\nAutor: J\u00f3zef Czapski<br \/>\nRok: Lata 70. XXw<br \/>\nTechnika: Akwarela, o\u0142\u00f3wek, papier kremowy<br \/>\nBinding: yes<br \/>\nPodpis: odr\u0119czny p.d<br \/>\nWymiary: 13,5 x 19,5cm,\u00a0 z ram\u0105: 42&#215;34,5<br \/>\nStan zachowania: bardzo dobry<br \/>\nCertificate of Authenticity<\/p>","protected":false},"featured_media":6008,"template":"","meta":{"_monsterinsights_skip_tracking":false,"_monsterinsights_sitenote_active":false,"_monsterinsights_sitenote_note":"","_monsterinsights_sitenote_category":0,"_themeisle_gutenberg_block_has_review":false},"product_cat":[39],"product_tag":[34],"class_list":["post-823","product","type-product","status-publish","has-post-thumbnail","hentry","product_cat-obrazy","product_tag-czapski-jozef","product_shipping_class-rodzaj-wysylki-2"],"aioseo_notices":[],"_links":{"self":[{"href":"https:\/\/kwintesencja.art\/en\/wp-json\/wp\/v2\/product\/823","targetHints":{"allow":["GET"]}}],"collection":[{"href":"https:\/\/kwintesencja.art\/en\/wp-json\/wp\/v2\/product"}],"about":[{"href":"https:\/\/kwintesencja.art\/en\/wp-json\/wp\/v2\/types\/product"}],"wp:featuredmedia":[{"embeddable":true,"href":"https:\/\/kwintesencja.art\/en\/wp-json\/wp\/v2\/media\/6008"}],"wp:attachment":[{"href":"https:\/\/kwintesencja.art\/en\/wp-json\/wp\/v2\/media?parent=823"}],"wp:term":[{"taxonomy":"product_cat","embeddable":true,"href":"https:\/\/kwintesencja.art\/en\/wp-json\/wp\/v2\/product_cat?post=823"},{"taxonomy":"product_tag","embeddable":true,"href":"https:\/\/kwintesencja.art\/en\/wp-json\/wp\/v2\/product_tag?post=823"}],"curies":[{"name":"wp","href":"https:\/\/api.w.org\/{rel}","templated":true}]}}