{"id":8217,"date":"2025-07-16T21:52:01","date_gmt":"2025-07-16T19:52:01","guid":{"rendered":"https:\/\/kwintesencja.art\/?post_type=product&#038;p=8217"},"modified":"2025-07-16T21:58:41","modified_gmt":"2025-07-16T19:58:41","slug":"portret-mlodej-kobiety","status":"publish","type":"product","link":"https:\/\/kwintesencja.art\/en\/product\/portret-mlodej-kobiety\/","title":{"rendered":"Portret m\u0142odej kobiety"},"content":{"rendered":"<p>Wlastimil Hofman (1881, Praga \u2013 1970, Szklarska Por\u0119ba) by\u0142 polskim malarzem czeskiego pochodzenia, reprezentuj\u0105cym nurt symbolizmu. Studiowa\u0142 w krakowskiej Szkole Sztuk Pi\u0119knych pod kierunkiem m.in. Jacka Malczewskiego, kt\u00f3rego tw\u00f3rczo\u015b\u0107 wywar\u0142a na niego du\u017cy wp\u0142yw. Kontynuowa\u0142 edukacj\u0119 w Pary\u017cu u Jean-L\u00e9ona G\u00e9r\u00f4me\u2019a, co wzbogaci\u0142o jego styl o elementy klasycyzmu i malarstwa akademickiego.<\/p>\n<p>Hofman by\u0142 jednym z najbardziej cenionych artyst\u00f3w M\u0142odej Polski. Jego malarstwo, inspirowane zar\u00f3wno tematyk\u0105 religijn\u0105, jak i folklorem, charakteryzowa\u0142o si\u0119 alegorycznym podej\u015bciem i delikatnym romantyzmem. Szczeg\u00f3lnie znane s\u0105 jego prace przedstawiaj\u0105ce Madonny oraz sceny rodzajowe, cz\u0119sto inspirowane \u017cyciem ch\u0142op\u00f3w i g\u00f3rali.<\/p>\n<p>Podczas II wojny \u015bwiatowej przebywa\u0142 na emigracji, a po powrocie do Polski w 1946 roku zamieszka\u0142 w Szklarskiej Por\u0119bie. Tam, w \u201eWlastimil\u00f3wce\u201d, tworzy\u0142 do ko\u0144ca \u017cycia, maluj\u0105c g\u0142\u00f3wnie portrety i obrazy religijne. Jego tw\u00f3rczo\u015b\u0107 by\u0142a prezentowana na licznych wystawach w Polsce i za granic\u0105, a po wojnie sta\u0142 si\u0119 kontynuatorem tradycji artystycznych tego regionu.<\/p>","protected":false},"excerpt":{"rendered":"<p>Olej na desce, 1950<br \/>\nSygnowany i datowany, l.d.: Wlastimil Hofmann, 1950<br \/>\nWymiary: 46,5 x 32,5 cm, 61,5 x 47 cm (z opraw\u0105)<\/p>\n<p>Pochodzenie: Kolekcja prywatna, Holon.<br \/>\nDo obrazu do\u0142\u0105czony certyfikat autentyczno\u015bci z Domu Aukcyjnego Libra, Polska, 1980.<\/p>","protected":false},"featured_media":8218,"template":"","meta":{"_monsterinsights_skip_tracking":false,"_monsterinsights_sitenote_active":false,"_monsterinsights_sitenote_note":"","_monsterinsights_sitenote_category":0,"_themeisle_gutenberg_block_has_review":false},"product_cat":[39,15],"product_tag":[317],"class_list":["post-8217","product","type-product","status-publish","has-post-thumbnail","hentry","product_cat-obrazy","product_cat-pozostale","product_tag-hofman-wlastimil","product_shipping_class-rodzaj-wysylki-2"],"aioseo_notices":[],"_links":{"self":[{"href":"https:\/\/kwintesencja.art\/en\/wp-json\/wp\/v2\/product\/8217","targetHints":{"allow":["GET"]}}],"collection":[{"href":"https:\/\/kwintesencja.art\/en\/wp-json\/wp\/v2\/product"}],"about":[{"href":"https:\/\/kwintesencja.art\/en\/wp-json\/wp\/v2\/types\/product"}],"wp:featuredmedia":[{"embeddable":true,"href":"https:\/\/kwintesencja.art\/en\/wp-json\/wp\/v2\/media\/8218"}],"wp:attachment":[{"href":"https:\/\/kwintesencja.art\/en\/wp-json\/wp\/v2\/media?parent=8217"}],"wp:term":[{"taxonomy":"product_cat","embeddable":true,"href":"https:\/\/kwintesencja.art\/en\/wp-json\/wp\/v2\/product_cat?post=8217"},{"taxonomy":"product_tag","embeddable":true,"href":"https:\/\/kwintesencja.art\/en\/wp-json\/wp\/v2\/product_tag?post=8217"}],"curies":[{"name":"wp","href":"https:\/\/api.w.org\/{rel}","templated":true}]}}