{"id":8202,"date":"2025-07-05T19:38:57","date_gmt":"2025-07-05T17:38:57","guid":{"rendered":"https:\/\/kwintesencja.art\/?post_type=product&#038;p=8202"},"modified":"2025-08-30T14:52:09","modified_gmt":"2025-08-30T12:52:09","slug":"zolnierz-i-dziewczyna-1930","status":"publish","type":"product","link":"https:\/\/kwintesencja.art\/en\/product\/zolnierz-i-dziewczyna-1930\/","title":{"rendered":"Soldier and Girl, 1930"},"content":{"rendered":"<p><strong data-start=\"1069\" data-end=\"1085\">Jerzy Kossak<\/strong> (1886\u20131955) \u2013 polski malarz batalista i przedstawiciel s\u0142ynnego rodu malarzy Kossak\u00f3w. Syn Wojciecha Kossaka i wnuk Juliusza Kossaka. Specjalizowa\u0142 si\u0119 w scenach historyczno-batalistycznych oraz rodzajowych, cz\u0119sto osadzonych w romantycznej wizji dawnej Polski, zw\u0142aszcza z udzia\u0142em u\u0142an\u00f3w, koni i scen z epoki napoleo\u0144skiej. Malowa\u0142 g\u0142\u00f3wnie technik\u0105 olejn\u0105 na p\u0142\u00f3tnie lub tekturze, jego prace ciesz\u0105 si\u0119 do dzi\u015b ogromnym zainteresowaniem zar\u00f3wno w\u015br\u00f3d kolekcjoner\u00f3w prywatnych, jak i instytucji muzealnych.<\/p>","protected":false},"excerpt":{"rendered":"<p data-start=\"0\" data-end=\"236\">Jerzy Kossak (1886\u20131955)<br data-start=\"28\" data-end=\"31\" \/>Soldier and Girl, 1930<br data-start=\"62\" data-end=\"65\" \/>olej na tekturze, oprawiony<br data-start=\"92\" data-end=\"95\" \/>wymiary w \u015bwietle ramy: 47 x 32,5 cm, 56 x 42 (z ram\u0105)<br data-start=\"131\" data-end=\"134\" \/>sygnowany i datowany w lewym dolnym rogu: <em data-start=\"176\" data-end=\"195\">Jerzy Kossak 1930<\/em><br data-start=\"195\" data-end=\"198\" \/>Pochodzenie: kolekcja prywatna, Wiede\u0144<br \/>\n<br data-start=\"259\" data-end=\"262\" \/>Urokliwa scena rodzajowa autorstwa Jerzego Kossaka, przedstawiaj\u0105ca spotkanie m\u0142odej dziewczyny i u\u0142ana przy koniu, na tle brzozowego zagajnika. Kompozycja emanuje liryzmem i nostalgiczn\u0105 atmosfer\u0105 mi\u0119dzywojennej Polski. Artysta z niezwyk\u0142\u0105 lekko\u015bci\u0105 uchwyci\u0142 nie tylko charakterystyczne stroje i sylwetki, lecz tak\u017ce nastrojow\u0105 aur\u0119 spotkania dwojga ludzi w sielankowej scenerii. Dzie\u0142o wyr\u00f3\u017cnia si\u0119 subtelnym \u015bwiat\u0142ocieniem, \u017cyw\u0105 kolorystyk\u0105 oraz dynamiczn\u0105, cho\u0107 kameraln\u0105 narracj\u0105. Obraz oprawiony jest w dekoracyjn\u0105 ram\u0119 z epoki.<\/p>","protected":false},"featured_media":8206,"template":"","meta":{"_monsterinsights_skip_tracking":false,"_monsterinsights_sitenote_active":false,"_monsterinsights_sitenote_note":"","_monsterinsights_sitenote_category":0,"_themeisle_gutenberg_block_has_review":false},"product_cat":[39],"product_tag":[340],"class_list":["post-8202","product","type-product","status-publish","has-post-thumbnail","hentry","product_cat-obrazy","product_tag-kossak","product_shipping_class-rodzaj-wysylki-3"],"aioseo_notices":[],"_links":{"self":[{"href":"https:\/\/kwintesencja.art\/en\/wp-json\/wp\/v2\/product\/8202","targetHints":{"allow":["GET"]}}],"collection":[{"href":"https:\/\/kwintesencja.art\/en\/wp-json\/wp\/v2\/product"}],"about":[{"href":"https:\/\/kwintesencja.art\/en\/wp-json\/wp\/v2\/types\/product"}],"wp:featuredmedia":[{"embeddable":true,"href":"https:\/\/kwintesencja.art\/en\/wp-json\/wp\/v2\/media\/8206"}],"wp:attachment":[{"href":"https:\/\/kwintesencja.art\/en\/wp-json\/wp\/v2\/media?parent=8202"}],"wp:term":[{"taxonomy":"product_cat","embeddable":true,"href":"https:\/\/kwintesencja.art\/en\/wp-json\/wp\/v2\/product_cat?post=8202"},{"taxonomy":"product_tag","embeddable":true,"href":"https:\/\/kwintesencja.art\/en\/wp-json\/wp\/v2\/product_tag?post=8202"}],"curies":[{"name":"wp","href":"https:\/\/api.w.org\/{rel}","templated":true}]}}